{"id":2549,"date":"2020-10-22T10:17:04","date_gmt":"2020-10-22T10:17:04","guid":{"rendered":"https:\/\/www.ibizagocar.eu\/servicios-ventajas-ibizagocar\/"},"modified":"2020-10-30T07:36:48","modified_gmt":"2020-10-30T07:36:48","slug":"servizi-vantaggi-ibizagocar","status":"publish","type":"page","link":"https:\/\/www.ibizagocar.com\/it\/servizi-vantaggi-ibizagocar\/","title":{"rendered":"Servizi e vantaggi di Ibizagocar"},"content":{"rendered":"\t\t<div data-elementor-type=\"wp-page\" data-elementor-id=\"2549\" class=\"elementor elementor-2549 elementor-2401\" data-elementor-post-type=\"page\">\n\t\t\t\t\t\t<section class=\"elementor-section elementor-top-section elementor-element elementor-element-faa9265 elementor-section-boxed elementor-section-height-default elementor-section-height-default\" data-id=\"faa9265\" data-element_type=\"section\" data-e-type=\"section\">\n\t\t\t\t\t\t<div class=\"elementor-container elementor-column-gap-default\">\n\t\t\t\t\t<div class=\"elementor-column elementor-col-100 elementor-top-column elementor-element elementor-element-8ba9763\" data-id=\"8ba9763\" data-element_type=\"column\" data-e-type=\"column\">\n\t\t\t<div class=\"elementor-widget-wrap elementor-element-populated\">\n\t\t\t\t\t\t<div class=\"elementor-element elementor-element-5626b84 elementor-widget elementor-widget-text-editor\" data-id=\"5626b84\" data-element_type=\"widget\" data-e-type=\"widget\" data-widget_type=\"text-editor.default\">\n\t\t\t\t<div class=\"elementor-widget-container\">\n\t\t\t\t\t\t\t\t\t<p>Ibizagocar \u00e8 formata da un team di professionisti a vostra disposizione in modo che pensi solo godere. La nostra missione \u00e8 di scoprire il modo facile di Ibiza, senza complicazioni. Noleggiare un&#8217;auto o una bicicletta e dimenticarti di fare code e di attesa di pieno sole, si sentirsi liberi e ottenere quello che vuoi in ogni momento.<\/p><p>Uno dei nostri vantaggi \u00e8 che abbiamo uffici sparsi in tutta l&#8217;isola, l&#8217;aeroporto di Ibiza, nel porto di Ibiza, Sant Antoni, den Spiaggia Bossa e Santa Eulalia per risolvere qualsiasi domanda che tu possa avere. Se preferisce prenotare il trasporto da casa pu\u00f2 farlo attraverso il nostro motore di riserve del sito o chiamateci per il 34 971 932 038.<\/p><p>Noi la differenza della qualit\u00e0. Auto e scooter in affitto sono sempre in perfette condizioni, recensione pi\u00f9 e pronto a lasciare in qualsiasi momento. Anche se emergenza abbiamo tecnico assistenza stradale ovunque voi affinch\u00e9 siate sempre tranquillo.<\/p><p>Anche noi faremo tutto in nostro potere per adattarsi a voi, si pu\u00f2 consegnare l&#8217;auto fuori orario d&#8217;ufficio o anche di fuori dell&#8217;ufficio. Abbiamo anche extra e accessori come sedie per i bambini in casa.<\/p><p>Tariffe comprendono affitto, assicurazione e tasse. Non include franchising n\u00e9 sicuro del franchise, essi variano secondo la categoria della vettura selezionata. Come per il carburante, noi lo consegneremo te pronto a muoversi, e chiediamo che si d\u00e0 noi uguale.<\/p><p>Come abbiamo detto, il nostro obiettivo \u00e8 quello di scoprire Ibiza senza complicazioni. Siamo una societ\u00e0 locale e siamo impegnati per un rapporto stretto, vogliamo farvi sentire a proprio agio e che si affidano a noi per esplorare questa splendida isola.<\/p>\t\t\t\t\t\t\t\t<\/div>\n\t\t\t\t<\/div>\n\t\t\t\t\t<\/div>\n\t\t<\/div>\n\t\t\t\t\t<\/div>\n\t\t<\/section>\n\t\t\t\t<\/div>\n\t\t","protected":false},"excerpt":{"rendered":"<p>Ibizagocar \u00e8 formata da un team di professionisti a vostra disposizione in modo che pensi solo godere. La nostra missione \u00e8 di scoprire il modo facile di Ibiza, senza complicazioni. Noleggiare un&#8217;auto o una bicicletta e dimenticarti di fare code e di attesa di pieno sole, si sentirsi liberi e ottenere quello che vuoi in [&hellip;]<\/p>\n","protected":false},"author":5,"featured_media":0,"parent":0,"menu_order":0,"comment_status":"closed","ping_status":"closed","template":"elementor_header_footer","meta":{"_acf_changed":false,"footnotes":""},"class_list":["post-2549","page","type-page","status-publish","hentry"],"acf":[],"_links":{"self":[{"href":"https:\/\/www.ibizagocar.com\/it\/wp-json\/wp\/v2\/pages\/2549","targetHints":{"allow":["GET"]}}],"collection":[{"href":"https:\/\/www.ibizagocar.com\/it\/wp-json\/wp\/v2\/pages"}],"about":[{"href":"https:\/\/www.ibizagocar.com\/it\/wp-json\/wp\/v2\/types\/page"}],"author":[{"embeddable":true,"href":"https:\/\/www.ibizagocar.com\/it\/wp-json\/wp\/v2\/users\/5"}],"replies":[{"embeddable":true,"href":"https:\/\/www.ibizagocar.com\/it\/wp-json\/wp\/v2\/comments?post=2549"}],"version-history":[{"count":0,"href":"https:\/\/www.ibizagocar.com\/it\/wp-json\/wp\/v2\/pages\/2549\/revisions"}],"wp:attachment":[{"href":"https:\/\/www.ibizagocar.com\/it\/wp-json\/wp\/v2\/media?parent=2549"}],"curies":[{"name":"wp","href":"https:\/\/api.w.org\/{rel}","templated":true}]}}