{"id":2583,"date":"2020-10-22T10:34:46","date_gmt":"2020-10-22T10:34:46","guid":{"rendered":"https:\/\/www.ibizagocar.eu\/aviso-legal\/"},"modified":"2025-08-28T08:05:33","modified_gmt":"2025-08-28T06:05:33","slug":"legal-notice","status":"publish","type":"page","link":"https:\/\/www.ibizagocar.com\/it\/legal-notice\/","title":{"rendered":"Avviso legale"},"content":{"rendered":"\t\t<div data-elementor-type=\"wp-page\" data-elementor-id=\"2583\" class=\"elementor elementor-2583 elementor-2434\" data-elementor-post-type=\"page\">\n\t\t\t\t\t\t<section class=\"elementor-section elementor-top-section elementor-element elementor-element-f627b8a elementor-section-boxed elementor-section-height-default elementor-section-height-default\" data-id=\"f627b8a\" data-element_type=\"section\" data-e-type=\"section\">\n\t\t\t\t\t\t<div class=\"elementor-container elementor-column-gap-default\">\n\t\t\t\t\t<div class=\"elementor-column elementor-col-100 elementor-top-column elementor-element elementor-element-615f71c\" data-id=\"615f71c\" data-element_type=\"column\" data-e-type=\"column\">\n\t\t\t<div class=\"elementor-widget-wrap elementor-element-populated\">\n\t\t\t\t\t\t<div class=\"elementor-element elementor-element-d810069 elementor-widget elementor-widget-text-editor\" data-id=\"d810069\" data-element_type=\"widget\" data-e-type=\"widget\" data-widget_type=\"text-editor.default\">\n\t\t\t\t<div class=\"elementor-widget-container\">\n\t\t\t\t\t\t\t\t\t<h4>LEGGE SUI SERVIZI DELLA SOCIET\u00c0 DELL&#8217;INFORMAZIONE (LSSI)<\/h4><p>AVANTCAR IBIZA, SL, responsabile del sito web, di seguito RESPONSABILE, mette a disposizione degli utenti il presente documento, con l&#8217;intento di adempiere agli obblighi previsti dalla Legge 34\/2002, dell&#8217;11 luglio, sui Servizi della Societ\u00e0 dell&#8217;Informazione e del Commercio Elettronico (LSSICE), BOE N.\u00ba 166, nonch\u00e9 di informare tutti gli utenti del sito web sulle condizioni d&#8217;uso.<\/p><p>Chiunque acceda a questo sito web assume il ruolo di utente, impegnandosi ad osservare e rispettare rigorosamente le disposizioni qui contenute, cos\u00ec come qualsiasi altra disposizione legale applicabile.<\/p><p>AVANTCAR IBIZA, SL si riserva il diritto di modificare qualsiasi tipo di informazione che potrebbe apparire sul sito web, senza alcun obbligo di preavviso o comunicazione agli utenti di tali modifiche, intendendo sufficiente la pubblicazione sul sito web di AVANTCAR IBIZA, SL.<\/p><h4>1. DATI IDENTIFICATIVI<\/h4><p>Nome di dominio: <a href=\"https:\/\/www.ibizagocar.com\/\">www.ibizagocar.com\/<\/a> Nome commerciale: CLASS BUSINESS GROUP Denominazione sociale: AVANTCAR IBIZA, SL NIF: B57444432<\/p><p>Sede legale: Avenida Cala Llonga, 131. Edificio Ibiza, Local 1, 07849 Cala Llonga, Santa Eulalia del R\u00edo (Illes Balears)<\/p><p>Telefono: 608 19 66 42<\/p><p>E-mail: <a href=\"mailto:lopd@classbusinessgroup.com\">lopd@classbusinessgroup.com<\/a><\/p><p>Tomo 336, Libro 334, Foglio 66, Sezione IB15636, Iscrizione 2\u00aa<\/p><h4>2. DIRITTI DI PROPRIET\u00c0 INTELLETTUALE E INDUSTRIALE<\/h4><p>Il sito web, comprensivo, a titolo esemplificativo ma non esaustivo, della sua programmazione, redazione, compilazione e degli altri elementi necessari per il suo funzionamento, i design, i loghi, il testo e\/o le grafiche, sono di propriet\u00e0 del RESPONSABILE o, se del caso, dispone di licenza o autorizzazione espressa da parte degli autori. Tutti i contenuti del sito web sono adeguatamente protetti dalla normativa sulla propriet\u00e0 intellettuale e industriale, nonch\u00e9 registrati nei pubblici registri competenti.<\/p><p>Indipendentemente dalla finalit\u00e0 per cui sono destinati, la riproduzione totale o parziale, l&#8217;uso, lo sfruttamento, la distribuzione e la commercializzazione richiedono sempre l&#8217;autorizzazione scritta preventiva del RESPONSABILE. Qualsiasi uso non autorizzato costituisce una violazione grave dei diritti di propriet\u00e0 intellettuale o industriale dell&#8217;autore.<\/p><p>I design, i loghi, il testo e\/o le grafiche non appartenenti al RESPONSABILE e che potrebbero apparire sul sito web, sono di propriet\u00e0 dei rispettivi proprietari, i quali sono responsabili di qualsiasi possibile controversia. Il RESPONSABILE autorizza espressamente terzi a reindirizzare direttamente ai contenuti specifici del sito web, e in ogni caso a reindirizzare al sito web principale di <a href=\"https:\/\/www.ibizagocar.com\/\">www.ibizagocar.com\/.<\/a><\/p><p>Il RESPONSABILE riconosce a favore dei rispettivi titolari i corrispondenti diritti di propriet\u00e0 intellettuale e industriale, senza che la loro menzione o apparizione sul sito web implichi l&#8217;esistenza di diritti o responsabilit\u00e0 su di essi, n\u00e9 alcun tipo di sostegno, sponsorizzazione o raccomandazione da parte dello stesso.<\/p><p>Per segnalare eventuali violazioni dei diritti di propriet\u00e0 intellettuale o industriale, nonch\u00e9 su qualsiasi contenuto del sito web, \u00e8 possibile farlo tramite e-mail a <a href=\"mailto:lopd@classbusinessgroup.com\">lopd@classbusinessgroup.com.<\/a><\/p><h4>3. ESCLUSIONE DI RESPONSABILIT\u00c0<\/h4><p>Il RESPONSABILE declina qualsiasi responsabilit\u00e0 derivante dalle informazioni pubblicate sul suo sito web, a condizione che non abbia conoscenza effettiva che tali informazioni siano state manipolate o inserite da terzi estranei ad esso o, se ne ha conoscenza, abbia agito diligentemente per rimuovere i dati o rendere impossibile l&#8217;accesso ad essi.<\/p><h4>Utilizzo dei Cookie<\/h4><p>Questo sito web potrebbe utilizzare cookie tecnici (piccoli file di informazioni inviati dal server al computer dell&#8217;utente che accede alla pagina) per svolgere determinate funzioni considerate essenziali per il corretto funzionamento e la visualizzazione del sito. I cookie utilizzati hanno sempre carattere temporaneo, al solo scopo di rendere pi\u00f9 efficiente la navigazione, e scompaiono alla fine della sessione dell&#8217;utente. In nessun caso tali cookie forniscono dati personali e non saranno utilizzati per la loro raccolta.<\/p><p>Attraverso l&#8217;uso dei cookie \u00e8 inoltre possibile che il server in cui \u00e8 ospitato il sito web riconosca il browser utilizzato dall&#8217;utente al fine di rendere la navigazione pi\u00f9 semplice, consentendo ad esempio l&#8217;accesso agli utenti gi\u00e0 registrati alle aree, servizi, promozioni o concorsi riservati loro senza necessit\u00e0 di registrazione ad ogni visita. Possono anche essere utilizzati per misurare l&#8217;audience, i parametri del traffico, controllare il progresso e il numero di ingressi, ecc., in questi casi i cookie sono tecnicamente facoltativi ma vantaggiosi per l&#8217;utente. Questo sito web non installer\u00e0 cookie facoltativi senza il previo consenso dell&#8217;utente.<\/p><p>Questo sito web utilizza cookie propri e di terze parti per scopi analitici e per mostrare pubblicit\u00e0 personalizzata basata su un profilo elaborato dai suoi comportamenti di navigazione (ad esempio, pagine visitate). A tutti gli utenti che visitano il sito web viene comunicato l&#8217;utilizzo di tali cookie attraverso un banner fluttuante. Nel caso di accettazione del loro utilizzo, il banner scomparir\u00e0, ma in ogni momento sar\u00e0 possibile revocare il consenso e ottenere ulteriori informazioni consultando la nostra Politica sui cookie.<\/p><p>L&#8217;utente ha la possibilit\u00e0 di configurare il proprio browser per essere avvisato della ricezione dei cookie e per impedirne l&#8217;installazione sul proprio dispositivo. Si prega di consultare le istruzioni del proprio browser per maggiori dettagli.<\/p><h4>Politica sui Collegamenti<\/h4><p>Dal sito web \u00e8 possibile essere reindirizzati a contenuti di siti web di terze parti. Poich\u00e9 il RESPONSABILE non pu\u00f2 sempre controllare i contenuti inseriti da terzi nei rispettivi siti web, non assume alcuna responsabilit\u00e0 per tali contenuti. In ogni caso, proceder\u00e0 immediatamente alla rimozione di qualsiasi contenuto che possa violare la legislazione nazionale o internazionale, la morale o l&#8217;ordine pubblico, procedendo immediatamente alla rimozione del reindirizzamento a tale sito web, informando le autorit\u00e0 competenti del contenuto in questione.<\/p><p>Il RESPONSABILE non si assume alcuna responsabilit\u00e0 per le informazioni e i contenuti memorizzati, ad esempio ma non solo, in forum, chat, blog, commenti, social media o qualsiasi altro mezzo che consenta a terzi di pubblicare contenuti in modo indipendente sulla pagina web del RESPONSABILE. Tuttavia, e in conformit\u00e0 con quanto previsto dagli articoli 11 e 16 della LSSICE, si mette a disposizione di tutti gli utenti, autorit\u00e0 e forze di sicurezza, collaborando attivamente nella rimozione o, se del caso, nel blocco di tutti quei contenuti che potrebbero violare o contravvenire la legislazione nazionale o internazionale, i diritti di terzi o la morale e l&#8217;ordine pubblico. Nel caso in cui l&#8217;utente ritenga che sul sito web sia presente un contenuto che potrebbe essere classificato in questa categoria, si prega di notificarlo immediatamente all&#8217;amministratore del sito web.<\/p><p>Questo sito web \u00e8 stato esaminato e testato per garantirne il corretto funzionamento. In linea di principio, il corretto funzionamento pu\u00f2 essere garantito 365 giorni all&#8217;anno, 24 ore al giorno. Tuttavia, il RESPONSABILE non esclude la possibilit\u00e0 che esistano alcuni errori di programmazione, o che possano verificarsi cause di forza maggiore, catastrofi naturali, scioperi o circostanze simili che rendano impossibile l&#8217;accesso al sito web.<\/p><h4>Indirizzi IP<\/h4><p>I server del sito web possono rilevare automaticamente l&#8217;indirizzo IP e il nome di dominio utilizzati dall&#8217;utente. Un indirizzo IP \u00e8 un numero assegnato automaticamente a un computer quando si collega a Internet. Tutte queste informazioni vengono registrate in un file di attivit\u00e0 del server debitamente registrato che consente il successivo trattamento dei dati al fine di ottenere solo misurazioni statistiche che consentono di conoscere il numero di impressioni di pagine, il numero di visite ai server web, l&#8217;ordine delle visite, il punto di accesso, ecc.<\/p><h4>4. LEGGE APPLICABILE E GIURISDIZIONE<\/h4><p>Per la risoluzione di tutte le controversie o questioni relative al presente sito web o alle attivit\u00e0 in esso svolte, si applica la legislazione spagnola, alle quali le parti si sottopongono espressamente, essendo competenti per la risoluzione di tutti i conflitti derivanti o relativi al suo utilizzo i Tribunali del domicilio dell&#8217;UTENTE o il luogo di adempimento dell&#8217;obbligazione.<\/p>\t\t\t\t\t\t\t\t<\/div>\n\t\t\t\t<\/div>\n\t\t\t\t\t<\/div>\n\t\t<\/div>\n\t\t\t\t\t<\/div>\n\t\t<\/section>\n\t\t\t\t<\/div>\n\t\t","protected":false},"excerpt":{"rendered":"<p>LEGGE SUI SERVIZI DELLA SOCIET\u00c0 DELL&#8217;INFORMAZIONE (LSSI) AVANTCAR IBIZA, SL, responsabile del sito web, di seguito RESPONSABILE, mette a disposizione degli utenti il presente documento, con l&#8217;intento di adempiere agli obblighi previsti dalla Legge 34\/2002, dell&#8217;11 luglio, sui Servizi della Societ\u00e0 dell&#8217;Informazione e del Commercio Elettronico (LSSICE), BOE N.\u00ba 166, nonch\u00e9 di informare tutti gli [&hellip;]<\/p>\n","protected":false},"author":5,"featured_media":0,"parent":0,"menu_order":0,"comment_status":"closed","ping_status":"closed","template":"elementor_header_footer","meta":{"_acf_changed":false,"footnotes":""},"class_list":["post-2583","page","type-page","status-publish","hentry"],"acf":[],"_links":{"self":[{"href":"https:\/\/www.ibizagocar.com\/it\/wp-json\/wp\/v2\/pages\/2583","targetHints":{"allow":["GET"]}}],"collection":[{"href":"https:\/\/www.ibizagocar.com\/it\/wp-json\/wp\/v2\/pages"}],"about":[{"href":"https:\/\/www.ibizagocar.com\/it\/wp-json\/wp\/v2\/types\/page"}],"author":[{"embeddable":true,"href":"https:\/\/www.ibizagocar.com\/it\/wp-json\/wp\/v2\/users\/5"}],"replies":[{"embeddable":true,"href":"https:\/\/www.ibizagocar.com\/it\/wp-json\/wp\/v2\/comments?post=2583"}],"version-history":[{"count":0,"href":"https:\/\/www.ibizagocar.com\/it\/wp-json\/wp\/v2\/pages\/2583\/revisions"}],"wp:attachment":[{"href":"https:\/\/www.ibizagocar.com\/it\/wp-json\/wp\/v2\/media?parent=2583"}],"curies":[{"name":"wp","href":"https:\/\/api.w.org\/{rel}","templated":true}]}}