{"id":2594,"date":"2020-10-22T10:19:40","date_gmt":"2020-10-22T10:19:40","guid":{"rendered":"https:\/\/www.ibizagocar.eu\/alquiler-todo-terrenos-en-ibiza\/"},"modified":"2020-10-30T07:26:57","modified_gmt":"2020-10-30T07:26:57","slug":"suv-noleggio-ibiza","status":"publish","type":"page","link":"https:\/\/www.ibizagocar.com\/it\/suv-noleggio-ibiza\/","title":{"rendered":"SUV Noleggio a Ibiza"},"content":{"rendered":"\t\t<div data-elementor-type=\"wp-page\" data-elementor-id=\"2594\" class=\"elementor elementor-2594 elementor-2413\" data-elementor-post-type=\"page\">\n\t\t\t\t\t\t<section class=\"elementor-section elementor-top-section elementor-element elementor-element-9218f66 elementor-section-boxed elementor-section-height-default elementor-section-height-default\" data-id=\"9218f66\" data-element_type=\"section\" data-e-type=\"section\">\n\t\t\t\t\t\t<div class=\"elementor-container elementor-column-gap-default\">\n\t\t\t\t\t<div class=\"elementor-column elementor-col-100 elementor-top-column elementor-element elementor-element-bf7d322\" data-id=\"bf7d322\" data-element_type=\"column\" data-e-type=\"column\">\n\t\t\t<div class=\"elementor-widget-wrap elementor-element-populated\">\n\t\t\t\t\t\t<div class=\"elementor-element elementor-element-ae5d330 elementor-widget elementor-widget-text-editor\" data-id=\"ae5d330\" data-element_type=\"widget\" data-e-type=\"widget\" data-widget_type=\"text-editor.default\">\n\t\t\t\t<div class=\"elementor-widget-container\">\n\t\t\t\t\t\t\t\t\t<p>Se siete avventurosi, affittare un fuoristrada a Ibiza e venire a posti meravigliosi. Sentire l&#8217;adrenalina e la potenza di una jeep o di una Mercedes e scoprire le baie pi\u00f9 nascoste dell&#8217;isola. Sono vetture ad alte e pi\u00f9 sicuri con il quale sarete totalmente sicuri e facilmente fare molti angoli della geografia Ibicenca che solo un sapere pochi privilegiati.<\/p><p>Noi puntiamo sulla qualit\u00e0 e le auto fuoristrada hanno i marchi pi\u00f9 prestigiosi del mercato al fine di garantire i pi\u00f9 recenti sviluppi del mercato. L&#8217;affitto di una 4&#215;4 sar\u00e0 ideale per esplorare e scoprire da soli l&#8217;isola del Mediterraneo, come si pu\u00f2 liberamente lasciare l&#8217;asfalto e guida verso il basso campo, in spiaggia o in montagna e scoprire paesaggi che non si poteva ottenere un altro veicolo.<\/p>\t\t\t\t\t\t\t\t<\/div>\n\t\t\t\t<\/div>\n\t\t\t\t\t<\/div>\n\t\t<\/div>\n\t\t\t\t\t<\/div>\n\t\t<\/section>\n\t\t\t\t<\/div>\n\t\t","protected":false},"excerpt":{"rendered":"<p>Se siete avventurosi, affittare un fuoristrada a Ibiza e venire a posti meravigliosi. Sentire l&#8217;adrenalina e la potenza di una jeep o di una Mercedes e scoprire le baie pi\u00f9 nascoste dell&#8217;isola. Sono vetture ad alte e pi\u00f9 sicuri con il quale sarete totalmente sicuri e facilmente fare molti angoli della geografia Ibicenca che solo [&hellip;]<\/p>\n","protected":false},"author":5,"featured_media":0,"parent":0,"menu_order":0,"comment_status":"closed","ping_status":"closed","template":"","meta":{"_acf_changed":false,"footnotes":""},"class_list":["post-2594","page","type-page","status-publish","hentry"],"acf":[],"_links":{"self":[{"href":"https:\/\/www.ibizagocar.com\/it\/wp-json\/wp\/v2\/pages\/2594","targetHints":{"allow":["GET"]}}],"collection":[{"href":"https:\/\/www.ibizagocar.com\/it\/wp-json\/wp\/v2\/pages"}],"about":[{"href":"https:\/\/www.ibizagocar.com\/it\/wp-json\/wp\/v2\/types\/page"}],"author":[{"embeddable":true,"href":"https:\/\/www.ibizagocar.com\/it\/wp-json\/wp\/v2\/users\/5"}],"replies":[{"embeddable":true,"href":"https:\/\/www.ibizagocar.com\/it\/wp-json\/wp\/v2\/comments?post=2594"}],"version-history":[{"count":0,"href":"https:\/\/www.ibizagocar.com\/it\/wp-json\/wp\/v2\/pages\/2594\/revisions"}],"wp:attachment":[{"href":"https:\/\/www.ibizagocar.com\/it\/wp-json\/wp\/v2\/media?parent=2594"}],"curies":[{"name":"wp","href":"https:\/\/api.w.org\/{rel}","templated":true}]}}