{"id":2601,"date":"2020-10-22T10:21:12","date_gmt":"2020-10-22T10:21:12","guid":{"rendered":"https:\/\/www.ibizagocar.eu\/alquiler-scooters-motos\/"},"modified":"2023-10-05T09:27:56","modified_gmt":"2023-10-05T09:27:56","slug":"noleggio-scooter-moto-ibiza","status":"publish","type":"page","link":"https:\/\/www.ibizagocar.com\/it\/noleggio-scooter-moto-ibiza\/","title":{"rendered":"Noleggio scooter e moto a Ibiza"},"content":{"rendered":"\t\t<div data-elementor-type=\"wp-page\" data-elementor-id=\"2601\" class=\"elementor elementor-2601 elementor-2421\" data-elementor-post-type=\"page\">\n\t\t\t\t\t\t<section class=\"elementor-section elementor-top-section elementor-element elementor-element-809a3ca elementor-section-boxed elementor-section-height-default elementor-section-height-default\" data-id=\"809a3ca\" data-element_type=\"section\" data-e-type=\"section\">\n\t\t\t\t\t\t<div class=\"elementor-container elementor-column-gap-default\">\n\t\t\t\t\t<div class=\"elementor-column elementor-col-100 elementor-top-column elementor-element elementor-element-dfeef48\" data-id=\"dfeef48\" data-element_type=\"column\" data-e-type=\"column\">\n\t\t\t<div class=\"elementor-widget-wrap elementor-element-populated\">\n\t\t\t\t\t\t<div class=\"elementor-element elementor-element-64c2207 elementor-widget elementor-widget-text-editor\" data-id=\"64c2207\" data-element_type=\"widget\" data-e-type=\"widget\" data-widget_type=\"text-editor.default\">\n\t\t\t\t<div class=\"elementor-widget-container\">\n\t\t\t\t\t\t\t\t\t<p>Ibiza \u00e8 l&#8217;ideale per noleggiare una bicicletta. La geografia dell&#8217;isola non ci sono grandi distanze e luoghi di interesse si trovano nelle vicinanze. Questi veicoli sono molto facili da parcheggiare, ti danno l&#8217;agilit\u00e0 di non perdere un secondo e, soprattutto, sono molto economici.<\/p><p>In Ibizagocar hanno scooter 50cc e 125 cc per la spesa della benzina \u00e8 molto bassa e pu\u00f2 dare tutti i giri che si desidera. E &#8216;il veicolo della nostra Rent a Car si uscir\u00e0 con pi\u00f9 conveniente e si pu\u00f2 godere come un bambino. Si pu\u00f2 sentire il vento, la brezza del mare e pu\u00f2 essere una scusa per qualcuno a &#8221; hold &#8221; a voi \ud83d\ude09<\/p><p>Noleggiare una bicicletta vi dar\u00e0 la libert\u00e0 di muoversi dove si vuole spendere molto poco denaro. Si pu\u00f2 andare al mare e tornare in albergo ogni volta che si desidera o andare in centro senza preoccuparsi se si stanno ottenendo il parcheggio sono vantaggi Tutto!<\/p>\t\t\t\t\t\t\t\t<\/div>\n\t\t\t\t<\/div>\n\t\t\t\t\t<\/div>\n\t\t<\/div>\n\t\t\t\t\t<\/div>\n\t\t<\/section>\n\t\t\t\t<\/div>\n\t\t","protected":false},"excerpt":{"rendered":"<p>Ibiza \u00e8 l&#8217;ideale per noleggiare una bicicletta. La geografia dell&#8217;isola non ci sono grandi distanze e luoghi di interesse si trovano nelle vicinanze. Questi veicoli sono molto facili da parcheggiare, ti danno l&#8217;agilit\u00e0 di non perdere un secondo e, soprattutto, sono molto economici. In Ibizagocar hanno scooter 50cc e 125 cc per la spesa della [&hellip;]<\/p>\n","protected":false},"author":5,"featured_media":0,"parent":0,"menu_order":0,"comment_status":"closed","ping_status":"closed","template":"elementor_header_footer","meta":{"_acf_changed":false,"footnotes":""},"class_list":["post-2601","page","type-page","status-publish","hentry"],"acf":[],"_links":{"self":[{"href":"https:\/\/www.ibizagocar.com\/it\/wp-json\/wp\/v2\/pages\/2601","targetHints":{"allow":["GET"]}}],"collection":[{"href":"https:\/\/www.ibizagocar.com\/it\/wp-json\/wp\/v2\/pages"}],"about":[{"href":"https:\/\/www.ibizagocar.com\/it\/wp-json\/wp\/v2\/types\/page"}],"author":[{"embeddable":true,"href":"https:\/\/www.ibizagocar.com\/it\/wp-json\/wp\/v2\/users\/5"}],"replies":[{"embeddable":true,"href":"https:\/\/www.ibizagocar.com\/it\/wp-json\/wp\/v2\/comments?post=2601"}],"version-history":[{"count":0,"href":"https:\/\/www.ibizagocar.com\/it\/wp-json\/wp\/v2\/pages\/2601\/revisions"}],"wp:attachment":[{"href":"https:\/\/www.ibizagocar.com\/it\/wp-json\/wp\/v2\/media?parent=2601"}],"curies":[{"name":"wp","href":"https:\/\/api.w.org\/{rel}","templated":true}]}}