{"id":2609,"date":"2020-10-22T10:18:56","date_gmt":"2020-10-22T10:18:56","guid":{"rendered":"https:\/\/www.ibizagocar.eu\/alquiler-furgonetas-vehiculos-familiares-minibuses\/"},"modified":"2020-10-30T07:23:07","modified_gmt":"2020-10-30T07:23:07","slug":"noleggio-furgoni-veicoli-della-famiglia-mini-bus-ibiza","status":"publish","type":"page","link":"https:\/\/www.ibizagocar.com\/it\/noleggio-furgoni-veicoli-della-famiglia-mini-bus-ibiza\/","title":{"rendered":"Noleggio furgoni a Ibiza, veicoli della famiglia e mini-bus"},"content":{"rendered":"\t\t<div data-elementor-type=\"wp-page\" data-elementor-id=\"2609\" class=\"elementor elementor-2609 elementor-2409\" data-elementor-post-type=\"page\">\n\t\t\t\t\t\t<section class=\"elementor-section elementor-top-section elementor-element elementor-element-dc32331 elementor-section-boxed elementor-section-height-default elementor-section-height-default\" data-id=\"dc32331\" data-element_type=\"section\" data-e-type=\"section\">\n\t\t\t\t\t\t<div class=\"elementor-container elementor-column-gap-default\">\n\t\t\t\t\t<div class=\"elementor-column elementor-col-100 elementor-top-column elementor-element elementor-element-b74395a\" data-id=\"b74395a\" data-element_type=\"column\" data-e-type=\"column\">\n\t\t\t<div class=\"elementor-widget-wrap elementor-element-populated\">\n\t\t\t\t\t\t<div class=\"elementor-element elementor-element-11058af elementor-widget elementor-widget-text-editor\" data-id=\"11058af\" data-element_type=\"widget\" data-e-type=\"widget\" data-widget_type=\"text-editor.default\">\n\t\t\t\t<div class=\"elementor-widget-container\">\n\t\t\t\t\t\t\t\t\t<p>Affitto un furgone, una famiglia di veicoli o un mini-bus a Ibiza \u00e8 la migliore opzione se siete pi\u00f9 di cinque o se bisogno di spazio supplementare per i bagagli. Andare insieme sar\u00e0 pi\u00f9 confortevole, economico e divertente!<\/p><p>Se avete che affittare due auto sar\u00e0 essere pi\u00f9 costosi e pi\u00f9 ingombranti che affittare solo una macchina grande. Nel nostro parco troverete veicoli di 7 e 9 quadrati che accetti a tutti insieme alla vostra destinazione.<\/p><p>Abbiamo non so molto bene perch\u00e9, ma andare su queste vetture o mini-bus \u00e8 pi\u00f9 divertente di andare su un turismo normale e ci lasciano con il desiderio di cantare e divertirsi quando siamo sulla strada. Per un gruppo di amici \u00e8 la scelta perfetta, poich\u00e9 \u00e8 possibile divertirsi senza dover dividere si.<\/p>\t\t\t\t\t\t\t\t<\/div>\n\t\t\t\t<\/div>\n\t\t\t\t\t<\/div>\n\t\t<\/div>\n\t\t\t\t\t<\/div>\n\t\t<\/section>\n\t\t\t\t<\/div>\n\t\t","protected":false},"excerpt":{"rendered":"<p>Affitto un furgone, una famiglia di veicoli o un mini-bus a Ibiza \u00e8 la migliore opzione se siete pi\u00f9 di cinque o se bisogno di spazio supplementare per i bagagli. Andare insieme sar\u00e0 pi\u00f9 confortevole, economico e divertente! Se avete che affittare due auto sar\u00e0 essere pi\u00f9 costosi e pi\u00f9 ingombranti che affittare solo una [&hellip;]<\/p>\n","protected":false},"author":5,"featured_media":0,"parent":0,"menu_order":0,"comment_status":"closed","ping_status":"closed","template":"elementor_header_footer","meta":{"_acf_changed":false,"footnotes":""},"class_list":["post-2609","page","type-page","status-publish","hentry"],"acf":[],"_links":{"self":[{"href":"https:\/\/www.ibizagocar.com\/it\/wp-json\/wp\/v2\/pages\/2609","targetHints":{"allow":["GET"]}}],"collection":[{"href":"https:\/\/www.ibizagocar.com\/it\/wp-json\/wp\/v2\/pages"}],"about":[{"href":"https:\/\/www.ibizagocar.com\/it\/wp-json\/wp\/v2\/types\/page"}],"author":[{"embeddable":true,"href":"https:\/\/www.ibizagocar.com\/it\/wp-json\/wp\/v2\/users\/5"}],"replies":[{"embeddable":true,"href":"https:\/\/www.ibizagocar.com\/it\/wp-json\/wp\/v2\/comments?post=2609"}],"version-history":[{"count":0,"href":"https:\/\/www.ibizagocar.com\/it\/wp-json\/wp\/v2\/pages\/2609\/revisions"}],"wp:attachment":[{"href":"https:\/\/www.ibizagocar.com\/it\/wp-json\/wp\/v2\/media?parent=2609"}],"curies":[{"name":"wp","href":"https:\/\/api.w.org\/{rel}","templated":true}]}}