{"id":2622,"date":"2020-10-22T10:18:11","date_gmt":"2020-10-22T10:18:11","guid":{"rendered":"https:\/\/www.ibizagocar.eu\/alquiler-coches-turismo\/"},"modified":"2020-10-29T10:59:35","modified_gmt":"2020-10-29T10:59:35","slug":"noleggio-auto-ibiza-2","status":"publish","type":"page","link":"https:\/\/www.ibizagocar.com\/it\/noleggio-auto-ibiza-2\/","title":{"rendered":"Noleggio di auto a Ibiza"},"content":{"rendered":"\t\t<div data-elementor-type=\"wp-page\" data-elementor-id=\"2622\" class=\"elementor elementor-2622 elementor-2405\" data-elementor-post-type=\"page\">\n\t\t\t\t\t\t<section class=\"elementor-section elementor-top-section elementor-element elementor-element-256b842 elementor-section-boxed elementor-section-height-default elementor-section-height-default\" data-id=\"256b842\" data-element_type=\"section\" data-e-type=\"section\">\n\t\t\t\t\t\t<div class=\"elementor-container elementor-column-gap-default\">\n\t\t\t\t\t<div class=\"elementor-column elementor-col-100 elementor-top-column elementor-element elementor-element-645bb32\" data-id=\"645bb32\" data-element_type=\"column\" data-e-type=\"column\">\n\t\t\t<div class=\"elementor-widget-wrap elementor-element-populated\">\n\t\t\t\t\t\t<div class=\"elementor-element elementor-element-1c0c1eb elementor-widget elementor-widget-text-editor\" data-id=\"1c0c1eb\" data-element_type=\"widget\" data-e-type=\"widget\" data-widget_type=\"text-editor.default\">\n\t\t\t\t<div class=\"elementor-widget-container\">\n\t\t\t\t\t\t\t\t\t<p>Ibiza ha molti luoghi da scoprire, e anche se si tratta di un piccolo, andare sull&#8217;isola di piede non \u00e8 la scelta migliore dato che suoi 60 km di lunghezza sarebbe pesante. Auto a noleggio vi permetter\u00e0 di godere appieno la vostra vacanza, senza indugio e in piena indipendenza. Si pu\u00f2 fare quello che vuoi senza pensare di pianificazioni o lunghe code.<\/p><p>A Ibizagocar abbiamo una grande flotta di veicoli o autovetture tra cui \u00e8 possibile scegliere un piccolo, facile da parcheggiare ovunque, auto comoda e pratica. Se si preferisce che si pu\u00f2 optare per un&#8217;auto di famiglia con un sacco di spazio per portare le valigie, che \u00e8 pi\u00f9 robusto e sicuro. \u00c8 possibile anche scegliere un&#8217;auto nuova o con pochi chilometri, diamo opzioni, scegli quello che ti piace.<\/p><p>Con una macchina dell&#8217;affitto pu\u00f2 arrivare a luoghi cos\u00ec incredibile come Sant Antoni di Portmany e perderti nelle loro strade o visitare le calette vicine Cala Graci\u00f3 o Cala sale. Inoltre vi consigliamo di fare un giro lungo la costa sud-ovest per ammirare la bellezza delle sue spiagge e salire al Port de Sant Miquel di andare alla grotta di C&#8217;an Mar\u00e7\u00e0.<\/p><p>Il vostro comfort \u00e8 il nostro scopo e si desidera noleggiare un&#8217;auto \u00e8 molto facile e veloce in modo che possano godere quanto prima. Abbiamo uffici in aeroporto di Ibiza, nel porto di Ibiza, Sant Antoni, il Playa den Bossa e Santa Eulalia per aiutarvi quando ne avete bisogno<\/p>\t\t\t\t\t\t\t\t<\/div>\n\t\t\t\t<\/div>\n\t\t\t\t\t<\/div>\n\t\t<\/div>\n\t\t\t\t\t<\/div>\n\t\t<\/section>\n\t\t\t\t<\/div>\n\t\t","protected":false},"excerpt":{"rendered":"<p>Ibiza ha molti luoghi da scoprire, e anche se si tratta di un piccolo, andare sull&#8217;isola di piede non \u00e8 la scelta migliore dato che suoi 60 km di lunghezza sarebbe pesante. Auto a noleggio vi permetter\u00e0 di godere appieno la vostra vacanza, senza indugio e in piena indipendenza. Si pu\u00f2 fare quello che vuoi [&hellip;]<\/p>\n","protected":false},"author":5,"featured_media":0,"parent":0,"menu_order":0,"comment_status":"closed","ping_status":"closed","template":"elementor_header_footer","meta":{"_acf_changed":false,"footnotes":""},"class_list":["post-2622","page","type-page","status-publish","hentry"],"acf":[],"_links":{"self":[{"href":"https:\/\/www.ibizagocar.com\/it\/wp-json\/wp\/v2\/pages\/2622","targetHints":{"allow":["GET"]}}],"collection":[{"href":"https:\/\/www.ibizagocar.com\/it\/wp-json\/wp\/v2\/pages"}],"about":[{"href":"https:\/\/www.ibizagocar.com\/it\/wp-json\/wp\/v2\/types\/page"}],"author":[{"embeddable":true,"href":"https:\/\/www.ibizagocar.com\/it\/wp-json\/wp\/v2\/users\/5"}],"replies":[{"embeddable":true,"href":"https:\/\/www.ibizagocar.com\/it\/wp-json\/wp\/v2\/comments?post=2622"}],"version-history":[{"count":0,"href":"https:\/\/www.ibizagocar.com\/it\/wp-json\/wp\/v2\/pages\/2622\/revisions"}],"wp:attachment":[{"href":"https:\/\/www.ibizagocar.com\/it\/wp-json\/wp\/v2\/media?parent=2622"}],"curies":[{"name":"wp","href":"https:\/\/api.w.org\/{rel}","templated":true}]}}