{"id":2629,"date":"2020-10-22T10:15:29","date_gmt":"2020-10-22T10:15:29","guid":{"rendered":"https:\/\/www.ibizagocar.eu\/alquiler-coches-motos-puerto-ibiza\/"},"modified":"2020-10-29T10:58:22","modified_gmt":"2020-10-29T10:58:22","slug":"noleggio-auto-moto-porto-di-ibiza","status":"publish","type":"page","link":"https:\/\/www.ibizagocar.com\/it\/noleggio-auto-moto-porto-di-ibiza\/","title":{"rendered":"Noleggio auto \/ moto nel porto di Ibiza"},"content":{"rendered":"\t\t<div data-elementor-type=\"wp-page\" data-elementor-id=\"2629\" class=\"elementor elementor-2629 elementor-2396\" data-elementor-post-type=\"page\">\n\t\t\t\t\t\t<section class=\"elementor-section elementor-top-section elementor-element elementor-element-8d26f8b elementor-section-boxed elementor-section-height-default elementor-section-height-default\" data-id=\"8d26f8b\" data-element_type=\"section\" data-e-type=\"section\">\n\t\t\t\t\t\t<div class=\"elementor-container elementor-column-gap-default\">\n\t\t\t\t\t<div class=\"elementor-column elementor-col-100 elementor-top-column elementor-element elementor-element-6aab8e9\" data-id=\"6aab8e9\" data-element_type=\"column\" data-e-type=\"column\">\n\t\t\t<div class=\"elementor-widget-wrap elementor-element-populated\">\n\t\t\t\t\t\t<div class=\"elementor-element elementor-element-bf0f88b elementor-widget elementor-widget-text-editor\" data-id=\"bf0f88b\" data-element_type=\"widget\" data-e-type=\"widget\" data-widget_type=\"text-editor.default\">\n\t\t\t\t<div class=\"elementor-widget-container\">\n\t\t\t\t\t\t\t\t\t<p>Noleggio auto nel porto di Ibiza \u00e8 la migliore opzione se si arriva in barca o in crociera. Non perdere tempo alla ricerca di un affitto di un auto oa piedi per una lontana, ora Ibizagocar \u00e8 possibile sbarcare e gi\u00e0 avere la macchina pronta per iniziare l&#8217;avventura. Il mare \u00e8 il legame tra Ibiza e l&#8217;altro Isole Baleari penisola, \u00e8 stato il nostro modo di comunicare con il resto del mondo per molti anni. Il mare per noi \u00e8 la pace e la tranquillit\u00e0, e cos\u00ec vogliamo che tu voglia, vogliamo che si arriva a Ibiza e non dovr\u00e0 preoccuparsi di nulla.<\/p><p>Per questo motivo, non poteva mancare un noleggio auto nel porto con una vasta gamma di veicoli. Nella nostra flotta si trova da automobili compatte a vetture di lusso, ai SUV e moto. Tutto il necessario per uscire Ibiza fuori e non perdere nulla.<\/p><p>Noleggiare un&#8217;auto \u00e8 una grande opzione, ma assumendo uno scooter a Ibiza pu\u00f2 essere meglio reffering avete. Con una bicicletta si raggiunge con il fascino nascosto che vi far\u00e0 scoprire gli angoli dell&#8217;isola altrimenti.<\/p><p>In Ibizagocar impegnata a qualit\u00e0 e vicinanza, noi siamo una societ\u00e0 locale e hanno diversi punti di servizio al cliente sull&#8217;isola per garantire il miglior servizio ai nostri clienti ad un prezzo molto competitivo. Con noi si pu\u00f2 noleggiare l&#8217;auto o la moto che meglio si adatta alle proprie esigenze direttamente nel porto di Ibiza e iniziare a godere l&#8217;isola da ora!<\/p>\t\t\t\t\t\t\t\t<\/div>\n\t\t\t\t<\/div>\n\t\t\t\t\t<\/div>\n\t\t<\/div>\n\t\t\t\t\t<\/div>\n\t\t<\/section>\n\t\t\t\t<\/div>\n\t\t","protected":false},"excerpt":{"rendered":"<p>Noleggio auto nel porto di Ibiza \u00e8 la migliore opzione se si arriva in barca o in crociera. Non perdere tempo alla ricerca di un affitto di un auto oa piedi per una lontana, ora Ibizagocar \u00e8 possibile sbarcare e gi\u00e0 avere la macchina pronta per iniziare l&#8217;avventura. Il mare \u00e8 il legame tra Ibiza [&hellip;]<\/p>\n","protected":false},"author":5,"featured_media":0,"parent":0,"menu_order":0,"comment_status":"closed","ping_status":"closed","template":"elementor_header_footer","meta":{"_acf_changed":false,"footnotes":""},"class_list":["post-2629","page","type-page","status-publish","hentry"],"acf":[],"_links":{"self":[{"href":"https:\/\/www.ibizagocar.com\/it\/wp-json\/wp\/v2\/pages\/2629","targetHints":{"allow":["GET"]}}],"collection":[{"href":"https:\/\/www.ibizagocar.com\/it\/wp-json\/wp\/v2\/pages"}],"about":[{"href":"https:\/\/www.ibizagocar.com\/it\/wp-json\/wp\/v2\/types\/page"}],"author":[{"embeddable":true,"href":"https:\/\/www.ibizagocar.com\/it\/wp-json\/wp\/v2\/users\/5"}],"replies":[{"embeddable":true,"href":"https:\/\/www.ibizagocar.com\/it\/wp-json\/wp\/v2\/comments?post=2629"}],"version-history":[{"count":0,"href":"https:\/\/www.ibizagocar.com\/it\/wp-json\/wp\/v2\/pages\/2629\/revisions"}],"wp:attachment":[{"href":"https:\/\/www.ibizagocar.com\/it\/wp-json\/wp\/v2\/media?parent=2629"}],"curies":[{"name":"wp","href":"https:\/\/api.w.org\/{rel}","templated":true}]}}