{"id":4648,"date":"2023-07-11T13:00:49","date_gmt":"2023-07-11T13:00:49","guid":{"rendered":"https:\/\/ibizagocar.com\/punti-di-ritiro\/cala-llonga\/"},"modified":"2024-12-17T11:59:23","modified_gmt":"2024-12-17T10:59:23","slug":"cala-llonga","status":"publish","type":"page","link":"https:\/\/www.ibizagocar.com\/it\/punti-di-ritiro\/cala-llonga\/","title":{"rendered":"Noleggio auto a Cala Llonga"},"content":{"rendered":"\t\t<div data-elementor-type=\"wp-page\" data-elementor-id=\"4648\" class=\"elementor elementor-4648 elementor-4327\" data-elementor-post-type=\"page\">\n\t\t\t\t\t\t<section class=\"elementor-section elementor-top-section elementor-element elementor-element-28b8c776 elementor-section-boxed elementor-section-height-default elementor-section-height-default\" data-id=\"28b8c776\" data-element_type=\"section\" data-e-type=\"section\">\n\t\t\t\t\t\t<div class=\"elementor-container elementor-column-gap-default\">\n\t\t\t\t\t<div class=\"elementor-column elementor-col-66 elementor-top-column elementor-element elementor-element-32174ec5\" data-id=\"32174ec5\" data-element_type=\"column\" data-e-type=\"column\">\n\t\t\t<div class=\"elementor-widget-wrap elementor-element-populated\">\n\t\t\t\t\t\t<div class=\"elementor-element elementor-element-eee2d9a elementor-widget elementor-widget-text-editor\" data-id=\"eee2d9a\" data-element_type=\"widget\" data-e-type=\"widget\" data-widget_type=\"text-editor.default\">\n\t\t\t\t<div class=\"elementor-widget-container\">\n\t\t\t\t\t\t\t\t\t<p>Benvenuto al punto di raccolta Ibiza Go Car a Cala Llonga! Siamo lieti di offrirti un&#8217;esperienza di noleggio auto eccezionale in questa bellissima citt\u00e0 dell&#8217;isola di Ibiza. Il nostro punto di raccolta \u00e8 situato in posizione strategica per garantire il tuo comfort e facilitare la tua avventura su questa affascinante isola.<\/p>\n<p>All&#8217;arrivo al nostro punto di raccolta a Cala Llonga, verrai accolto da uno staff cordiale e professionale che sar\u00e0 lieto di assisterti con tutte le tue esigenze di noleggio auto. Il nostro obiettivo \u00e8 fornirti un servizio di prima classe e rendere la tua esperienza il pi\u00f9 agevole e conveniente possibile.<\/p>\n<p>Abbiamo una vasta flotta di veicoli moderni e ben mantenuti, quindi puoi scegliere quello che meglio si adatta alle tue esigenze e preferenze. Che tu stia cercando un&#8217;auto compatta e agile per esplorare le stradine della citt\u00e0 o un veicolo spazioso e confortevole per goderti i paesaggi dell&#8217;isola, siamo sicuri che troverai l&#8217;opzione perfetta presso il nostro punto di raccolta.<\/p>\n<p>Oltre a offrirti una selezione di veicoli di qualit\u00e0, ci assicuriamo anche che ogni auto sia pulita e in condizioni eccellenti prima del ritiro. Apprezziamo la tua sicurezza e il tuo comfort, motivo per cui eseguiamo controlli regolari e una corretta manutenzione per garantire un viaggio senza problemi.<\/p>\n<p>Il nostro punto di raccolta a Cala Llonga ha anche un processo di noleggio semplice ed efficiente. Dopo aver prenotato la tua auto online o per telefono, sarai tranquillo sapendo che il tuo veicolo sar\u00e0 pronto ad aspettarti all&#8217;arrivo. Il nostro team ti guider\u00e0 attraverso il processo di raccolta, assicurandoti di avere tutte le informazioni di cui hai bisogno e rispondendo a qualsiasi domanda tu possa avere.<\/p>\n<p>Inoltre, presso il nostro punto di raccolta troverai mappe dettagliate e consigli sui luoghi di interesse nelle vicinanze, i migliori ristoranti e le spiagge pi\u00f9 belle della zona. Ci impegniamo a fornirti tutte le informazioni necessarie affinch\u00e9 tu possa goderti al massimo il tuo soggiorno a Cala Llonga e scoprire tutto il fascino di questa pittoresca cittadina.<\/p>\n<p>Insomma, all&#8217;Ibiza Go Car di Cala Llonga ti aspetta un punto di ritiro comodo e accogliente, con personale professionale e un&#8217;ampia scelta di veicoli ben tenuti. Siamo pronti a offrirti un&#8217;esperienza di noleggio auto eccezionale e ad aiutarti a esplorare tutto ci\u00f2 che Cala Llonga e l&#8217;isola di Ibiza hanno da offrire. Speriamo di vedervi presto!<\/p>\n\t\t\t\t\t\t\t\t<\/div>\n\t\t\t\t<\/div>\n\t\t\t\t<div class=\"elementor-element elementor-element-5804130c elementor-widget elementor-widget-google_maps\" data-id=\"5804130c\" data-element_type=\"widget\" data-e-type=\"widget\" data-widget_type=\"google_maps.default\">\n\t\t\t\t<div class=\"elementor-widget-container\">\n\t\t\t\t\t\t\t<div class=\"elementor-custom-embed\">\n\t\t\t<iframe loading=\"lazy\"\n\t\t\t\t\tsrc=\"https:\/\/maps.google.com\/maps?q=Class%20Rent%20a%20Car%20-%20Alquiler%20de%20Coches%20-%20Cala%20Llonga%20-%20Ibiza%2C%20Ctra.%20Cala%20Llonga%2C%20131%2C%2007849%20Cala%20Llonga%2C%20Balearic%20Islands&#038;t=m&#038;z=16&#038;output=embed&#038;iwloc=near\"\n\t\t\t\t\ttitle=\"Class Rent a Car - Alquiler de Coches - Cala Llonga - Ibiza, Ctra. Cala Llonga, 131, 07849 Cala Llonga, Balearic Islands\"\n\t\t\t\t\taria-label=\"Class Rent a Car - Alquiler de Coches - Cala Llonga - Ibiza, Ctra. Cala Llonga, 131, 07849 Cala Llonga, Balearic Islands\"\n\t\t\t><\/iframe>\n\t\t<\/div>\n\t\t\t\t\t\t<\/div>\n\t\t\t\t<\/div>\n\t\t\t\t<div class=\"elementor-element elementor-element-233ad43e elementor-widget-divider--view-line elementor-widget elementor-widget-divider\" data-id=\"233ad43e\" data-element_type=\"widget\" data-e-type=\"widget\" data-widget_type=\"divider.default\">\n\t\t\t\t<div class=\"elementor-widget-container\">\n\t\t\t\t\t\t\t<div class=\"elementor-divider\">\n\t\t\t<span class=\"elementor-divider-separator\">\n\t\t\t\t\t\t<\/span>\n\t\t<\/div>\n\t\t\t\t\t\t<\/div>\n\t\t\t\t<\/div>\n\t\t\t\t<div class=\"elementor-element elementor-element-257083eb elementor-widget elementor-widget-elementskit-social-media\" data-id=\"257083eb\" data-element_type=\"widget\" data-e-type=\"widget\" data-widget_type=\"elementskit-social-media.default\">\n\t\t\t\t<div class=\"elementor-widget-container\">\n\t\t\t\t\t<div class=\"ekit-wid-con\" >\t\t\t <ul class=\"ekit_social_media\">\n\t\t\t\t\t\t\t\t\t\t\t\t\t\t<li class=\"elementor-repeater-item-0e95d93\">\n\t\t\t\t\t    <a href=\"https:\/\/www.facebook.com\/ibizagocar\/\" target=\"_blank\" rel=\"noopener\" aria-label=\"Facebook\" class=\"facebook\">\n\t\t\t\t\t\t\t\n\t\t\t\t\t\t\t<i aria-hidden=\"true\" class=\"icon icon-facebook\"><\/i>\n                                                                                                            <\/a>\n                    <\/li>\n                    \t\t\t\t\t\t\t\t\t\t\t\t\t\t<li class=\"elementor-repeater-item-08c08f1\">\n\t\t\t\t\t    <a href=\"https:\/\/twitter.com\/ibizagocar\" target=\"_blank\" rel=\"noopener\" aria-label=\"Twitter\" class=\"twitter\">\n\t\t\t\t\t\t\t\n\t\t\t\t\t\t\t<i aria-hidden=\"true\" class=\"icon icon-twitter\"><\/i>\n                                                                                                            <\/a>\n                    <\/li>\n                    \t\t\t\t\t\t\t\t\t\t\t\t\t\t<li class=\"elementor-repeater-item-c52240f\">\n\t\t\t\t\t    <a href=\"https:\/\/www.pinterest.es\/ibizagocar\/\" target=\"_blank\" rel=\"noopener\" aria-label=\"Pinterest\" class=\"pinterest\">\n\t\t\t\t\t\t\t\n\t\t\t\t\t\t\t<i aria-hidden=\"true\" class=\"icon icon-pinterest\"><\/i>\n                                                                                                            <\/a>\n                    <\/li>\n                    \t\t\t\t\t\t\t<\/ul>\n\t\t<\/div>\t\t\t\t<\/div>\n\t\t\t\t<\/div>\n\t\t\t\t\t<\/div>\n\t\t<\/div>\n\t\t\t\t<div class=\"elementor-column elementor-col-33 elementor-top-column elementor-element elementor-element-87463e0\" data-id=\"87463e0\" data-element_type=\"column\" data-e-type=\"column\">\n\t\t\t<div class=\"elementor-widget-wrap elementor-element-populated\">\n\t\t\t\t\t\t<div class=\"elementor-element elementor-element-54b3cb7d elementor-widget elementor-widget-image\" data-id=\"54b3cb7d\" data-element_type=\"widget\" data-e-type=\"widget\" data-widget_type=\"image.default\">\n\t\t\t\t<div class=\"elementor-widget-container\">\n\t\t\t\t\t\t\t\t\t\t\t\t\t\t\t<img fetchpriority=\"high\" decoding=\"async\" width=\"800\" height=\"534\" src=\"https:\/\/www.ibizagocar.com\/wp-content\/uploads\/2023\/06\/Cala-Llonga-1024x683.jpg\" class=\"attachment-large size-large wp-image-4482\" alt=\"\" srcset=\"https:\/\/www.ibizagocar.com\/wp-content\/uploads\/2023\/06\/Cala-Llonga-1024x683.jpg 1024w, https:\/\/www.ibizagocar.com\/wp-content\/uploads\/2023\/06\/Cala-Llonga-500x333.jpg 500w, https:\/\/www.ibizagocar.com\/wp-content\/uploads\/2023\/06\/Cala-Llonga-768x512.jpg 768w, https:\/\/www.ibizagocar.com\/wp-content\/uploads\/2023\/06\/Cala-Llonga-1110x740.jpg 1110w, https:\/\/www.ibizagocar.com\/wp-content\/uploads\/2023\/06\/Cala-Llonga.jpg 1200w\" sizes=\"(max-width: 800px) 100vw, 800px\" title=\"\">\t\t\t\t\t\t\t\t\t\t\t\t\t\t\t<\/div>\n\t\t\t\t<\/div>\n\t\t\t\t<div class=\"elementor-element elementor-element-7fc92017 elementor-widget elementor-widget-text-editor\" data-id=\"7fc92017\" data-element_type=\"widget\" data-e-type=\"widget\" data-widget_type=\"text-editor.default\">\n\t\t\t\t<div class=\"elementor-widget-container\">\n\t\t\t\t\t\t\t\t\t<h3>POSIZIONE DEL PUNTO DI RACCOLTA<\/h3>\n<p>Avda. Cala Llonga, 131 &#8211; Aptos. Ibiza, Local 1<br \/>\n07849 &#8211; Platja de Cala Llonga<\/p>\n<p><a class=\"googleURL\" href=\"https:\/\/www.google.es\/maps\/place\/Class+Rent+a+Car+-+Alquiler+de+Coches+-+Cala+Llonga+-+Ibiza\/@38.9536242,1.5158413,17z\/data=!3m1!4b1!4m5!3m4!1s0x129940211b35d3f3:0x92daec2df5a37b1d!8m2!3d38.95362!4d1.51803\" target=\"_blank\" rel=\"noopener\"><strong>Google Maps<\/strong><\/a><\/p>\n<h3>ALTRI PUNTI DI RACCOLTA<\/h3>\n\t\t\t\t\t\t\t\t<\/div>\n\t\t\t\t<\/div>\n\t\t\t\t<div class=\"elementor-element elementor-element-131abf2 elementor-grid-1 elementor-posts--thumbnail-none elementor-posts--align-left elementor-grid-tablet-2 elementor-grid-mobile-1 elementor-widget elementor-widget-posts\" data-id=\"131abf2\" data-element_type=\"widget\" data-e-type=\"widget\" data-settings=\"{&quot;classic_columns&quot;:&quot;1&quot;,&quot;classic_row_gap&quot;:{&quot;unit&quot;:&quot;px&quot;,&quot;size&quot;:&quot;&quot;,&quot;sizes&quot;:[]},&quot;classic_columns_tablet&quot;:&quot;2&quot;,&quot;classic_columns_mobile&quot;:&quot;1&quot;,&quot;classic_row_gap_tablet&quot;:{&quot;unit&quot;:&quot;px&quot;,&quot;size&quot;:&quot;&quot;,&quot;sizes&quot;:[]},&quot;classic_row_gap_mobile&quot;:{&quot;unit&quot;:&quot;px&quot;,&quot;size&quot;:&quot;&quot;,&quot;sizes&quot;:[]}}\" data-widget_type=\"posts.classic\">\n\t\t\t\t<div class=\"elementor-widget-container\">\n\t\t\t\t\t\t\t<div class=\"elementor-posts-container elementor-posts elementor-posts--skin-classic elementor-grid\" role=\"list\">\n\t\t\t\t<article class=\"elementor-post elementor-grid-item post-4646 page type-page status-publish has-post-thumbnail hentry\" role=\"listitem\">\n\t\t\t\t<div class=\"elementor-post__text\">\n\t\t\t\t<span class=\"elementor-post__title\">\n\t\t\t<a href=\"https:\/\/www.ibizagocar.com\/it\/punti-di-ritiro\/aeropuerto-ibiza\/\">\n\t\t\t\tNoleggio auto Ibiza Aeroporto\t\t\t<\/a>\n\t\t<\/span>\n\t\t\n\t\t<a class=\"elementor-post__read-more\" href=\"https:\/\/www.ibizagocar.com\/it\/punti-di-ritiro\/aeropuerto-ibiza\/\" aria-label=\"Leggi tutto Noleggio auto Ibiza Aeroporto\" tabindex=\"-1\">\n\t\t\t\t\t<\/a>\n\n\t\t\t\t<\/div>\n\t\t\t\t<\/article>\n\t\t\t\t<article class=\"elementor-post elementor-grid-item post-4666 page type-page status-publish has-post-thumbnail hentry\" role=\"listitem\">\n\t\t\t\t<div class=\"elementor-post__text\">\n\t\t\t\t<span class=\"elementor-post__title\">\n\t\t\t<a href=\"https:\/\/www.ibizagocar.com\/it\/punti-di-ritiro\/san-miguel-puerto\/\">\n\t\t\t\tNoleggio auto a San Miguel (Puerto)\t\t\t<\/a>\n\t\t<\/span>\n\t\t\n\t\t<a class=\"elementor-post__read-more\" href=\"https:\/\/www.ibizagocar.com\/it\/punti-di-ritiro\/san-miguel-puerto\/\" aria-label=\"Leggi tutto Noleggio auto a San Miguel (Puerto)\" tabindex=\"-1\">\n\t\t\t\t\t<\/a>\n\n\t\t\t\t<\/div>\n\t\t\t\t<\/article>\n\t\t\t\t<article class=\"elementor-post elementor-grid-item post-4664 page type-page status-publish has-post-thumbnail hentry\" role=\"listitem\">\n\t\t\t\t<div class=\"elementor-post__text\">\n\t\t\t\t<span class=\"elementor-post__title\">\n\t\t\t<a href=\"https:\/\/www.ibizagocar.com\/it\/punti-di-ritiro\/san-antonio-bahia-de-sant-antoni\/\">\n\t\t\t\tNoleggio auto a San Antonio\t\t\t<\/a>\n\t\t<\/span>\n\t\t\n\t\t<a class=\"elementor-post__read-more\" href=\"https:\/\/www.ibizagocar.com\/it\/punti-di-ritiro\/san-antonio-bahia-de-sant-antoni\/\" aria-label=\"Leggi tutto Noleggio auto a San Antonio\" tabindex=\"-1\">\n\t\t\t\t\t<\/a>\n\n\t\t\t\t<\/div>\n\t\t\t\t<\/article>\n\t\t\t\t<article class=\"elementor-post elementor-grid-item post-4662 page type-page status-publish has-post-thumbnail hentry\" role=\"listitem\">\n\t\t\t\t<div class=\"elementor-post__text\">\n\t\t\t\t<span class=\"elementor-post__title\">\n\t\t\t<a href=\"https:\/\/www.ibizagocar.com\/it\/punti-di-ritiro\/puerto-ibiza\/\">\n\t\t\t\tPuerto Ibiza\t\t\t<\/a>\n\t\t<\/span>\n\t\t\n\t\t<a class=\"elementor-post__read-more\" href=\"https:\/\/www.ibizagocar.com\/it\/punti-di-ritiro\/puerto-ibiza\/\" aria-label=\"Leggi tutto Puerto Ibiza\" tabindex=\"-1\">\n\t\t\t\t\t<\/a>\n\n\t\t\t\t<\/div>\n\t\t\t\t<\/article>\n\t\t\t\t<article class=\"elementor-post elementor-grid-item post-4660 page type-page status-publish has-post-thumbnail hentry\" role=\"listitem\">\n\t\t\t\t<div class=\"elementor-post__text\">\n\t\t\t\t<span class=\"elementor-post__title\">\n\t\t\t<a href=\"https:\/\/www.ibizagocar.com\/it\/punti-di-ritiro\/portinatx\/\">\n\t\t\t\tAllestimento di automobili a Portinatx\t\t\t<\/a>\n\t\t<\/span>\n\t\t\n\t\t<a class=\"elementor-post__read-more\" href=\"https:\/\/www.ibizagocar.com\/it\/punti-di-ritiro\/portinatx\/\" aria-label=\"Leggi tutto Allestimento di automobili a Portinatx\" tabindex=\"-1\">\n\t\t\t\t\t<\/a>\n\n\t\t\t\t<\/div>\n\t\t\t\t<\/article>\n\t\t\t\t<article class=\"elementor-post elementor-grid-item post-4658 page type-page status-publish has-post-thumbnail hentry\" role=\"listitem\">\n\t\t\t\t<div class=\"elementor-post__text\">\n\t\t\t\t<span class=\"elementor-post__title\">\n\t\t\t<a href=\"https:\/\/www.ibizagocar.com\/it\/punti-di-ritiro\/playa-den-bossa-ibiza\/\">\n\t\t\t\tNoleggio auto a Playa den Bossa (Ibiza)\t\t\t<\/a>\n\t\t<\/span>\n\t\t\n\t\t<a class=\"elementor-post__read-more\" href=\"https:\/\/www.ibizagocar.com\/it\/punti-di-ritiro\/playa-den-bossa-ibiza\/\" aria-label=\"Leggi tutto Noleggio auto a Playa den Bossa (Ibiza)\" tabindex=\"-1\">\n\t\t\t\t\t<\/a>\n\n\t\t\t\t<\/div>\n\t\t\t\t<\/article>\n\t\t\t\t<article class=\"elementor-post elementor-grid-item post-4656 page type-page status-publish has-post-thumbnail hentry\" role=\"listitem\">\n\t\t\t\t<div class=\"elementor-post__text\">\n\t\t\t\t<span class=\"elementor-post__title\">\n\t\t\t<a href=\"https:\/\/www.ibizagocar.com\/it\/punti-di-ritiro\/figueral\/\">\n\t\t\t\tFigueral\t\t\t<\/a>\n\t\t<\/span>\n\t\t\n\t\t<a class=\"elementor-post__read-more\" href=\"https:\/\/www.ibizagocar.com\/it\/punti-di-ritiro\/figueral\/\" aria-label=\"Leggi tutto Figueral\" tabindex=\"-1\">\n\t\t\t\t\t<\/a>\n\n\t\t\t\t<\/div>\n\t\t\t\t<\/article>\n\t\t\t\t<article class=\"elementor-post elementor-grid-item post-4654 page type-page status-publish has-post-thumbnail hentry\" role=\"listitem\">\n\t\t\t\t<div class=\"elementor-post__text\">\n\t\t\t\t<span class=\"elementor-post__title\">\n\t\t\t<a href=\"https:\/\/www.ibizagocar.com\/it\/punti-di-ritiro\/es-canar\/\">\n\t\t\t\tNoleggio auto Es Canar\t\t\t<\/a>\n\t\t<\/span>\n\t\t\n\t\t<a class=\"elementor-post__read-more\" href=\"https:\/\/www.ibizagocar.com\/it\/punti-di-ritiro\/es-canar\/\" aria-label=\"Leggi tutto Noleggio auto Es Canar\" tabindex=\"-1\">\n\t\t\t\t\t<\/a>\n\n\t\t\t\t<\/div>\n\t\t\t\t<\/article>\n\t\t\t\t<article class=\"elementor-post elementor-grid-item post-4652 page type-page status-publish has-post-thumbnail hentry\" role=\"listitem\">\n\t\t\t\t<div class=\"elementor-post__text\">\n\t\t\t\t<span class=\"elementor-post__title\">\n\t\t\t<a href=\"https:\/\/www.ibizagocar.com\/it\/punti-di-ritiro\/cala-tarida\/\">\n\t\t\t\tNoleggio auto a Cala Tarida\t\t\t<\/a>\n\t\t<\/span>\n\t\t\n\t\t<a class=\"elementor-post__read-more\" href=\"https:\/\/www.ibizagocar.com\/it\/punti-di-ritiro\/cala-tarida\/\" aria-label=\"Leggi tutto Noleggio auto a Cala Tarida\" tabindex=\"-1\">\n\t\t\t\t\t<\/a>\n\n\t\t\t\t<\/div>\n\t\t\t\t<\/article>\n\t\t\t\t<article class=\"elementor-post elementor-grid-item post-4650 page type-page status-publish has-post-thumbnail hentry\" role=\"listitem\">\n\t\t\t\t<div class=\"elementor-post__text\">\n\t\t\t\t<span class=\"elementor-post__title\">\n\t\t\t<a href=\"https:\/\/www.ibizagocar.com\/it\/punti-di-ritiro\/cala-san-vicente\/\">\n\t\t\t\tNoleggio auto Cala San Vicente\t\t\t<\/a>\n\t\t<\/span>\n\t\t\n\t\t<a class=\"elementor-post__read-more\" href=\"https:\/\/www.ibizagocar.com\/it\/punti-di-ritiro\/cala-san-vicente\/\" aria-label=\"Leggi tutto Noleggio auto Cala San Vicente\" tabindex=\"-1\">\n\t\t\t\t\t<\/a>\n\n\t\t\t\t<\/div>\n\t\t\t\t<\/article>\n\t\t\t\t<article class=\"elementor-post elementor-grid-item post-4668 page type-page status-publish has-post-thumbnail hentry\" role=\"listitem\">\n\t\t\t\t<div class=\"elementor-post__text\">\n\t\t\t\t<span class=\"elementor-post__title\">\n\t\t\t<a href=\"https:\/\/www.ibizagocar.com\/it\/punti-di-ritiro\/santa-eulalia\/\">\n\t\t\t\tNoleggio auto a Santa Eulalia\t\t\t<\/a>\n\t\t<\/span>\n\t\t\n\t\t<a class=\"elementor-post__read-more\" href=\"https:\/\/www.ibizagocar.com\/it\/punti-di-ritiro\/santa-eulalia\/\" aria-label=\"Leggi tutto Noleggio auto a Santa Eulalia\" tabindex=\"-1\">\n\t\t\t\t\t<\/a>\n\n\t\t\t\t<\/div>\n\t\t\t\t<\/article>\n\t\t\t\t<\/div>\n\t\t\n\t\t\t\t\t\t<\/div>\n\t\t\t\t<\/div>\n\t\t\t\t\t<\/div>\n\t\t<\/div>\n\t\t\t\t\t<\/div>\n\t\t<\/section>\n\t\t\t\t<section class=\"elementor-section elementor-top-section elementor-element elementor-element-7d0412f elementor-section-boxed elementor-section-height-default elementor-section-height-default\" data-id=\"7d0412f\" data-element_type=\"section\" data-e-type=\"section\">\n\t\t\t\t\t\t<div class=\"elementor-container elementor-column-gap-default\">\n\t\t\t\t\t<div class=\"elementor-column elementor-col-100 elementor-top-column elementor-element elementor-element-0125e7c\" data-id=\"0125e7c\" data-element_type=\"column\" data-e-type=\"column\">\n\t\t\t<div class=\"elementor-widget-wrap elementor-element-populated\">\n\t\t\t\t\t\t<div class=\"elementor-element elementor-element-9f2241c elementor-widget elementor-widget-heading\" data-id=\"9f2241c\" data-element_type=\"widget\" data-e-type=\"widget\" data-widget_type=\"heading.default\">\n\t\t\t\t<div class=\"elementor-widget-container\">\n\t\t\t\t\t<h2 class=\"elementor-heading-title elementor-size-default\">Potrebbero interessarti anche...<\/h2>\t\t\t\t<\/div>\n\t\t\t\t<\/div>\n\t\t\t\t\t<\/div>\n\t\t<\/div>\n\t\t\t\t\t<\/div>\n\t\t<\/section>\n\t\t\t\t<\/div>\n\t\t","protected":false},"excerpt":{"rendered":"<p>Benvenuto al punto di raccolta Ibiza Go Car a Cala Llonga! Siamo lieti di offrirti un&#8217;esperienza di noleggio auto eccezionale in questa bellissima citt\u00e0 dell&#8217;isola<\/p>\n","protected":false},"author":5,"featured_media":4482,"parent":4620,"menu_order":0,"comment_status":"closed","ping_status":"closed","template":"elementor_header_footer","meta":{"_acf_changed":false,"footnotes":""},"class_list":["post-4648","page","type-page","status-publish","has-post-thumbnail","hentry"],"acf":[],"_links":{"self":[{"href":"https:\/\/www.ibizagocar.com\/it\/wp-json\/wp\/v2\/pages\/4648","targetHints":{"allow":["GET"]}}],"collection":[{"href":"https:\/\/www.ibizagocar.com\/it\/wp-json\/wp\/v2\/pages"}],"about":[{"href":"https:\/\/www.ibizagocar.com\/it\/wp-json\/wp\/v2\/types\/page"}],"author":[{"embeddable":true,"href":"https:\/\/www.ibizagocar.com\/it\/wp-json\/wp\/v2\/users\/5"}],"replies":[{"embeddable":true,"href":"https:\/\/www.ibizagocar.com\/it\/wp-json\/wp\/v2\/comments?post=4648"}],"version-history":[{"count":0,"href":"https:\/\/www.ibizagocar.com\/it\/wp-json\/wp\/v2\/pages\/4648\/revisions"}],"up":[{"embeddable":true,"href":"https:\/\/www.ibizagocar.com\/it\/wp-json\/wp\/v2\/pages\/4620"}],"wp:featuredmedia":[{"embeddable":true,"href":"https:\/\/www.ibizagocar.com\/it\/wp-json\/wp\/v2\/media\/4482"}],"wp:attachment":[{"href":"https:\/\/www.ibizagocar.com\/it\/wp-json\/wp\/v2\/media?parent=4648"}],"curies":[{"name":"wp","href":"https:\/\/api.w.org\/{rel}","templated":true}]}}