{"id":4650,"date":"2025-02-27T13:00:00","date_gmt":"2025-02-27T12:00:00","guid":{"rendered":"https:\/\/ibizagocar.com\/punti-di-ritiro\/cala-san-vicente\/"},"modified":"2025-04-10T09:45:48","modified_gmt":"2025-04-10T07:45:48","slug":"cala-san-vicente","status":"publish","type":"page","link":"https:\/\/www.ibizagocar.com\/it\/punti-di-ritiro\/cala-san-vicente\/","title":{"rendered":"Noleggio auto Cala San Vicente"},"content":{"rendered":"\t\t<div data-elementor-type=\"wp-page\" data-elementor-id=\"4650\" class=\"elementor elementor-4650 elementor-4353\" data-elementor-post-type=\"page\">\n\t\t\t\t\t\t<section class=\"elementor-section elementor-top-section elementor-element elementor-element-5ee8adbc elementor-section-boxed elementor-section-height-default elementor-section-height-default\" data-id=\"5ee8adbc\" data-element_type=\"section\" data-e-type=\"section\">\n\t\t\t\t\t\t<div class=\"elementor-container elementor-column-gap-default\">\n\t\t\t\t\t<div class=\"elementor-column elementor-col-66 elementor-top-column elementor-element elementor-element-754a57d9\" data-id=\"754a57d9\" data-element_type=\"column\" data-e-type=\"column\">\n\t\t\t<div class=\"elementor-widget-wrap elementor-element-populated\">\n\t\t\t\t\t\t<div class=\"elementor-element elementor-element-319048de elementor-widget elementor-widget-text-editor\" data-id=\"319048de\" data-element_type=\"widget\" data-e-type=\"widget\" data-widget_type=\"text-editor.default\">\n\t\t\t\t<div class=\"elementor-widget-container\">\n\t\t\t\t\t\t\t\t\t<p data-start=\"87\" data-end=\"345\">Se stai cercando <strong data-start=\"104\" data-end=\"140\">noleggio auto a Cala San Vicente<\/strong>, con <strong data-start=\"146\" data-end=\"162\">Ibiza Go Car<\/strong> hai la libert\u00e0 di esplorare Ibiza senza vincoli. Il nostro punto di ritiro, situato in una posizione strategica, ti permette di iniziare il tuo viaggio con comodit\u00e0 e senza attese.<\/p><p data-start=\"347\" data-end=\"647\"><strong data-start=\"347\" data-end=\"367\">Cala San Vicente<\/strong> \u00e8 una delle zone pi\u00f9 affascinanti dell\u2019isola, perfetta per chi desidera godersi Ibiza in totale relax. Grazie al nostro <strong data-start=\"488\" data-end=\"536\">servizio di noleggio auto a Cala San Vicente<\/strong>, potrai raggiungere facilmente le localit\u00e0 pi\u00f9 esclusive, senza dipendere dai trasporti pubblici o dai taxi.<\/p><h2 data-start=\"347\" data-end=\"647\">Perch\u00e9 Scegliere il Noleggio Auto a Cala San Vicente con Ibiza Go Car?<\/h2><p data-start=\"736\" data-end=\"1093\">Il nostro <strong data-start=\"746\" data-end=\"784\">punto di ritiro a Cala San Vicente<\/strong> \u00e8 aperto tutti i giorni e facilmente accessibile, offrendoti massima flessibilit\u00e0 nel ritiro e nella consegna del veicolo. Il nostro team ti accoglier\u00e0 con un servizio professionale e personalizzato, pronto a consigliarti l&#8217;auto pi\u00f9 adatta alle tue esigenze e a darti suggerimenti utili per il tuo viaggio.<\/p><p data-start=\"1095\" data-end=\"1208\">Con <strong data-start=\"1099\" data-end=\"1115\">Ibiza Go Car<\/strong>, hai la certezza di prenotare un\u2019auto in <strong data-start=\"1157\" data-end=\"1205\">modo semplice, veloce e senza costi nascosti<\/strong>.<\/p><h2 data-start=\"1095\" data-end=\"1208\">Scopri Ibiza Partendo da Cala San Vicente<\/h2><p class=\"\" data-start=\"178\" data-end=\"423\">Noleggiare un\u2019auto a Cala San Vicente \u00e8 la soluzione ideale per esplorare Ibiza senza dipendere da orari rigidi o trasporti costosi. Da questa tranquilla zona nel nord-est dell\u2019isola puoi raggiungere facilmente alcune delle mete pi\u00f9 belle, come:<\/p><ul data-start=\"425\" data-end=\"755\"><li class=\"\" data-start=\"425\" data-end=\"538\"><p class=\"\" data-start=\"427\" data-end=\"538\"><strong data-start=\"427\" data-end=\"444\">Santa Eulalia<\/strong>, famosa per la sua atmosfera rilassata, le sue spiagge suggestive e l\u2019ottima cucina locale.<\/p><\/li><li class=\"\" data-start=\"539\" data-end=\"645\"><p class=\"\" data-start=\"541\" data-end=\"645\"><strong data-start=\"541\" data-end=\"554\">Portinatx<\/strong>, un angolo incontaminato nel nord, perfetto per chi ama la natura e il mare cristallino.<\/p><\/li><li class=\"\" data-start=\"646\" data-end=\"755\"><p class=\"\" data-start=\"648\" data-end=\"755\"><strong data-start=\"648\" data-end=\"663\">Ibiza citt\u00e0<\/strong>, ideale per immergersi nella cultura, nella storia e nella vivace vita notturna dell\u2019isola.<\/p><\/li><\/ul><p class=\"\" data-start=\"757\" data-end=\"904\">Prima di partire, fai un salto nei ristoranti, negozi e mercatini locali di Cala San Vicente per prepararti al meglio alla tua avventura su strada.<\/p><h2>Prenota la Tua Auto a Cala San Vicente con Ibiza Go Car<\/h2><p><span style=\"font-size: 16px;\">Con Ibiza Go Car il noleggio \u00e8 semplice, veloce e conveniente. Scegli tra varie opzioni economiche e approfitta di un servizio pensato per chi viaggia in modo intelligente, senza rinunciare al comfort.<\/span><\/p><p><strong data-start=\"1170\" data-end=\"1190\">Consiglio utile:<\/strong> Se visiti l\u2019isola in alta stagione, prenota in anticipo per ottenere il miglior prezzo e assicurarti la disponibilit\u00e0.<\/p><p>Prenota ora e preparati a vivere Ibiza con la libert\u00e0 che solo un\u2019auto a noleggio pu\u00f2 offrirti!<\/p>\t\t\t\t\t\t\t\t<\/div>\n\t\t\t\t<\/div>\n\t\t\t\t<div class=\"elementor-element elementor-element-221db0d elementor-widget elementor-widget-google_maps\" data-id=\"221db0d\" data-element_type=\"widget\" data-e-type=\"widget\" data-widget_type=\"google_maps.default\">\n\t\t\t\t<div class=\"elementor-widget-container\">\n\t\t\t\t\t\t\t<div class=\"elementor-custom-embed\">\n\t\t\t<iframe loading=\"lazy\"\n\t\t\t\t\tsrc=\"https:\/\/maps.google.com\/maps?q=Grupotel%20Cala%20San%20Vicente%2C%20Cala%20San%20Vicente%20s%2Fn%2C%2007811%20Ibiza%2C%20Illes%20Balears&#038;t=m&#038;z=16&#038;output=embed&#038;iwloc=near\"\n\t\t\t\t\ttitle=\"Grupotel Cala San Vicente, Cala San Vicente s\/n, 07811 Ibiza, Illes Balears\"\n\t\t\t\t\taria-label=\"Grupotel Cala San Vicente, Cala San Vicente s\/n, 07811 Ibiza, Illes Balears\"\n\t\t\t><\/iframe>\n\t\t<\/div>\n\t\t\t\t\t\t<\/div>\n\t\t\t\t<\/div>\n\t\t\t\t<div class=\"elementor-element elementor-element-69e72782 elementor-widget-divider--view-line elementor-widget elementor-widget-divider\" data-id=\"69e72782\" data-element_type=\"widget\" data-e-type=\"widget\" data-widget_type=\"divider.default\">\n\t\t\t\t<div class=\"elementor-widget-container\">\n\t\t\t\t\t\t\t<div class=\"elementor-divider\">\n\t\t\t<span class=\"elementor-divider-separator\">\n\t\t\t\t\t\t<\/span>\n\t\t<\/div>\n\t\t\t\t\t\t<\/div>\n\t\t\t\t<\/div>\n\t\t\t\t<div class=\"elementor-element elementor-element-2e29880d elementor-widget elementor-widget-elementskit-social-media\" data-id=\"2e29880d\" data-element_type=\"widget\" data-e-type=\"widget\" data-widget_type=\"elementskit-social-media.default\">\n\t\t\t\t<div class=\"elementor-widget-container\">\n\t\t\t\t\t<div class=\"ekit-wid-con\" >\t\t\t <ul class=\"ekit_social_media\">\n\t\t\t\t\t\t\t\t\t\t\t\t\t\t<li class=\"elementor-repeater-item-0e95d93\">\n\t\t\t\t\t    <a href=\"https:\/\/www.facebook.com\/ibizagocar\/\" target=\"_blank\" rel=\"noopener\" aria-label=\"Facebook\" class=\"facebook\">\n\t\t\t\t\t\t\t\n\t\t\t\t\t\t\t<i aria-hidden=\"true\" class=\"icon icon-facebook\"><\/i>\n                                                                                                            <\/a>\n                    <\/li>\n                    \t\t\t\t\t\t\t\t\t\t\t\t\t\t<li class=\"elementor-repeater-item-08c08f1\">\n\t\t\t\t\t    <a href=\"https:\/\/twitter.com\/ibizagocar\" target=\"_blank\" rel=\"noopener\" aria-label=\"Twitter\" class=\"twitter\">\n\t\t\t\t\t\t\t\n\t\t\t\t\t\t\t<i aria-hidden=\"true\" class=\"icon icon-twitter\"><\/i>\n                                                                                                            <\/a>\n                    <\/li>\n                    \t\t\t\t\t\t\t\t\t\t\t\t\t\t<li class=\"elementor-repeater-item-c52240f\">\n\t\t\t\t\t    <a href=\"https:\/\/www.pinterest.es\/ibizagocar\/\" target=\"_blank\" rel=\"noopener\" aria-label=\"Pinterest\" class=\"pinterest\">\n\t\t\t\t\t\t\t\n\t\t\t\t\t\t\t<i aria-hidden=\"true\" class=\"icon icon-pinterest\"><\/i>\n                                                                                                            <\/a>\n                    <\/li>\n                    \t\t\t\t\t\t\t<\/ul>\n\t\t<\/div>\t\t\t\t<\/div>\n\t\t\t\t<\/div>\n\t\t\t\t\t<\/div>\n\t\t<\/div>\n\t\t\t\t<div class=\"elementor-column elementor-col-33 elementor-top-column elementor-element elementor-element-480819a3\" data-id=\"480819a3\" data-element_type=\"column\" data-e-type=\"column\">\n\t\t\t<div class=\"elementor-widget-wrap elementor-element-populated\">\n\t\t\t\t\t\t<div class=\"elementor-element elementor-element-243eb489 elementor-widget elementor-widget-image\" data-id=\"243eb489\" data-element_type=\"widget\" data-e-type=\"widget\" data-widget_type=\"image.default\">\n\t\t\t\t<div class=\"elementor-widget-container\">\n\t\t\t\t\t\t\t\t\t\t\t\t\t\t\t<img fetchpriority=\"high\" decoding=\"async\" width=\"800\" height=\"600\" src=\"https:\/\/www.ibizagocar.com\/wp-content\/uploads\/2023\/06\/Cala-San-Vicente-Ibiza-1-1024x768.jpg\" class=\"attachment-large size-large wp-image-4479\" alt=\"\" srcset=\"https:\/\/www.ibizagocar.com\/wp-content\/uploads\/2023\/06\/Cala-San-Vicente-Ibiza-1-1024x768.jpg 1024w, https:\/\/www.ibizagocar.com\/wp-content\/uploads\/2023\/06\/Cala-San-Vicente-Ibiza-1-500x375.jpg 500w, https:\/\/www.ibizagocar.com\/wp-content\/uploads\/2023\/06\/Cala-San-Vicente-Ibiza-1-768x576.jpg 768w, https:\/\/www.ibizagocar.com\/wp-content\/uploads\/2023\/06\/Cala-San-Vicente-Ibiza-1.jpg 1200w\" sizes=\"(max-width: 800px) 100vw, 800px\" title=\"\">\t\t\t\t\t\t\t\t\t\t\t\t\t\t\t<\/div>\n\t\t\t\t<\/div>\n\t\t\t\t<div class=\"elementor-element elementor-element-6933f8e elementor-widget elementor-widget-text-editor\" data-id=\"6933f8e\" data-element_type=\"widget\" data-e-type=\"widget\" data-widget_type=\"text-editor.default\">\n\t\t\t\t<div class=\"elementor-widget-container\">\n\t\t\t\t\t\t\t\t\t<h3>POSIZIONE DEL PUNTO DI RACCOLTA<\/h3>\n<p>Hotel Grupotel Imperio Playa<br \/>\nCala San Vicente, s\/n<br \/>\n07811 &#8211; San Vicent de Sa Cala<\/p>\n<p><a class=\"googleURL\" href=\"https:\/\/www.google.es\/maps\/place\/Class+Rent+A+Car+-+Alquiler+coches+Cala+San+Vicente+-+Ibiza\/@39.075918,1.5559491,13z\/data=!4m8!1m2!2m1!1sClass+Rent+a+Car+-class+rent+a+car+cala+san+vicente!3m4!1s0x129916b72b29da7b:0x66087fdf20541d23!8m2!3d39.075918!4d1.590968\" target=\"_blank\" rel=\"noopener\"><strong>Google Maps<\/strong><\/a><\/p>\n<h3>ALTRI PUNTI DI RACCOLTA<\/h3>\n\t\t\t\t\t\t\t\t<\/div>\n\t\t\t\t<\/div>\n\t\t\t\t<div class=\"elementor-element elementor-element-1b3ca79 elementor-grid-1 elementor-posts--thumbnail-none elementor-posts--align-left elementor-grid-tablet-2 elementor-grid-mobile-1 elementor-widget elementor-widget-posts\" data-id=\"1b3ca79\" data-element_type=\"widget\" data-e-type=\"widget\" data-settings=\"{&quot;classic_columns&quot;:&quot;1&quot;,&quot;classic_row_gap&quot;:{&quot;unit&quot;:&quot;px&quot;,&quot;size&quot;:&quot;&quot;,&quot;sizes&quot;:[]},&quot;classic_columns_tablet&quot;:&quot;2&quot;,&quot;classic_columns_mobile&quot;:&quot;1&quot;,&quot;classic_row_gap_tablet&quot;:{&quot;unit&quot;:&quot;px&quot;,&quot;size&quot;:&quot;&quot;,&quot;sizes&quot;:[]},&quot;classic_row_gap_mobile&quot;:{&quot;unit&quot;:&quot;px&quot;,&quot;size&quot;:&quot;&quot;,&quot;sizes&quot;:[]}}\" data-widget_type=\"posts.classic\">\n\t\t\t\t<div class=\"elementor-widget-container\">\n\t\t\t\t\t\t\t<div class=\"elementor-posts-container elementor-posts elementor-posts--skin-classic elementor-grid\" role=\"list\">\n\t\t\t\t<article class=\"elementor-post elementor-grid-item post-4646 page type-page status-publish has-post-thumbnail hentry\" role=\"listitem\">\n\t\t\t\t<div class=\"elementor-post__text\">\n\t\t\t\t<span class=\"elementor-post__title\">\n\t\t\t<a href=\"https:\/\/www.ibizagocar.com\/it\/punti-di-ritiro\/aeropuerto-ibiza\/\">\n\t\t\t\tNoleggio auto Ibiza Aeroporto\t\t\t<\/a>\n\t\t<\/span>\n\t\t\n\t\t<a class=\"elementor-post__read-more\" href=\"https:\/\/www.ibizagocar.com\/it\/punti-di-ritiro\/aeropuerto-ibiza\/\" aria-label=\"Leggi tutto Noleggio auto Ibiza Aeroporto\" tabindex=\"-1\">\n\t\t\t\t\t<\/a>\n\n\t\t\t\t<\/div>\n\t\t\t\t<\/article>\n\t\t\t\t<article class=\"elementor-post elementor-grid-item post-4666 page type-page status-publish has-post-thumbnail hentry\" role=\"listitem\">\n\t\t\t\t<div class=\"elementor-post__text\">\n\t\t\t\t<span class=\"elementor-post__title\">\n\t\t\t<a href=\"https:\/\/www.ibizagocar.com\/it\/punti-di-ritiro\/san-miguel-puerto\/\">\n\t\t\t\tNoleggio auto a San Miguel (Puerto)\t\t\t<\/a>\n\t\t<\/span>\n\t\t\n\t\t<a class=\"elementor-post__read-more\" href=\"https:\/\/www.ibizagocar.com\/it\/punti-di-ritiro\/san-miguel-puerto\/\" aria-label=\"Leggi tutto Noleggio auto a San Miguel (Puerto)\" tabindex=\"-1\">\n\t\t\t\t\t<\/a>\n\n\t\t\t\t<\/div>\n\t\t\t\t<\/article>\n\t\t\t\t<article class=\"elementor-post elementor-grid-item post-4664 page type-page status-publish has-post-thumbnail hentry\" role=\"listitem\">\n\t\t\t\t<div class=\"elementor-post__text\">\n\t\t\t\t<span class=\"elementor-post__title\">\n\t\t\t<a href=\"https:\/\/www.ibizagocar.com\/it\/punti-di-ritiro\/san-antonio-bahia-de-sant-antoni\/\">\n\t\t\t\tNoleggio auto a San Antonio\t\t\t<\/a>\n\t\t<\/span>\n\t\t\n\t\t<a class=\"elementor-post__read-more\" href=\"https:\/\/www.ibizagocar.com\/it\/punti-di-ritiro\/san-antonio-bahia-de-sant-antoni\/\" aria-label=\"Leggi tutto Noleggio auto a San Antonio\" tabindex=\"-1\">\n\t\t\t\t\t<\/a>\n\n\t\t\t\t<\/div>\n\t\t\t\t<\/article>\n\t\t\t\t<article class=\"elementor-post elementor-grid-item post-4662 page type-page status-publish has-post-thumbnail hentry\" role=\"listitem\">\n\t\t\t\t<div class=\"elementor-post__text\">\n\t\t\t\t<span class=\"elementor-post__title\">\n\t\t\t<a href=\"https:\/\/www.ibizagocar.com\/it\/punti-di-ritiro\/puerto-ibiza\/\">\n\t\t\t\tPuerto Ibiza\t\t\t<\/a>\n\t\t<\/span>\n\t\t\n\t\t<a class=\"elementor-post__read-more\" href=\"https:\/\/www.ibizagocar.com\/it\/punti-di-ritiro\/puerto-ibiza\/\" aria-label=\"Leggi tutto Puerto Ibiza\" tabindex=\"-1\">\n\t\t\t\t\t<\/a>\n\n\t\t\t\t<\/div>\n\t\t\t\t<\/article>\n\t\t\t\t<article class=\"elementor-post elementor-grid-item post-4660 page type-page status-publish has-post-thumbnail hentry\" role=\"listitem\">\n\t\t\t\t<div class=\"elementor-post__text\">\n\t\t\t\t<span class=\"elementor-post__title\">\n\t\t\t<a href=\"https:\/\/www.ibizagocar.com\/it\/punti-di-ritiro\/portinatx\/\">\n\t\t\t\tAllestimento di automobili a Portinatx\t\t\t<\/a>\n\t\t<\/span>\n\t\t\n\t\t<a class=\"elementor-post__read-more\" href=\"https:\/\/www.ibizagocar.com\/it\/punti-di-ritiro\/portinatx\/\" aria-label=\"Leggi tutto Allestimento di automobili a Portinatx\" tabindex=\"-1\">\n\t\t\t\t\t<\/a>\n\n\t\t\t\t<\/div>\n\t\t\t\t<\/article>\n\t\t\t\t<article class=\"elementor-post elementor-grid-item post-4658 page type-page status-publish has-post-thumbnail hentry\" role=\"listitem\">\n\t\t\t\t<div class=\"elementor-post__text\">\n\t\t\t\t<span class=\"elementor-post__title\">\n\t\t\t<a href=\"https:\/\/www.ibizagocar.com\/it\/punti-di-ritiro\/playa-den-bossa-ibiza\/\">\n\t\t\t\tNoleggio auto a Playa den Bossa (Ibiza)\t\t\t<\/a>\n\t\t<\/span>\n\t\t\n\t\t<a class=\"elementor-post__read-more\" href=\"https:\/\/www.ibizagocar.com\/it\/punti-di-ritiro\/playa-den-bossa-ibiza\/\" aria-label=\"Leggi tutto Noleggio auto a Playa den Bossa (Ibiza)\" tabindex=\"-1\">\n\t\t\t\t\t<\/a>\n\n\t\t\t\t<\/div>\n\t\t\t\t<\/article>\n\t\t\t\t<article class=\"elementor-post elementor-grid-item post-4656 page type-page status-publish has-post-thumbnail hentry\" role=\"listitem\">\n\t\t\t\t<div class=\"elementor-post__text\">\n\t\t\t\t<span class=\"elementor-post__title\">\n\t\t\t<a href=\"https:\/\/www.ibizagocar.com\/it\/punti-di-ritiro\/figueral\/\">\n\t\t\t\tFigueral\t\t\t<\/a>\n\t\t<\/span>\n\t\t\n\t\t<a class=\"elementor-post__read-more\" href=\"https:\/\/www.ibizagocar.com\/it\/punti-di-ritiro\/figueral\/\" aria-label=\"Leggi tutto Figueral\" tabindex=\"-1\">\n\t\t\t\t\t<\/a>\n\n\t\t\t\t<\/div>\n\t\t\t\t<\/article>\n\t\t\t\t<article class=\"elementor-post elementor-grid-item post-4654 page type-page status-publish has-post-thumbnail hentry\" role=\"listitem\">\n\t\t\t\t<div class=\"elementor-post__text\">\n\t\t\t\t<span class=\"elementor-post__title\">\n\t\t\t<a href=\"https:\/\/www.ibizagocar.com\/it\/punti-di-ritiro\/es-canar\/\">\n\t\t\t\tNoleggio auto Es Canar\t\t\t<\/a>\n\t\t<\/span>\n\t\t\n\t\t<a class=\"elementor-post__read-more\" href=\"https:\/\/www.ibizagocar.com\/it\/punti-di-ritiro\/es-canar\/\" aria-label=\"Leggi tutto Noleggio auto Es Canar\" tabindex=\"-1\">\n\t\t\t\t\t<\/a>\n\n\t\t\t\t<\/div>\n\t\t\t\t<\/article>\n\t\t\t\t<article class=\"elementor-post elementor-grid-item post-4652 page type-page status-publish has-post-thumbnail hentry\" role=\"listitem\">\n\t\t\t\t<div class=\"elementor-post__text\">\n\t\t\t\t<span class=\"elementor-post__title\">\n\t\t\t<a href=\"https:\/\/www.ibizagocar.com\/it\/punti-di-ritiro\/cala-tarida\/\">\n\t\t\t\tNoleggio auto a Cala Tarida\t\t\t<\/a>\n\t\t<\/span>\n\t\t\n\t\t<a class=\"elementor-post__read-more\" href=\"https:\/\/www.ibizagocar.com\/it\/punti-di-ritiro\/cala-tarida\/\" aria-label=\"Leggi tutto Noleggio auto a Cala Tarida\" tabindex=\"-1\">\n\t\t\t\t\t<\/a>\n\n\t\t\t\t<\/div>\n\t\t\t\t<\/article>\n\t\t\t\t<article class=\"elementor-post elementor-grid-item post-4648 page type-page status-publish has-post-thumbnail hentry\" role=\"listitem\">\n\t\t\t\t<div class=\"elementor-post__text\">\n\t\t\t\t<span class=\"elementor-post__title\">\n\t\t\t<a href=\"https:\/\/www.ibizagocar.com\/it\/punti-di-ritiro\/cala-llonga\/\">\n\t\t\t\tNoleggio auto a Cala Llonga\t\t\t<\/a>\n\t\t<\/span>\n\t\t\n\t\t<a class=\"elementor-post__read-more\" href=\"https:\/\/www.ibizagocar.com\/it\/punti-di-ritiro\/cala-llonga\/\" aria-label=\"Leggi tutto Noleggio auto a Cala Llonga\" tabindex=\"-1\">\n\t\t\t\t\t<\/a>\n\n\t\t\t\t<\/div>\n\t\t\t\t<\/article>\n\t\t\t\t<article class=\"elementor-post elementor-grid-item post-4668 page type-page status-publish has-post-thumbnail hentry\" role=\"listitem\">\n\t\t\t\t<div class=\"elementor-post__text\">\n\t\t\t\t<span class=\"elementor-post__title\">\n\t\t\t<a href=\"https:\/\/www.ibizagocar.com\/it\/punti-di-ritiro\/santa-eulalia\/\">\n\t\t\t\tNoleggio auto a Santa Eulalia\t\t\t<\/a>\n\t\t<\/span>\n\t\t\n\t\t<a class=\"elementor-post__read-more\" href=\"https:\/\/www.ibizagocar.com\/it\/punti-di-ritiro\/santa-eulalia\/\" aria-label=\"Leggi tutto Noleggio auto a Santa Eulalia\" tabindex=\"-1\">\n\t\t\t\t\t<\/a>\n\n\t\t\t\t<\/div>\n\t\t\t\t<\/article>\n\t\t\t\t<\/div>\n\t\t\n\t\t\t\t\t\t<\/div>\n\t\t\t\t<\/div>\n\t\t\t\t\t<\/div>\n\t\t<\/div>\n\t\t\t\t\t<\/div>\n\t\t<\/section>\n\t\t\t\t<section class=\"elementor-section elementor-top-section elementor-element elementor-element-1fb525a elementor-section-boxed elementor-section-height-default elementor-section-height-default\" data-id=\"1fb525a\" data-element_type=\"section\" data-e-type=\"section\">\n\t\t\t\t\t\t<div class=\"elementor-container elementor-column-gap-default\">\n\t\t\t\t\t<div class=\"elementor-column elementor-col-100 elementor-top-column elementor-element elementor-element-7ee4f3a\" data-id=\"7ee4f3a\" data-element_type=\"column\" data-e-type=\"column\">\n\t\t\t<div class=\"elementor-widget-wrap elementor-element-populated\">\n\t\t\t\t\t\t<div class=\"elementor-element elementor-element-b52823a elementor-widget elementor-widget-heading\" data-id=\"b52823a\" data-element_type=\"widget\" data-e-type=\"widget\" data-widget_type=\"heading.default\">\n\t\t\t\t<div class=\"elementor-widget-container\">\n\t\t\t\t\t<h2 class=\"elementor-heading-title elementor-size-default\">Potrebbero interessarti anche...<\/h2>\t\t\t\t<\/div>\n\t\t\t\t<\/div>\n\t\t\t\t\t<\/div>\n\t\t<\/div>\n\t\t\t\t\t<\/div>\n\t\t<\/section>\n\t\t\t\t<\/div>\n\t\t","protected":false},"excerpt":{"rendered":"<p>Se stai cercando noleggio auto a Cala San Vicente, con Ibiza Go Car hai la libert\u00e0 di esplorare Ibiza senza vincoli. Il nostro punto di<\/p>\n","protected":false},"author":5,"featured_media":4479,"parent":4620,"menu_order":0,"comment_status":"closed","ping_status":"closed","template":"elementor_header_footer","meta":{"_acf_changed":false,"footnotes":""},"class_list":["post-4650","page","type-page","status-publish","has-post-thumbnail","hentry"],"acf":[],"_links":{"self":[{"href":"https:\/\/www.ibizagocar.com\/it\/wp-json\/wp\/v2\/pages\/4650","targetHints":{"allow":["GET"]}}],"collection":[{"href":"https:\/\/www.ibizagocar.com\/it\/wp-json\/wp\/v2\/pages"}],"about":[{"href":"https:\/\/www.ibizagocar.com\/it\/wp-json\/wp\/v2\/types\/page"}],"author":[{"embeddable":true,"href":"https:\/\/www.ibizagocar.com\/it\/wp-json\/wp\/v2\/users\/5"}],"replies":[{"embeddable":true,"href":"https:\/\/www.ibizagocar.com\/it\/wp-json\/wp\/v2\/comments?post=4650"}],"version-history":[{"count":0,"href":"https:\/\/www.ibizagocar.com\/it\/wp-json\/wp\/v2\/pages\/4650\/revisions"}],"up":[{"embeddable":true,"href":"https:\/\/www.ibizagocar.com\/it\/wp-json\/wp\/v2\/pages\/4620"}],"wp:featuredmedia":[{"embeddable":true,"href":"https:\/\/www.ibizagocar.com\/it\/wp-json\/wp\/v2\/media\/4479"}],"wp:attachment":[{"href":"https:\/\/www.ibizagocar.com\/it\/wp-json\/wp\/v2\/media?parent=4650"}],"curies":[{"name":"wp","href":"https:\/\/api.w.org\/{rel}","templated":true}]}}