{"id":4654,"date":"2023-07-11T13:01:11","date_gmt":"2023-07-11T13:01:11","guid":{"rendered":"https:\/\/ibizagocar.com\/punti-di-ritiro\/es-canar\/"},"modified":"2024-12-17T13:05:15","modified_gmt":"2024-12-17T12:05:15","slug":"es-canar","status":"publish","type":"page","link":"https:\/\/www.ibizagocar.com\/it\/punti-di-ritiro\/es-canar\/","title":{"rendered":"Noleggio auto Es Canar"},"content":{"rendered":"\t\t<div data-elementor-type=\"wp-page\" data-elementor-id=\"4654\" class=\"elementor elementor-4654 elementor-4375\" data-elementor-post-type=\"page\">\n\t\t\t\t\t\t<section class=\"elementor-section elementor-top-section elementor-element elementor-element-50625c3f elementor-section-boxed elementor-section-height-default elementor-section-height-default\" data-id=\"50625c3f\" data-element_type=\"section\" data-e-type=\"section\">\n\t\t\t\t\t\t<div class=\"elementor-container elementor-column-gap-default\">\n\t\t\t\t\t<div class=\"elementor-column elementor-col-66 elementor-top-column elementor-element elementor-element-9d9983c\" data-id=\"9d9983c\" data-element_type=\"column\" data-e-type=\"column\">\n\t\t\t<div class=\"elementor-widget-wrap elementor-element-populated\">\n\t\t\t\t\t\t<div class=\"elementor-element elementor-element-47c45d6f elementor-widget elementor-widget-text-editor\" data-id=\"47c45d6f\" data-element_type=\"widget\" data-e-type=\"widget\" data-widget_type=\"text-editor.default\">\n\t\t\t\t<div class=\"elementor-widget-container\">\n\t\t\t\t\t\t\t\t\t<p>Punto di raccolta a Es Canar: Ibiza Go Car<\/p>\n<p>Benvenuto al punto di raccolta Ibiza Go Car a Es Canar. Siamo lieti di offrirvi un servizio di noleggio auto di alta qualit\u00e0 in una delle zone pi\u00f9 belle dell&#8217;isola. In questo testo, ti forniremo informazioni utili sul nostro punto di raccolta in modo che tu possa vivere un&#8217;esperienza indimenticabile durante la tua visita a Ibiza.<\/p>\n<p>Il nostro punto di raccolta \u00e8 convenientemente situato nel cuore di Es Canar, permettendoti di accedere facilmente alla tua auto a noleggio e iniziare a esplorare tutti i posti meravigliosi che l&#8217;isola ha da offrire. Scegliendo Ibiza Go Car, avrai il vantaggio di avere un servizio amichevole e professionale dal momento in cui arrivi al nostro punto di raccolta.<\/p>\n<p>Il nostro staff sar\u00e0 lieto di accogliervi e assistervi in \u200b\u200btutto ci\u00f2 di cui avrete bisogno. Ci impegniamo a fornirti un&#8217;esperienza di noleggio auto senza problemi, motivo per cui ci assicuriamo che l&#8217;intero processo sia rapido ed efficiente. Inoltre, i nostri dipendenti ti forniranno informazioni utili sulle normative del traffico locale e ti offriranno consigli sui migliori percorsi e destinazioni da esplorare sull&#8217;isola.<\/p>\n<p>Presso il nostro punto di raccolta a Es Canar, troverai un&#8217;ampia flotta di veicoli ben tenuti e moderni tra cui scegliere in base alle tue esigenze e preferenze. Dalle auto compatte ideali per spostarsi in citt\u00e0, ai veicoli pi\u00f9 spaziosi per famiglie o gruppi, abbiamo opzioni per tutti i tipi di viaggiatori. Ci assicuriamo che le nostre auto siano pulite e in perfette condizioni, in modo che tu possa goderti un viaggio comodo e sicuro.<\/p>\n<p>Inoltre, presso il nostro punto di raccolta troverai servizi aggiuntivi che miglioreranno la tua esperienza di noleggio auto. Ti offriamo la possibilit\u00e0 di noleggiare sistemi di navigazione GPS per esplorare l&#8217;isola senza problemi, oltre a seggiolini per bambini o seggiolini per i pi\u00f9 piccoli. Il nostro obiettivo \u00e8 fornirti tutto ci\u00f2 di cui hai bisogno per rendere il tuo viaggio il pi\u00f9 comodo e piacevole possibile.<\/p>\n<p>In breve, se hai intenzione di visitare Es Canar e Ibiza, il punto di raccolta di Ibiza Go Car \u00e8 il luogo ideale per iniziare la tua avventura. Con personale cordiale, un&#8217;ampia selezione di auto e servizi aggiuntivi disponibili, siamo qui per rendere la tua esperienza di noleggio auto eccezionale. Non esitare a visitarci a Es Canar e scopri come possiamo aiutarti a rendere il tuo viaggio un&#8217;esperienza indimenticabile.<\/p>\n\t\t\t\t\t\t\t\t<\/div>\n\t\t\t\t<\/div>\n\t\t\t\t<div class=\"elementor-element elementor-element-5bda6763 elementor-widget elementor-widget-google_maps\" data-id=\"5bda6763\" data-element_type=\"widget\" data-e-type=\"widget\" data-widget_type=\"google_maps.default\">\n\t\t\t\t<div class=\"elementor-widget-container\">\n\t\t\t\t\t\t\t<div class=\"elementor-custom-embed\">\n\t\t\t<iframe loading=\"lazy\"\n\t\t\t\t\tsrc=\"https:\/\/maps.google.com\/maps?q=Class%20Rent%20a%20Car%20-%20Alquiler%20coches%20Es%20Canar%20-%20Ibiza%2C%20Carrer%20s%27Aljub%2C%20s%2Fn%2C%2007849%20Es%20Canar%2C%20Balearic%20Islands&#038;t=m&#038;z=16&#038;output=embed&#038;iwloc=near\"\n\t\t\t\t\ttitle=\"Class Rent a Car - Alquiler coches Es Canar - Ibiza, Carrer s&#039;Aljub, s\/n, 07849 Es Canar, Balearic Islands\"\n\t\t\t\t\taria-label=\"Class Rent a Car - Alquiler coches Es Canar - Ibiza, Carrer s&#039;Aljub, s\/n, 07849 Es Canar, Balearic Islands\"\n\t\t\t><\/iframe>\n\t\t<\/div>\n\t\t\t\t\t\t<\/div>\n\t\t\t\t<\/div>\n\t\t\t\t<div class=\"elementor-element elementor-element-2d78c6ac elementor-widget-divider--view-line elementor-widget elementor-widget-divider\" data-id=\"2d78c6ac\" data-element_type=\"widget\" data-e-type=\"widget\" data-widget_type=\"divider.default\">\n\t\t\t\t<div class=\"elementor-widget-container\">\n\t\t\t\t\t\t\t<div class=\"elementor-divider\">\n\t\t\t<span class=\"elementor-divider-separator\">\n\t\t\t\t\t\t<\/span>\n\t\t<\/div>\n\t\t\t\t\t\t<\/div>\n\t\t\t\t<\/div>\n\t\t\t\t<div class=\"elementor-element elementor-element-28bbe981 elementor-widget elementor-widget-elementskit-social-media\" data-id=\"28bbe981\" data-element_type=\"widget\" data-e-type=\"widget\" data-widget_type=\"elementskit-social-media.default\">\n\t\t\t\t<div class=\"elementor-widget-container\">\n\t\t\t\t\t<div class=\"ekit-wid-con\" >\t\t\t <ul class=\"ekit_social_media\">\n\t\t\t\t\t\t\t\t\t\t\t\t\t\t<li class=\"elementor-repeater-item-0e95d93\">\n\t\t\t\t\t    <a href=\"https:\/\/www.facebook.com\/ibizagocar\/\" target=\"_blank\" rel=\"noopener\" aria-label=\"Facebook\" class=\"facebook\">\n\t\t\t\t\t\t\t\n\t\t\t\t\t\t\t<i aria-hidden=\"true\" class=\"icon icon-facebook\"><\/i>\n                                                                                                            <\/a>\n                    <\/li>\n                    \t\t\t\t\t\t\t\t\t\t\t\t\t\t<li class=\"elementor-repeater-item-08c08f1\">\n\t\t\t\t\t    <a href=\"https:\/\/twitter.com\/ibizagocar\" target=\"_blank\" rel=\"noopener\" aria-label=\"Twitter\" class=\"twitter\">\n\t\t\t\t\t\t\t\n\t\t\t\t\t\t\t<i aria-hidden=\"true\" class=\"icon icon-twitter\"><\/i>\n                                                                                                            <\/a>\n                    <\/li>\n                    \t\t\t\t\t\t\t\t\t\t\t\t\t\t<li class=\"elementor-repeater-item-c52240f\">\n\t\t\t\t\t    <a href=\"https:\/\/www.pinterest.es\/ibizagocar\/\" target=\"_blank\" rel=\"noopener\" aria-label=\"Pinterest\" class=\"pinterest\">\n\t\t\t\t\t\t\t\n\t\t\t\t\t\t\t<i aria-hidden=\"true\" class=\"icon icon-pinterest\"><\/i>\n                                                                                                            <\/a>\n                    <\/li>\n                    \t\t\t\t\t\t\t<\/ul>\n\t\t<\/div>\t\t\t\t<\/div>\n\t\t\t\t<\/div>\n\t\t\t\t\t<\/div>\n\t\t<\/div>\n\t\t\t\t<div class=\"elementor-column elementor-col-33 elementor-top-column elementor-element elementor-element-5cfb7859\" data-id=\"5cfb7859\" data-element_type=\"column\" data-e-type=\"column\">\n\t\t\t<div class=\"elementor-widget-wrap elementor-element-populated\">\n\t\t\t\t\t\t<div class=\"elementor-element elementor-element-4265be91 elementor-widget elementor-widget-image\" data-id=\"4265be91\" data-element_type=\"widget\" data-e-type=\"widget\" data-widget_type=\"image.default\">\n\t\t\t\t<div class=\"elementor-widget-container\">\n\t\t\t\t\t\t\t\t\t\t\t\t\t\t\t<img fetchpriority=\"high\" decoding=\"async\" width=\"675\" height=\"900\" src=\"https:\/\/www.ibizagocar.com\/wp-content\/uploads\/2023\/06\/Es-Canar-Ibiza.jpg\" class=\"attachment-large size-large wp-image-4473\" alt=\"\" srcset=\"https:\/\/www.ibizagocar.com\/wp-content\/uploads\/2023\/06\/Es-Canar-Ibiza.jpg 675w, https:\/\/www.ibizagocar.com\/wp-content\/uploads\/2023\/06\/Es-Canar-Ibiza-300x400.jpg 300w\" sizes=\"(max-width: 675px) 100vw, 675px\" title=\"\">\t\t\t\t\t\t\t\t\t\t\t\t\t\t\t<\/div>\n\t\t\t\t<\/div>\n\t\t\t\t<div class=\"elementor-element elementor-element-560af7f5 elementor-widget elementor-widget-text-editor\" data-id=\"560af7f5\" data-element_type=\"widget\" data-e-type=\"widget\" data-widget_type=\"text-editor.default\">\n\t\t\t\t<div class=\"elementor-widget-container\">\n\t\t\t\t\t\t\t\t\t<h3>POSIZIONE DEL PUNTO DI RACCOLTA<\/h3>\n<p>Calle S\u00b4Aljub s\/n &#8211; Local 3, Ed. Montemar<br \/>\n07840 &#8211; Es Canar<\/p>\n<p><a class=\"googleURL\" href=\"https:\/\/www.google.es\/maps\/place\/Class+Rent+a+Car+-+Alquiler+coches+Es+Canar+-+Ibiza\/@39.0139236,1.5770634,13z\/data=!4m8!1m2!2m1!1sClass+Rent+a+Car+-class+rent+a+car+cala+san+vicente!3m4!1s0x0:0x93dd02931dea96a8!8m2!3d39.0017935!4d1.5753472\" target=\"_blank\" rel=\"noopener\"><strong>Google Maps<\/strong><\/a><\/p>\n<h3>ALTRI PUNTI DI RACCOLTA<\/h3>\n\t\t\t\t\t\t\t\t<\/div>\n\t\t\t\t<\/div>\n\t\t\t\t<div class=\"elementor-element elementor-element-6fb8b68 elementor-grid-1 elementor-posts--thumbnail-none elementor-posts--align-left elementor-grid-tablet-2 elementor-grid-mobile-1 elementor-widget elementor-widget-posts\" data-id=\"6fb8b68\" data-element_type=\"widget\" data-e-type=\"widget\" data-settings=\"{&quot;classic_columns&quot;:&quot;1&quot;,&quot;classic_row_gap&quot;:{&quot;unit&quot;:&quot;px&quot;,&quot;size&quot;:&quot;&quot;,&quot;sizes&quot;:[]},&quot;classic_columns_tablet&quot;:&quot;2&quot;,&quot;classic_columns_mobile&quot;:&quot;1&quot;,&quot;classic_row_gap_tablet&quot;:{&quot;unit&quot;:&quot;px&quot;,&quot;size&quot;:&quot;&quot;,&quot;sizes&quot;:[]},&quot;classic_row_gap_mobile&quot;:{&quot;unit&quot;:&quot;px&quot;,&quot;size&quot;:&quot;&quot;,&quot;sizes&quot;:[]}}\" data-widget_type=\"posts.classic\">\n\t\t\t\t<div class=\"elementor-widget-container\">\n\t\t\t\t\t\t\t<div class=\"elementor-posts-container elementor-posts elementor-posts--skin-classic elementor-grid\" role=\"list\">\n\t\t\t\t<article class=\"elementor-post elementor-grid-item post-4646 page type-page status-publish has-post-thumbnail hentry\" role=\"listitem\">\n\t\t\t\t<div class=\"elementor-post__text\">\n\t\t\t\t<span class=\"elementor-post__title\">\n\t\t\t<a href=\"https:\/\/www.ibizagocar.com\/it\/punti-di-ritiro\/aeropuerto-ibiza\/\">\n\t\t\t\tNoleggio auto Ibiza Aeroporto\t\t\t<\/a>\n\t\t<\/span>\n\t\t\n\t\t<a class=\"elementor-post__read-more\" href=\"https:\/\/www.ibizagocar.com\/it\/punti-di-ritiro\/aeropuerto-ibiza\/\" aria-label=\"Leggi tutto Noleggio auto Ibiza Aeroporto\" tabindex=\"-1\">\n\t\t\t\t\t<\/a>\n\n\t\t\t\t<\/div>\n\t\t\t\t<\/article>\n\t\t\t\t<article class=\"elementor-post elementor-grid-item post-4666 page type-page status-publish has-post-thumbnail hentry\" role=\"listitem\">\n\t\t\t\t<div class=\"elementor-post__text\">\n\t\t\t\t<span class=\"elementor-post__title\">\n\t\t\t<a href=\"https:\/\/www.ibizagocar.com\/it\/punti-di-ritiro\/san-miguel-puerto\/\">\n\t\t\t\tNoleggio auto a San Miguel (Puerto)\t\t\t<\/a>\n\t\t<\/span>\n\t\t\n\t\t<a class=\"elementor-post__read-more\" href=\"https:\/\/www.ibizagocar.com\/it\/punti-di-ritiro\/san-miguel-puerto\/\" aria-label=\"Leggi tutto Noleggio auto a San Miguel (Puerto)\" tabindex=\"-1\">\n\t\t\t\t\t<\/a>\n\n\t\t\t\t<\/div>\n\t\t\t\t<\/article>\n\t\t\t\t<article class=\"elementor-post elementor-grid-item post-4664 page type-page status-publish has-post-thumbnail hentry\" role=\"listitem\">\n\t\t\t\t<div class=\"elementor-post__text\">\n\t\t\t\t<span class=\"elementor-post__title\">\n\t\t\t<a href=\"https:\/\/www.ibizagocar.com\/it\/punti-di-ritiro\/san-antonio-bahia-de-sant-antoni\/\">\n\t\t\t\tNoleggio auto a San Antonio\t\t\t<\/a>\n\t\t<\/span>\n\t\t\n\t\t<a class=\"elementor-post__read-more\" href=\"https:\/\/www.ibizagocar.com\/it\/punti-di-ritiro\/san-antonio-bahia-de-sant-antoni\/\" aria-label=\"Leggi tutto Noleggio auto a San Antonio\" tabindex=\"-1\">\n\t\t\t\t\t<\/a>\n\n\t\t\t\t<\/div>\n\t\t\t\t<\/article>\n\t\t\t\t<article class=\"elementor-post elementor-grid-item post-4662 page type-page status-publish has-post-thumbnail hentry\" role=\"listitem\">\n\t\t\t\t<div class=\"elementor-post__text\">\n\t\t\t\t<span class=\"elementor-post__title\">\n\t\t\t<a href=\"https:\/\/www.ibizagocar.com\/it\/punti-di-ritiro\/puerto-ibiza\/\">\n\t\t\t\tPuerto Ibiza\t\t\t<\/a>\n\t\t<\/span>\n\t\t\n\t\t<a class=\"elementor-post__read-more\" href=\"https:\/\/www.ibizagocar.com\/it\/punti-di-ritiro\/puerto-ibiza\/\" aria-label=\"Leggi tutto Puerto Ibiza\" tabindex=\"-1\">\n\t\t\t\t\t<\/a>\n\n\t\t\t\t<\/div>\n\t\t\t\t<\/article>\n\t\t\t\t<article class=\"elementor-post elementor-grid-item post-4660 page type-page status-publish has-post-thumbnail hentry\" role=\"listitem\">\n\t\t\t\t<div class=\"elementor-post__text\">\n\t\t\t\t<span class=\"elementor-post__title\">\n\t\t\t<a href=\"https:\/\/www.ibizagocar.com\/it\/punti-di-ritiro\/portinatx\/\">\n\t\t\t\tAllestimento di automobili a Portinatx\t\t\t<\/a>\n\t\t<\/span>\n\t\t\n\t\t<a class=\"elementor-post__read-more\" href=\"https:\/\/www.ibizagocar.com\/it\/punti-di-ritiro\/portinatx\/\" aria-label=\"Leggi tutto Allestimento di automobili a Portinatx\" tabindex=\"-1\">\n\t\t\t\t\t<\/a>\n\n\t\t\t\t<\/div>\n\t\t\t\t<\/article>\n\t\t\t\t<article class=\"elementor-post elementor-grid-item post-4658 page type-page status-publish has-post-thumbnail hentry\" role=\"listitem\">\n\t\t\t\t<div class=\"elementor-post__text\">\n\t\t\t\t<span class=\"elementor-post__title\">\n\t\t\t<a href=\"https:\/\/www.ibizagocar.com\/it\/punti-di-ritiro\/playa-den-bossa-ibiza\/\">\n\t\t\t\tNoleggio auto a Playa den Bossa (Ibiza)\t\t\t<\/a>\n\t\t<\/span>\n\t\t\n\t\t<a class=\"elementor-post__read-more\" href=\"https:\/\/www.ibizagocar.com\/it\/punti-di-ritiro\/playa-den-bossa-ibiza\/\" aria-label=\"Leggi tutto Noleggio auto a Playa den Bossa (Ibiza)\" tabindex=\"-1\">\n\t\t\t\t\t<\/a>\n\n\t\t\t\t<\/div>\n\t\t\t\t<\/article>\n\t\t\t\t<article class=\"elementor-post elementor-grid-item post-4656 page type-page status-publish has-post-thumbnail hentry\" role=\"listitem\">\n\t\t\t\t<div class=\"elementor-post__text\">\n\t\t\t\t<span class=\"elementor-post__title\">\n\t\t\t<a href=\"https:\/\/www.ibizagocar.com\/it\/punti-di-ritiro\/figueral\/\">\n\t\t\t\tFigueral\t\t\t<\/a>\n\t\t<\/span>\n\t\t\n\t\t<a class=\"elementor-post__read-more\" href=\"https:\/\/www.ibizagocar.com\/it\/punti-di-ritiro\/figueral\/\" aria-label=\"Leggi tutto Figueral\" tabindex=\"-1\">\n\t\t\t\t\t<\/a>\n\n\t\t\t\t<\/div>\n\t\t\t\t<\/article>\n\t\t\t\t<article class=\"elementor-post elementor-grid-item post-4652 page type-page status-publish has-post-thumbnail hentry\" role=\"listitem\">\n\t\t\t\t<div class=\"elementor-post__text\">\n\t\t\t\t<span class=\"elementor-post__title\">\n\t\t\t<a href=\"https:\/\/www.ibizagocar.com\/it\/punti-di-ritiro\/cala-tarida\/\">\n\t\t\t\tNoleggio auto a Cala Tarida\t\t\t<\/a>\n\t\t<\/span>\n\t\t\n\t\t<a class=\"elementor-post__read-more\" href=\"https:\/\/www.ibizagocar.com\/it\/punti-di-ritiro\/cala-tarida\/\" aria-label=\"Leggi tutto Noleggio auto a Cala Tarida\" tabindex=\"-1\">\n\t\t\t\t\t<\/a>\n\n\t\t\t\t<\/div>\n\t\t\t\t<\/article>\n\t\t\t\t<article class=\"elementor-post elementor-grid-item post-4650 page type-page status-publish has-post-thumbnail hentry\" role=\"listitem\">\n\t\t\t\t<div class=\"elementor-post__text\">\n\t\t\t\t<span class=\"elementor-post__title\">\n\t\t\t<a href=\"https:\/\/www.ibizagocar.com\/it\/punti-di-ritiro\/cala-san-vicente\/\">\n\t\t\t\tNoleggio auto Cala San Vicente\t\t\t<\/a>\n\t\t<\/span>\n\t\t\n\t\t<a class=\"elementor-post__read-more\" href=\"https:\/\/www.ibizagocar.com\/it\/punti-di-ritiro\/cala-san-vicente\/\" aria-label=\"Leggi tutto Noleggio auto Cala San Vicente\" tabindex=\"-1\">\n\t\t\t\t\t<\/a>\n\n\t\t\t\t<\/div>\n\t\t\t\t<\/article>\n\t\t\t\t<article class=\"elementor-post elementor-grid-item post-4648 page type-page status-publish has-post-thumbnail hentry\" role=\"listitem\">\n\t\t\t\t<div class=\"elementor-post__text\">\n\t\t\t\t<span class=\"elementor-post__title\">\n\t\t\t<a href=\"https:\/\/www.ibizagocar.com\/it\/punti-di-ritiro\/cala-llonga\/\">\n\t\t\t\tNoleggio auto a Cala Llonga\t\t\t<\/a>\n\t\t<\/span>\n\t\t\n\t\t<a class=\"elementor-post__read-more\" href=\"https:\/\/www.ibizagocar.com\/it\/punti-di-ritiro\/cala-llonga\/\" aria-label=\"Leggi tutto Noleggio auto a Cala Llonga\" tabindex=\"-1\">\n\t\t\t\t\t<\/a>\n\n\t\t\t\t<\/div>\n\t\t\t\t<\/article>\n\t\t\t\t<article class=\"elementor-post elementor-grid-item post-4668 page type-page status-publish has-post-thumbnail hentry\" role=\"listitem\">\n\t\t\t\t<div class=\"elementor-post__text\">\n\t\t\t\t<span class=\"elementor-post__title\">\n\t\t\t<a href=\"https:\/\/www.ibizagocar.com\/it\/punti-di-ritiro\/santa-eulalia\/\">\n\t\t\t\tNoleggio auto a Santa Eulalia\t\t\t<\/a>\n\t\t<\/span>\n\t\t\n\t\t<a class=\"elementor-post__read-more\" href=\"https:\/\/www.ibizagocar.com\/it\/punti-di-ritiro\/santa-eulalia\/\" aria-label=\"Leggi tutto Noleggio auto a Santa Eulalia\" tabindex=\"-1\">\n\t\t\t\t\t<\/a>\n\n\t\t\t\t<\/div>\n\t\t\t\t<\/article>\n\t\t\t\t<\/div>\n\t\t\n\t\t\t\t\t\t<\/div>\n\t\t\t\t<\/div>\n\t\t\t\t\t<\/div>\n\t\t<\/div>\n\t\t\t\t\t<\/div>\n\t\t<\/section>\n\t\t\t\t<section class=\"elementor-section elementor-top-section elementor-element elementor-element-9efe9d6 elementor-section-boxed elementor-section-height-default elementor-section-height-default\" data-id=\"9efe9d6\" data-element_type=\"section\" data-e-type=\"section\">\n\t\t\t\t\t\t<div class=\"elementor-container elementor-column-gap-default\">\n\t\t\t\t\t<div class=\"elementor-column elementor-col-100 elementor-top-column elementor-element elementor-element-8f852c8\" data-id=\"8f852c8\" data-element_type=\"column\" data-e-type=\"column\">\n\t\t\t<div class=\"elementor-widget-wrap elementor-element-populated\">\n\t\t\t\t\t\t<div class=\"elementor-element elementor-element-8da6a73 elementor-widget elementor-widget-heading\" data-id=\"8da6a73\" data-element_type=\"widget\" data-e-type=\"widget\" data-widget_type=\"heading.default\">\n\t\t\t\t<div class=\"elementor-widget-container\">\n\t\t\t\t\t<h2 class=\"elementor-heading-title elementor-size-default\">Potrebbero interessarti anche...<\/h2>\t\t\t\t<\/div>\n\t\t\t\t<\/div>\n\t\t\t\t\t<\/div>\n\t\t<\/div>\n\t\t\t\t\t<\/div>\n\t\t<\/section>\n\t\t\t\t<\/div>\n\t\t","protected":false},"excerpt":{"rendered":"<p>Punto di raccolta a Es Canar: Ibiza Go Car Benvenuto al punto di raccolta Ibiza Go Car a Es Canar. Siamo lieti di offrirvi un<\/p>\n","protected":false},"author":5,"featured_media":4473,"parent":4620,"menu_order":0,"comment_status":"closed","ping_status":"closed","template":"elementor_header_footer","meta":{"_acf_changed":false,"footnotes":""},"class_list":["post-4654","page","type-page","status-publish","has-post-thumbnail","hentry"],"acf":[],"_links":{"self":[{"href":"https:\/\/www.ibizagocar.com\/it\/wp-json\/wp\/v2\/pages\/4654","targetHints":{"allow":["GET"]}}],"collection":[{"href":"https:\/\/www.ibizagocar.com\/it\/wp-json\/wp\/v2\/pages"}],"about":[{"href":"https:\/\/www.ibizagocar.com\/it\/wp-json\/wp\/v2\/types\/page"}],"author":[{"embeddable":true,"href":"https:\/\/www.ibizagocar.com\/it\/wp-json\/wp\/v2\/users\/5"}],"replies":[{"embeddable":true,"href":"https:\/\/www.ibizagocar.com\/it\/wp-json\/wp\/v2\/comments?post=4654"}],"version-history":[{"count":0,"href":"https:\/\/www.ibizagocar.com\/it\/wp-json\/wp\/v2\/pages\/4654\/revisions"}],"up":[{"embeddable":true,"href":"https:\/\/www.ibizagocar.com\/it\/wp-json\/wp\/v2\/pages\/4620"}],"wp:featuredmedia":[{"embeddable":true,"href":"https:\/\/www.ibizagocar.com\/it\/wp-json\/wp\/v2\/media\/4473"}],"wp:attachment":[{"href":"https:\/\/www.ibizagocar.com\/it\/wp-json\/wp\/v2\/media?parent=4654"}],"curies":[{"name":"wp","href":"https:\/\/api.w.org\/{rel}","templated":true}]}}