{"id":4656,"date":"2025-02-27T13:01:00","date_gmt":"2025-02-27T12:01:00","guid":{"rendered":"https:\/\/ibizagocar.com\/punti-di-ritiro\/figueral\/"},"modified":"2025-02-28T10:23:49","modified_gmt":"2025-02-28T09:23:49","slug":"figueral","status":"publish","type":"page","link":"https:\/\/www.ibizagocar.com\/it\/punti-di-ritiro\/figueral\/","title":{"rendered":"Figueral"},"content":{"rendered":"\t\t<div data-elementor-type=\"wp-page\" data-elementor-id=\"4656\" class=\"elementor elementor-4656 elementor-4395\" data-elementor-post-type=\"page\">\n\t\t\t\t\t\t<section class=\"elementor-section elementor-top-section elementor-element elementor-element-3fecde3f elementor-section-boxed elementor-section-height-default elementor-section-height-default\" data-id=\"3fecde3f\" data-element_type=\"section\" data-e-type=\"section\">\n\t\t\t\t\t\t<div class=\"elementor-container elementor-column-gap-default\">\n\t\t\t\t\t<div class=\"elementor-column elementor-col-66 elementor-top-column elementor-element elementor-element-46a5adbb\" data-id=\"46a5adbb\" data-element_type=\"column\" data-e-type=\"column\">\n\t\t\t<div class=\"elementor-widget-wrap elementor-element-populated\">\n\t\t\t\t\t\t<div class=\"elementor-element elementor-element-2e6f996f elementor-widget elementor-widget-text-editor\" data-id=\"2e6f996f\" data-element_type=\"widget\" data-e-type=\"widget\" data-widget_type=\"text-editor.default\">\n\t\t\t\t<div class=\"elementor-widget-container\">\n\t\t\t\t\t\t\t\t\t<p data-start=\"77\" data-end=\"376\">Benvenuto al punto di ritiro <strong data-start=\"106\" data-end=\"133\">Ibiza Go Car a Figueral<\/strong>, dove ti offriamo un servizio di <strong data-start=\"167\" data-end=\"195\">noleggio auto a Figueral<\/strong> comodo, affidabile e senza complicazioni. Grazie alla nostra posizione strategica, potrai ritirare la tua auto rapidamente e iniziare subito a scoprire l\u2019isola in totale libert\u00e0.<\/p><p data-start=\"378\" data-end=\"632\">Se cerchi un\u2019esperienza di <strong data-start=\"405\" data-end=\"440\">noleggio auto semplice e veloce<\/strong>, il nostro team \u00e8 pronto ad accoglierti con professionalit\u00e0 e disponibilit\u00e0, aiutandoti a scegliere il veicolo pi\u00f9 adatto alle tue esigenze e rispondendo a qualsiasi domanda tu possa avere.<\/p><h2 data-start=\"378\" data-end=\"632\">Perch\u00e9 Noleggiare un\u2019Auto a Figueral con Ibiza Go Car?<\/h2><p data-start=\"705\" data-end=\"1035\">Il nostro <strong data-start=\"715\" data-end=\"745\">punto di ritiro a Figueral<\/strong> si trova in una posizione strategica, vicino alle principali attrazioni turistiche e strutture ricettive della zona. Questo ti permetter\u00e0 di <strong data-start=\"887\" data-end=\"944\">iniziare la tua avventura a Ibiza senza perdere tempo<\/strong>, con accesso immediato alle strade principali per muoverti comodamente in tutta l\u2019isola.<\/p><p data-start=\"1037\" data-end=\"1115\">Grazie al nostro <strong data-start=\"1054\" data-end=\"1094\">servizio di noleggio auto a Figueral<\/strong>, potrai godere di:<\/p><ul data-start=\"1117\" data-end=\"1335\"><li data-start=\"1117\" data-end=\"1178\"><strong data-start=\"1119\" data-end=\"1151\">Prenotazione facile e veloce<\/strong>, con conferma immediata.<\/li><li data-start=\"1179\" data-end=\"1271\"><strong data-start=\"1181\" data-end=\"1210\">Un\u2019ampia gamma di veicoli<\/strong>, dalle city car economiche ai SUV spaziosi e confortevoli.<\/li><li data-start=\"1272\" data-end=\"1335\"><strong data-start=\"1274\" data-end=\"1310\">Prezzi competitivi e trasparenti<\/strong>, senza costi nascosti.<\/li><\/ul><p data-start=\"1337\" data-end=\"1487\">Tutti i nostri veicoli sono regolarmente sottoposti a manutenzione per garantire <strong data-start=\"1418\" data-end=\"1461\">sicurezza, efficienza e massimo comfort<\/strong> durante il tuo viaggio.<\/p><h2 data-start=\"1337\" data-end=\"1487\">Scopri Ibiza Partendo da Figueral<\/h2><p data-start=\"1539\" data-end=\"1673\">Noleggiare un\u2019auto a <strong data-start=\"1560\" data-end=\"1572\">Figueral<\/strong> ti permette di esplorare l\u2019isola senza vincoli, raggiungendo facilmente localit\u00e0 imperdibili come:<\/p><ul data-start=\"1675\" data-end=\"1936\"><li data-start=\"1675\" data-end=\"1765\"><strong data-start=\"1677\" data-end=\"1694\">Santa Eulalia<\/strong>, famosa per la sua atmosfera accogliente e le sue splendide spiagge.<\/li><li data-start=\"1766\" data-end=\"1850\"><strong data-start=\"1768\" data-end=\"1780\">Es Canar<\/strong>, con il suo caratteristico mercato hippy e il lungomare panoramico.<\/li><li data-start=\"1851\" data-end=\"1936\"><strong data-start=\"1853\" data-end=\"1873\">Cala San Vicente<\/strong>, una delle baie pi\u00f9 affascinanti della costa nord-orientale.<\/li><\/ul><p data-start=\"1938\" data-end=\"2079\">Con un\u2019auto a noleggio, potrai <strong data-start=\"1969\" data-end=\"2024\">vivere Ibiza senza dipendere dai trasporti pubblici<\/strong>, organizzando il tuo itinerario in totale autonomia.<\/p><h2 data-start=\"1938\" data-end=\"2079\">Prenota Ora il Tuo Noleggio Auto a Figueral<\/h2><p data-start=\"2141\" data-end=\"2466\">Per garantirti la <strong data-start=\"2159\" data-end=\"2195\">disponibilit\u00e0 del veicolo ideale<\/strong>, ti consigliamo di <strong data-start=\"2215\" data-end=\"2240\">prenotare in anticipo<\/strong> tramite il nostro sito web o contattando direttamente il nostro team. Il nostro obiettivo \u00e8 offrirti un\u2019esperienza di <strong data-start=\"2359\" data-end=\"2389\">noleggio auto senza stress<\/strong>, permettendoti di esplorare Ibiza nel modo pi\u00f9 comodo e pratico possibile.<\/p><p data-start=\"2468\" data-end=\"2592\" data-is-last-node=\"\" data-is-only-node=\"\">Prenota ora il tuo noleggio auto a Figueral con Ibiza Go Car e preparati a vivere un viaggio indimenticabile a Ibiza!<\/p>\t\t\t\t\t\t\t\t<\/div>\n\t\t\t\t<\/div>\n\t\t\t\t<div class=\"elementor-element elementor-element-3ecbdb58 elementor-widget elementor-widget-google_maps\" data-id=\"3ecbdb58\" data-element_type=\"widget\" data-e-type=\"widget\" data-widget_type=\"google_maps.default\">\n\t\t\t\t<div class=\"elementor-widget-container\">\n\t\t\t\t\t\t\t<div class=\"elementor-custom-embed\">\n\t\t\t<iframe loading=\"lazy\"\n\t\t\t\t\tsrc=\"https:\/\/maps.google.com\/maps?q=Class%20Rent%20a%20Car%20-%20Alquiler%20coches%20Figueral%20-%20Ibiza%2C%20Hotel%20Cala%20Blanca%2C%20Platja%20Es%20Figueral%2C%200%20S%2FN%2C%2007850%20Sant%20Carles%20de%20Peralta%2C%20Balearic%20Islands&#038;t=m&#038;z=16&#038;output=embed&#038;iwloc=near\"\n\t\t\t\t\ttitle=\"Class Rent a Car - Alquiler coches Figueral - Ibiza, Hotel Cala Blanca, Platja Es Figueral, 0 S\/N, 07850 Sant Carles de Peralta, Balearic Islands\"\n\t\t\t\t\taria-label=\"Class Rent a Car - Alquiler coches Figueral - Ibiza, Hotel Cala Blanca, Platja Es Figueral, 0 S\/N, 07850 Sant Carles de Peralta, Balearic Islands\"\n\t\t\t><\/iframe>\n\t\t<\/div>\n\t\t\t\t\t\t<\/div>\n\t\t\t\t<\/div>\n\t\t\t\t<div class=\"elementor-element elementor-element-7008b470 elementor-widget-divider--view-line elementor-widget elementor-widget-divider\" data-id=\"7008b470\" data-element_type=\"widget\" data-e-type=\"widget\" data-widget_type=\"divider.default\">\n\t\t\t\t<div class=\"elementor-widget-container\">\n\t\t\t\t\t\t\t<div class=\"elementor-divider\">\n\t\t\t<span class=\"elementor-divider-separator\">\n\t\t\t\t\t\t<\/span>\n\t\t<\/div>\n\t\t\t\t\t\t<\/div>\n\t\t\t\t<\/div>\n\t\t\t\t<div class=\"elementor-element elementor-element-2aca5dfa elementor-widget elementor-widget-elementskit-social-media\" data-id=\"2aca5dfa\" data-element_type=\"widget\" data-e-type=\"widget\" data-widget_type=\"elementskit-social-media.default\">\n\t\t\t\t<div class=\"elementor-widget-container\">\n\t\t\t\t\t<div class=\"ekit-wid-con\" >\t\t\t <ul class=\"ekit_social_media\">\n\t\t\t\t\t\t\t\t\t\t\t\t\t\t<li class=\"elementor-repeater-item-0e95d93\">\n\t\t\t\t\t    <a href=\"https:\/\/www.facebook.com\/ibizagocar\/\" target=\"_blank\" rel=\"noopener\" aria-label=\"Facebook\" class=\"facebook\">\n\t\t\t\t\t\t\t\n\t\t\t\t\t\t\t<i aria-hidden=\"true\" class=\"icon icon-facebook\"><\/i>\n                                                                                                            <\/a>\n                    <\/li>\n                    \t\t\t\t\t\t\t\t\t\t\t\t\t\t<li class=\"elementor-repeater-item-08c08f1\">\n\t\t\t\t\t    <a href=\"https:\/\/twitter.com\/ibizagocar\" target=\"_blank\" rel=\"noopener\" aria-label=\"Twitter\" class=\"twitter\">\n\t\t\t\t\t\t\t\n\t\t\t\t\t\t\t<i aria-hidden=\"true\" class=\"icon icon-twitter\"><\/i>\n                                                                                                            <\/a>\n                    <\/li>\n                    \t\t\t\t\t\t\t\t\t\t\t\t\t\t<li class=\"elementor-repeater-item-c52240f\">\n\t\t\t\t\t    <a href=\"https:\/\/www.pinterest.es\/ibizagocar\/\" target=\"_blank\" rel=\"noopener\" aria-label=\"Pinterest\" class=\"pinterest\">\n\t\t\t\t\t\t\t\n\t\t\t\t\t\t\t<i aria-hidden=\"true\" class=\"icon icon-pinterest\"><\/i>\n                                                                                                            <\/a>\n                    <\/li>\n                    \t\t\t\t\t\t\t<\/ul>\n\t\t<\/div>\t\t\t\t<\/div>\n\t\t\t\t<\/div>\n\t\t\t\t\t<\/div>\n\t\t<\/div>\n\t\t\t\t<div class=\"elementor-column elementor-col-33 elementor-top-column elementor-element elementor-element-219598da\" data-id=\"219598da\" data-element_type=\"column\" data-e-type=\"column\">\n\t\t\t<div class=\"elementor-widget-wrap elementor-element-populated\">\n\t\t\t\t\t\t<div class=\"elementor-element elementor-element-7283af2a elementor-widget elementor-widget-image\" data-id=\"7283af2a\" data-element_type=\"widget\" data-e-type=\"widget\" data-widget_type=\"image.default\">\n\t\t\t\t<div class=\"elementor-widget-container\">\n\t\t\t\t\t\t\t\t\t\t\t\t\t\t\t<img fetchpriority=\"high\" decoding=\"async\" width=\"800\" height=\"534\" src=\"https:\/\/www.ibizagocar.com\/wp-content\/uploads\/2023\/06\/Figueral-1024x683.jpg\" class=\"attachment-large size-large wp-image-4470\" alt=\"\" srcset=\"https:\/\/www.ibizagocar.com\/wp-content\/uploads\/2023\/06\/Figueral-1024x683.jpg 1024w, https:\/\/www.ibizagocar.com\/wp-content\/uploads\/2023\/06\/Figueral-500x333.jpg 500w, https:\/\/www.ibizagocar.com\/wp-content\/uploads\/2023\/06\/Figueral-768x512.jpg 768w, https:\/\/www.ibizagocar.com\/wp-content\/uploads\/2023\/06\/Figueral-1110x740.jpg 1110w, https:\/\/www.ibizagocar.com\/wp-content\/uploads\/2023\/06\/Figueral.jpg 1200w\" sizes=\"(max-width: 800px) 100vw, 800px\" title=\"\">\t\t\t\t\t\t\t\t\t\t\t\t\t\t\t<\/div>\n\t\t\t\t<\/div>\n\t\t\t\t<div class=\"elementor-element elementor-element-42df01a2 elementor-widget elementor-widget-text-editor\" data-id=\"42df01a2\" data-element_type=\"widget\" data-e-type=\"widget\" data-widget_type=\"text-editor.default\">\n\t\t\t\t<div class=\"elementor-widget-container\">\n\t\t\t\t\t\t\t\t\t<h3>POSIZIONE DEL PUNTO DI RACCOLTA<\/h3>\n<p>Hotel Invisa Cala Blanca<br \/>\nPlaya de Es Figueral, s\/n<br \/>\n07850 &#8211; San Carles de Peralta<\/p>\n<p><a class=\"googleURL\" href=\"https:\/\/www.google.es\/maps\/place\/Class+Rent+a+Car+-+Alquiler+coches+Figueral+-+Ibiza\/@39.0517178,1.5917284,17z\/data=!4m5!3m4!1s0x0:0x95367b549da35d8a!8m2!3d39.0520439!4d1.591653\" target=\"_blank\" rel=\"noopener\"><strong>Google Maps<\/strong><\/a><\/p>\n<h3>ALTRI PUNTI DI RACCOLTA<\/h3>\n\t\t\t\t\t\t\t\t<\/div>\n\t\t\t\t<\/div>\n\t\t\t\t<div class=\"elementor-element elementor-element-95f7ee7 elementor-grid-1 elementor-posts--thumbnail-none elementor-posts--align-left elementor-grid-tablet-2 elementor-grid-mobile-1 elementor-widget elementor-widget-posts\" data-id=\"95f7ee7\" data-element_type=\"widget\" data-e-type=\"widget\" data-settings=\"{&quot;classic_columns&quot;:&quot;1&quot;,&quot;classic_row_gap&quot;:{&quot;unit&quot;:&quot;px&quot;,&quot;size&quot;:&quot;&quot;,&quot;sizes&quot;:[]},&quot;classic_columns_tablet&quot;:&quot;2&quot;,&quot;classic_columns_mobile&quot;:&quot;1&quot;,&quot;classic_row_gap_tablet&quot;:{&quot;unit&quot;:&quot;px&quot;,&quot;size&quot;:&quot;&quot;,&quot;sizes&quot;:[]},&quot;classic_row_gap_mobile&quot;:{&quot;unit&quot;:&quot;px&quot;,&quot;size&quot;:&quot;&quot;,&quot;sizes&quot;:[]}}\" data-widget_type=\"posts.classic\">\n\t\t\t\t<div class=\"elementor-widget-container\">\n\t\t\t\t\t\t\t<div class=\"elementor-posts-container elementor-posts elementor-posts--skin-classic elementor-grid\" role=\"list\">\n\t\t\t\t<article class=\"elementor-post elementor-grid-item post-4646 page type-page status-publish has-post-thumbnail hentry\" role=\"listitem\">\n\t\t\t\t<div class=\"elementor-post__text\">\n\t\t\t\t<span class=\"elementor-post__title\">\n\t\t\t<a href=\"https:\/\/www.ibizagocar.com\/it\/punti-di-ritiro\/aeropuerto-ibiza\/\">\n\t\t\t\tNoleggio auto Ibiza Aeroporto\t\t\t<\/a>\n\t\t<\/span>\n\t\t\n\t\t<a class=\"elementor-post__read-more\" href=\"https:\/\/www.ibizagocar.com\/it\/punti-di-ritiro\/aeropuerto-ibiza\/\" aria-label=\"Leggi tutto Noleggio auto Ibiza Aeroporto\" tabindex=\"-1\">\n\t\t\t\t\t<\/a>\n\n\t\t\t\t<\/div>\n\t\t\t\t<\/article>\n\t\t\t\t<article class=\"elementor-post elementor-grid-item post-4666 page type-page status-publish has-post-thumbnail hentry\" role=\"listitem\">\n\t\t\t\t<div class=\"elementor-post__text\">\n\t\t\t\t<span class=\"elementor-post__title\">\n\t\t\t<a href=\"https:\/\/www.ibizagocar.com\/it\/punti-di-ritiro\/san-miguel-puerto\/\">\n\t\t\t\tNoleggio auto a San Miguel (Puerto)\t\t\t<\/a>\n\t\t<\/span>\n\t\t\n\t\t<a class=\"elementor-post__read-more\" href=\"https:\/\/www.ibizagocar.com\/it\/punti-di-ritiro\/san-miguel-puerto\/\" aria-label=\"Leggi tutto Noleggio auto a San Miguel (Puerto)\" tabindex=\"-1\">\n\t\t\t\t\t<\/a>\n\n\t\t\t\t<\/div>\n\t\t\t\t<\/article>\n\t\t\t\t<article class=\"elementor-post elementor-grid-item post-4664 page type-page status-publish has-post-thumbnail hentry\" role=\"listitem\">\n\t\t\t\t<div class=\"elementor-post__text\">\n\t\t\t\t<span class=\"elementor-post__title\">\n\t\t\t<a href=\"https:\/\/www.ibizagocar.com\/it\/punti-di-ritiro\/san-antonio-bahia-de-sant-antoni\/\">\n\t\t\t\tNoleggio auto a San Antonio\t\t\t<\/a>\n\t\t<\/span>\n\t\t\n\t\t<a class=\"elementor-post__read-more\" href=\"https:\/\/www.ibizagocar.com\/it\/punti-di-ritiro\/san-antonio-bahia-de-sant-antoni\/\" aria-label=\"Leggi tutto Noleggio auto a San Antonio\" tabindex=\"-1\">\n\t\t\t\t\t<\/a>\n\n\t\t\t\t<\/div>\n\t\t\t\t<\/article>\n\t\t\t\t<article class=\"elementor-post elementor-grid-item post-4662 page type-page status-publish has-post-thumbnail hentry\" role=\"listitem\">\n\t\t\t\t<div class=\"elementor-post__text\">\n\t\t\t\t<span class=\"elementor-post__title\">\n\t\t\t<a href=\"https:\/\/www.ibizagocar.com\/it\/punti-di-ritiro\/puerto-ibiza\/\">\n\t\t\t\tPuerto Ibiza\t\t\t<\/a>\n\t\t<\/span>\n\t\t\n\t\t<a class=\"elementor-post__read-more\" href=\"https:\/\/www.ibizagocar.com\/it\/punti-di-ritiro\/puerto-ibiza\/\" aria-label=\"Leggi tutto Puerto Ibiza\" tabindex=\"-1\">\n\t\t\t\t\t<\/a>\n\n\t\t\t\t<\/div>\n\t\t\t\t<\/article>\n\t\t\t\t<article class=\"elementor-post elementor-grid-item post-4660 page type-page status-publish has-post-thumbnail hentry\" role=\"listitem\">\n\t\t\t\t<div class=\"elementor-post__text\">\n\t\t\t\t<span class=\"elementor-post__title\">\n\t\t\t<a href=\"https:\/\/www.ibizagocar.com\/it\/punti-di-ritiro\/portinatx\/\">\n\t\t\t\tAllestimento di automobili a Portinatx\t\t\t<\/a>\n\t\t<\/span>\n\t\t\n\t\t<a class=\"elementor-post__read-more\" href=\"https:\/\/www.ibizagocar.com\/it\/punti-di-ritiro\/portinatx\/\" aria-label=\"Leggi tutto Allestimento di automobili a Portinatx\" tabindex=\"-1\">\n\t\t\t\t\t<\/a>\n\n\t\t\t\t<\/div>\n\t\t\t\t<\/article>\n\t\t\t\t<article class=\"elementor-post elementor-grid-item post-4658 page type-page status-publish has-post-thumbnail hentry\" role=\"listitem\">\n\t\t\t\t<div class=\"elementor-post__text\">\n\t\t\t\t<span class=\"elementor-post__title\">\n\t\t\t<a href=\"https:\/\/www.ibizagocar.com\/it\/punti-di-ritiro\/playa-den-bossa-ibiza\/\">\n\t\t\t\tNoleggio auto a Playa den Bossa (Ibiza)\t\t\t<\/a>\n\t\t<\/span>\n\t\t\n\t\t<a class=\"elementor-post__read-more\" href=\"https:\/\/www.ibizagocar.com\/it\/punti-di-ritiro\/playa-den-bossa-ibiza\/\" aria-label=\"Leggi tutto Noleggio auto a Playa den Bossa (Ibiza)\" tabindex=\"-1\">\n\t\t\t\t\t<\/a>\n\n\t\t\t\t<\/div>\n\t\t\t\t<\/article>\n\t\t\t\t<article class=\"elementor-post elementor-grid-item post-4654 page type-page status-publish has-post-thumbnail hentry\" role=\"listitem\">\n\t\t\t\t<div class=\"elementor-post__text\">\n\t\t\t\t<span class=\"elementor-post__title\">\n\t\t\t<a href=\"https:\/\/www.ibizagocar.com\/it\/punti-di-ritiro\/es-canar\/\">\n\t\t\t\tNoleggio auto Es Canar\t\t\t<\/a>\n\t\t<\/span>\n\t\t\n\t\t<a class=\"elementor-post__read-more\" href=\"https:\/\/www.ibizagocar.com\/it\/punti-di-ritiro\/es-canar\/\" aria-label=\"Leggi tutto Noleggio auto Es Canar\" tabindex=\"-1\">\n\t\t\t\t\t<\/a>\n\n\t\t\t\t<\/div>\n\t\t\t\t<\/article>\n\t\t\t\t<article class=\"elementor-post elementor-grid-item post-4652 page type-page status-publish has-post-thumbnail hentry\" role=\"listitem\">\n\t\t\t\t<div class=\"elementor-post__text\">\n\t\t\t\t<span class=\"elementor-post__title\">\n\t\t\t<a href=\"https:\/\/www.ibizagocar.com\/it\/punti-di-ritiro\/cala-tarida\/\">\n\t\t\t\tNoleggio auto a Cala Tarida\t\t\t<\/a>\n\t\t<\/span>\n\t\t\n\t\t<a class=\"elementor-post__read-more\" href=\"https:\/\/www.ibizagocar.com\/it\/punti-di-ritiro\/cala-tarida\/\" aria-label=\"Leggi tutto Noleggio auto a Cala Tarida\" tabindex=\"-1\">\n\t\t\t\t\t<\/a>\n\n\t\t\t\t<\/div>\n\t\t\t\t<\/article>\n\t\t\t\t<article class=\"elementor-post elementor-grid-item post-4650 page type-page status-publish has-post-thumbnail hentry\" role=\"listitem\">\n\t\t\t\t<div class=\"elementor-post__text\">\n\t\t\t\t<span class=\"elementor-post__title\">\n\t\t\t<a href=\"https:\/\/www.ibizagocar.com\/it\/punti-di-ritiro\/cala-san-vicente\/\">\n\t\t\t\tNoleggio auto Cala San Vicente\t\t\t<\/a>\n\t\t<\/span>\n\t\t\n\t\t<a class=\"elementor-post__read-more\" href=\"https:\/\/www.ibizagocar.com\/it\/punti-di-ritiro\/cala-san-vicente\/\" aria-label=\"Leggi tutto Noleggio auto Cala San Vicente\" tabindex=\"-1\">\n\t\t\t\t\t<\/a>\n\n\t\t\t\t<\/div>\n\t\t\t\t<\/article>\n\t\t\t\t<article class=\"elementor-post elementor-grid-item post-4648 page type-page status-publish has-post-thumbnail hentry\" role=\"listitem\">\n\t\t\t\t<div class=\"elementor-post__text\">\n\t\t\t\t<span class=\"elementor-post__title\">\n\t\t\t<a href=\"https:\/\/www.ibizagocar.com\/it\/punti-di-ritiro\/cala-llonga\/\">\n\t\t\t\tNoleggio auto a Cala Llonga\t\t\t<\/a>\n\t\t<\/span>\n\t\t\n\t\t<a class=\"elementor-post__read-more\" href=\"https:\/\/www.ibizagocar.com\/it\/punti-di-ritiro\/cala-llonga\/\" aria-label=\"Leggi tutto Noleggio auto a Cala Llonga\" tabindex=\"-1\">\n\t\t\t\t\t<\/a>\n\n\t\t\t\t<\/div>\n\t\t\t\t<\/article>\n\t\t\t\t<article class=\"elementor-post elementor-grid-item post-4668 page type-page status-publish has-post-thumbnail hentry\" role=\"listitem\">\n\t\t\t\t<div class=\"elementor-post__text\">\n\t\t\t\t<span class=\"elementor-post__title\">\n\t\t\t<a href=\"https:\/\/www.ibizagocar.com\/it\/punti-di-ritiro\/santa-eulalia\/\">\n\t\t\t\tNoleggio auto a Santa Eulalia\t\t\t<\/a>\n\t\t<\/span>\n\t\t\n\t\t<a class=\"elementor-post__read-more\" href=\"https:\/\/www.ibizagocar.com\/it\/punti-di-ritiro\/santa-eulalia\/\" aria-label=\"Leggi tutto Noleggio auto a Santa Eulalia\" tabindex=\"-1\">\n\t\t\t\t\t<\/a>\n\n\t\t\t\t<\/div>\n\t\t\t\t<\/article>\n\t\t\t\t<\/div>\n\t\t\n\t\t\t\t\t\t<\/div>\n\t\t\t\t<\/div>\n\t\t\t\t\t<\/div>\n\t\t<\/div>\n\t\t\t\t\t<\/div>\n\t\t<\/section>\n\t\t\t\t<section class=\"elementor-section elementor-top-section elementor-element elementor-element-b9282c8 elementor-section-boxed elementor-section-height-default elementor-section-height-default\" data-id=\"b9282c8\" data-element_type=\"section\" data-e-type=\"section\">\n\t\t\t\t\t\t<div class=\"elementor-container elementor-column-gap-default\">\n\t\t\t\t\t<div class=\"elementor-column elementor-col-100 elementor-top-column elementor-element elementor-element-7669ebe\" data-id=\"7669ebe\" data-element_type=\"column\" data-e-type=\"column\">\n\t\t\t<div class=\"elementor-widget-wrap elementor-element-populated\">\n\t\t\t\t\t\t<div class=\"elementor-element elementor-element-c9fba40 elementor-widget elementor-widget-heading\" data-id=\"c9fba40\" data-element_type=\"widget\" data-e-type=\"widget\" data-widget_type=\"heading.default\">\n\t\t\t\t<div class=\"elementor-widget-container\">\n\t\t\t\t\t<h2 class=\"elementor-heading-title elementor-size-default\">Potrebbero interessarti anche...<\/h2>\t\t\t\t<\/div>\n\t\t\t\t<\/div>\n\t\t\t\t\t<\/div>\n\t\t<\/div>\n\t\t\t\t\t<\/div>\n\t\t<\/section>\n\t\t\t\t<\/div>\n\t\t","protected":false},"excerpt":{"rendered":"<p>Benvenuto al punto di ritiro Ibiza Go Car a Figueral, dove ti offriamo un servizio di noleggio auto a Figueral comodo, affidabile e senza complicazioni.<\/p>\n","protected":false},"author":5,"featured_media":4470,"parent":4620,"menu_order":0,"comment_status":"closed","ping_status":"closed","template":"elementor_header_footer","meta":{"_acf_changed":false,"footnotes":""},"class_list":["post-4656","page","type-page","status-publish","has-post-thumbnail","hentry"],"acf":[],"_links":{"self":[{"href":"https:\/\/www.ibizagocar.com\/it\/wp-json\/wp\/v2\/pages\/4656","targetHints":{"allow":["GET"]}}],"collection":[{"href":"https:\/\/www.ibizagocar.com\/it\/wp-json\/wp\/v2\/pages"}],"about":[{"href":"https:\/\/www.ibizagocar.com\/it\/wp-json\/wp\/v2\/types\/page"}],"author":[{"embeddable":true,"href":"https:\/\/www.ibizagocar.com\/it\/wp-json\/wp\/v2\/users\/5"}],"replies":[{"embeddable":true,"href":"https:\/\/www.ibizagocar.com\/it\/wp-json\/wp\/v2\/comments?post=4656"}],"version-history":[{"count":0,"href":"https:\/\/www.ibizagocar.com\/it\/wp-json\/wp\/v2\/pages\/4656\/revisions"}],"up":[{"embeddable":true,"href":"https:\/\/www.ibizagocar.com\/it\/wp-json\/wp\/v2\/pages\/4620"}],"wp:featuredmedia":[{"embeddable":true,"href":"https:\/\/www.ibizagocar.com\/it\/wp-json\/wp\/v2\/media\/4470"}],"wp:attachment":[{"href":"https:\/\/www.ibizagocar.com\/it\/wp-json\/wp\/v2\/media?parent=4656"}],"curies":[{"name":"wp","href":"https:\/\/api.w.org\/{rel}","templated":true}]}}