{"id":4666,"date":"2023-07-11T13:01:52","date_gmt":"2023-07-11T13:01:52","guid":{"rendered":"https:\/\/ibizagocar.com\/punti-di-ritiro\/san-miguel-puerto\/"},"modified":"2024-12-17T12:23:08","modified_gmt":"2024-12-17T11:23:08","slug":"san-miguel-puerto","status":"publish","type":"page","link":"https:\/\/www.ibizagocar.com\/it\/punti-di-ritiro\/san-miguel-puerto\/","title":{"rendered":"Noleggio auto a San Miguel (Puerto)"},"content":{"rendered":"\t\t<div data-elementor-type=\"wp-page\" data-elementor-id=\"4666\" class=\"elementor elementor-4666 elementor-4427\" data-elementor-post-type=\"page\">\n\t\t\t\t\t\t<section class=\"elementor-section elementor-top-section elementor-element elementor-element-d5e6e55 elementor-section-boxed elementor-section-height-default elementor-section-height-default\" data-id=\"d5e6e55\" data-element_type=\"section\" data-e-type=\"section\">\n\t\t\t\t\t\t<div class=\"elementor-container elementor-column-gap-default\">\n\t\t\t\t\t<div class=\"elementor-column elementor-col-66 elementor-top-column elementor-element elementor-element-62445c7d\" data-id=\"62445c7d\" data-element_type=\"column\" data-e-type=\"column\">\n\t\t\t<div class=\"elementor-widget-wrap elementor-element-populated\">\n\t\t\t\t\t\t<div class=\"elementor-element elementor-element-71b92c39 elementor-widget elementor-widget-text-editor\" data-id=\"71b92c39\" data-element_type=\"widget\" data-e-type=\"widget\" data-widget_type=\"text-editor.default\">\n\t\t\t\t<div class=\"elementor-widget-container\">\n\t\t\t\t\t\t\t\t\t<p>Benvenuto a Ibiza Go Car a San Miguel (Porto)!<\/p>\n<p>A Ibiza Go Car siamo orgogliosi di offrirti un&#8217;esperienza di noleggio auto eccezionale dal nostro punto di raccolta a San Miguel (Puerto). Strategicamente situato in questa affascinante zona dell&#8217;isola, il nostro punto di raccolta \u00e8 progettato in modo che tu possa iniziare la tua avventura a Ibiza nel modo pi\u00f9 comodo e senza problemi.<\/p>\n<p>Il nostro punto di raccolta a San Miguel (Puerto) \u00e8 facilmente accessibile da diverse parti dell&#8217;isola. Se arrivi in \u200b\u200baereo, sarai felice di sapere che siamo a pochi minuti di auto dall&#8217;aeroporto di Ibiza. Inoltre, se alloggi in un hotel nelle vicinanze, offriamo un servizio navetta gratuito da e per il nostro punto di raccolta per rendere la tua esperienza ancora pi\u00f9 confortevole.<\/p>\n<p>Non appena arrivi al nostro punto di raccolta a San Miguel (Puerto), sarai accolto dal nostro team di assistenza clienti amichevole e professionale. Saremo felici di aiutarti in ogni momento, offrendoti informazioni utili sul noleggio auto e rispondendo a tutte le tue domande. Il nostro obiettivo principale \u00e8 assicurarci che tu ti senta benvenuto e sicuro quando scegli Ibiza Go Car.<\/p>\n<p>Inoltre, presso il nostro punto di raccolta troverai un&#8217;ampia flotta di veicoli moderni e ben tenuti per soddisfare tutte le tue esigenze di trasporto sull&#8217;isola. Dalle agili compatte alle eleganti berline e ai furgoni spaziosi, abbiamo il veicolo perfetto per te. Le nostre auto sono dotate dei pi\u00f9 recenti comfort e caratteristiche di sicurezza, cos\u00ec puoi goderti un viaggio comodo e sicuro in ogni viaggio.<\/p>\n<p>A Ibiza Go Car diamo valore al tuo tempo, quindi il processo di ritiro del tuo veicolo sar\u00e0 rapido ed efficiente. Il nostro personale ti guider\u00e0 attraverso i documenti necessari e ti fornir\u00e0 istruzioni chiare sull&#8217;uso dell&#8217;auto. Faremo in modo che tu lasci il nostro punto di raccolta in totale sicurezza e pronto per esplorare tutti gli angoli magici di Ibiza.<\/p>\n<p>Ti invitiamo a prenotare in anticipo la tua auto a noleggio presso il nostro punto di raccolta a San Miguel (Puerto) attraverso il nostro sito web. In questo modo, ti assicurerai di avere il veicolo di tua scelta pronto per te al tuo arrivo. Inoltre, prenotando online, potrai usufruire delle nostre offerte esclusive e godere di tariffe competitive.<\/p>\n<p>A Ibiza Go Car, il nostro punto di raccolta a San Miguel (Puerto) \u00e8 progettato pensando al tuo comfort e alla tua soddisfazione. Ci impegniamo a offrirti un servizio eccezionale e ad assicurarci che la tua esperienza di noleggio auto sia indimenticabile. Ti aspettiamo a San Miguel (Puerto) per iniziare la tua avventura a Ibiza con stile e facilit\u00e0!<\/p>\n\t\t\t\t\t\t\t\t<\/div>\n\t\t\t\t<\/div>\n\t\t\t\t<div class=\"elementor-element elementor-element-1da0146b elementor-widget elementor-widget-google_maps\" data-id=\"1da0146b\" data-element_type=\"widget\" data-e-type=\"widget\" data-widget_type=\"google_maps.default\">\n\t\t\t\t<div class=\"elementor-widget-container\">\n\t\t\t\t\t\t\t<div class=\"elementor-custom-embed\">\n\t\t\t<iframe loading=\"lazy\"\n\t\t\t\t\tsrc=\"https:\/\/maps.google.com\/maps?q=Class%20Rent%20A%20Car%20-%20Alquiler%20coches%20San%20Miguel%20-Ibiza%2C%20Av.%20Balanzat%2C%2044%2C%2007815%20Port%20de%2C%20Balearic%20Islands&#038;t=m&#038;z=16&#038;output=embed&#038;iwloc=near\"\n\t\t\t\t\ttitle=\"Class Rent A Car - Alquiler coches San Miguel -Ibiza, Av. Balanzat, 44, 07815 Port de, Balearic Islands\"\n\t\t\t\t\taria-label=\"Class Rent A Car - Alquiler coches San Miguel -Ibiza, Av. Balanzat, 44, 07815 Port de, Balearic Islands\"\n\t\t\t><\/iframe>\n\t\t<\/div>\n\t\t\t\t\t\t<\/div>\n\t\t\t\t<\/div>\n\t\t\t\t<div class=\"elementor-element elementor-element-79003638 elementor-widget-divider--view-line elementor-widget elementor-widget-divider\" data-id=\"79003638\" data-element_type=\"widget\" data-e-type=\"widget\" data-widget_type=\"divider.default\">\n\t\t\t\t<div class=\"elementor-widget-container\">\n\t\t\t\t\t\t\t<div class=\"elementor-divider\">\n\t\t\t<span class=\"elementor-divider-separator\">\n\t\t\t\t\t\t<\/span>\n\t\t<\/div>\n\t\t\t\t\t\t<\/div>\n\t\t\t\t<\/div>\n\t\t\t\t<div class=\"elementor-element elementor-element-249b93ab elementor-widget elementor-widget-elementskit-social-media\" data-id=\"249b93ab\" data-element_type=\"widget\" data-e-type=\"widget\" data-widget_type=\"elementskit-social-media.default\">\n\t\t\t\t<div class=\"elementor-widget-container\">\n\t\t\t\t\t<div class=\"ekit-wid-con\" >\t\t\t <ul class=\"ekit_social_media\">\n\t\t\t\t\t\t\t\t\t\t\t\t\t\t<li class=\"elementor-repeater-item-0e95d93\">\n\t\t\t\t\t    <a href=\"https:\/\/www.facebook.com\/ibizagocar\/\" target=\"_blank\" rel=\"noopener\" aria-label=\"Facebook\" class=\"facebook\">\n\t\t\t\t\t\t\t\n\t\t\t\t\t\t\t<i aria-hidden=\"true\" class=\"icon icon-facebook\"><\/i>\n                                                                                                            <\/a>\n                    <\/li>\n                    \t\t\t\t\t\t\t\t\t\t\t\t\t\t<li class=\"elementor-repeater-item-08c08f1\">\n\t\t\t\t\t    <a href=\"https:\/\/twitter.com\/ibizagocar\" target=\"_blank\" rel=\"noopener\" aria-label=\"Twitter\" class=\"twitter\">\n\t\t\t\t\t\t\t\n\t\t\t\t\t\t\t<i aria-hidden=\"true\" class=\"icon icon-twitter\"><\/i>\n                                                                                                            <\/a>\n                    <\/li>\n                    \t\t\t\t\t\t\t\t\t\t\t\t\t\t<li class=\"elementor-repeater-item-c52240f\">\n\t\t\t\t\t    <a href=\"https:\/\/www.pinterest.es\/ibizagocar\/\" target=\"_blank\" rel=\"noopener\" aria-label=\"Pinterest\" class=\"pinterest\">\n\t\t\t\t\t\t\t\n\t\t\t\t\t\t\t<i aria-hidden=\"true\" class=\"icon icon-pinterest\"><\/i>\n                                                                                                            <\/a>\n                    <\/li>\n                    \t\t\t\t\t\t\t<\/ul>\n\t\t<\/div>\t\t\t\t<\/div>\n\t\t\t\t<\/div>\n\t\t\t\t\t<\/div>\n\t\t<\/div>\n\t\t\t\t<div class=\"elementor-column elementor-col-33 elementor-top-column elementor-element elementor-element-e33602f\" data-id=\"e33602f\" data-element_type=\"column\" data-e-type=\"column\">\n\t\t\t<div class=\"elementor-widget-wrap elementor-element-populated\">\n\t\t\t\t\t\t<div class=\"elementor-element elementor-element-35a6e24b elementor-widget elementor-widget-image\" data-id=\"35a6e24b\" data-element_type=\"widget\" data-e-type=\"widget\" data-widget_type=\"image.default\">\n\t\t\t\t<div class=\"elementor-widget-container\">\n\t\t\t\t\t\t\t\t\t\t\t\t\t\t\t<img fetchpriority=\"high\" decoding=\"async\" width=\"800\" height=\"600\" src=\"https:\/\/www.ibizagocar.com\/wp-content\/uploads\/2023\/06\/San-Miguel-Puerto-Ibiza-1024x768.jpg\" class=\"attachment-large size-large wp-image-4455\" alt=\"\" srcset=\"https:\/\/www.ibizagocar.com\/wp-content\/uploads\/2023\/06\/San-Miguel-Puerto-Ibiza-1024x768.jpg 1024w, https:\/\/www.ibizagocar.com\/wp-content\/uploads\/2023\/06\/San-Miguel-Puerto-Ibiza-500x375.jpg 500w, https:\/\/www.ibizagocar.com\/wp-content\/uploads\/2023\/06\/San-Miguel-Puerto-Ibiza-768x576.jpg 768w, https:\/\/www.ibizagocar.com\/wp-content\/uploads\/2023\/06\/San-Miguel-Puerto-Ibiza.jpg 1200w\" sizes=\"(max-width: 800px) 100vw, 800px\" title=\"\">\t\t\t\t\t\t\t\t\t\t\t\t\t\t\t<\/div>\n\t\t\t\t<\/div>\n\t\t\t\t<div class=\"elementor-element elementor-element-26f6110 elementor-widget elementor-widget-text-editor\" data-id=\"26f6110\" data-element_type=\"widget\" data-e-type=\"widget\" data-widget_type=\"text-editor.default\">\n\t\t\t\t<div class=\"elementor-widget-container\">\n\t\t\t\t\t\t\t\t\t<h3>POSIZIONE DEL PUNTO DI RACCOLTA<\/h3>\n<p>Ctra. Puerto San Miguel, Calle Autos Sport n\u00ba3<br \/>\n07815 &#8211; Port de Sant Miquel<\/p>\n<p><a class=\"googleURL\" href=\"https:\/\/www.google.es\/maps\/place\/Class+Rent+A+Car+-+Alquiler+coches+San+Miguel+-Ibiza\/@39.0859986,1.4505326,13.5z\/data=!4m8!1m2!2m1!1sClass+Rent+a+Car+-class+rent+a+car+cala+san+vicente!3m4!1s0x0:0x3c00ededa3322cab!8m2!3d39.0765927!4d1.4414084\" target=\"_blank\" rel=\"noopener\"><strong>Google Maps<\/strong><\/a><\/p>\n<h3>ALTRI PUNTI DI RACCOLTA<\/h3>\n\t\t\t\t\t\t\t\t<\/div>\n\t\t\t\t<\/div>\n\t\t\t\t<div class=\"elementor-element elementor-element-15513ac elementor-grid-1 elementor-posts--thumbnail-none elementor-posts--align-left elementor-grid-tablet-2 elementor-grid-mobile-1 elementor-widget elementor-widget-posts\" data-id=\"15513ac\" data-element_type=\"widget\" data-e-type=\"widget\" data-settings=\"{&quot;classic_columns&quot;:&quot;1&quot;,&quot;classic_row_gap&quot;:{&quot;unit&quot;:&quot;px&quot;,&quot;size&quot;:&quot;&quot;,&quot;sizes&quot;:[]},&quot;classic_columns_tablet&quot;:&quot;2&quot;,&quot;classic_columns_mobile&quot;:&quot;1&quot;,&quot;classic_row_gap_tablet&quot;:{&quot;unit&quot;:&quot;px&quot;,&quot;size&quot;:&quot;&quot;,&quot;sizes&quot;:[]},&quot;classic_row_gap_mobile&quot;:{&quot;unit&quot;:&quot;px&quot;,&quot;size&quot;:&quot;&quot;,&quot;sizes&quot;:[]}}\" data-widget_type=\"posts.classic\">\n\t\t\t\t<div class=\"elementor-widget-container\">\n\t\t\t\t\t\t\t<div class=\"elementor-posts-container elementor-posts elementor-posts--skin-classic elementor-grid\" role=\"list\">\n\t\t\t\t<article class=\"elementor-post elementor-grid-item post-4646 page type-page status-publish has-post-thumbnail hentry\" role=\"listitem\">\n\t\t\t\t<div class=\"elementor-post__text\">\n\t\t\t\t<span class=\"elementor-post__title\">\n\t\t\t<a href=\"https:\/\/www.ibizagocar.com\/it\/punti-di-ritiro\/aeropuerto-ibiza\/\">\n\t\t\t\tNoleggio auto Ibiza Aeroporto\t\t\t<\/a>\n\t\t<\/span>\n\t\t\n\t\t<a class=\"elementor-post__read-more\" href=\"https:\/\/www.ibizagocar.com\/it\/punti-di-ritiro\/aeropuerto-ibiza\/\" aria-label=\"Leggi tutto Noleggio auto Ibiza Aeroporto\" tabindex=\"-1\">\n\t\t\t\t\t<\/a>\n\n\t\t\t\t<\/div>\n\t\t\t\t<\/article>\n\t\t\t\t<article class=\"elementor-post elementor-grid-item post-4664 page type-page status-publish has-post-thumbnail hentry\" role=\"listitem\">\n\t\t\t\t<div class=\"elementor-post__text\">\n\t\t\t\t<span class=\"elementor-post__title\">\n\t\t\t<a href=\"https:\/\/www.ibizagocar.com\/it\/punti-di-ritiro\/san-antonio-bahia-de-sant-antoni\/\">\n\t\t\t\tNoleggio auto a San Antonio\t\t\t<\/a>\n\t\t<\/span>\n\t\t\n\t\t<a class=\"elementor-post__read-more\" href=\"https:\/\/www.ibizagocar.com\/it\/punti-di-ritiro\/san-antonio-bahia-de-sant-antoni\/\" aria-label=\"Leggi tutto Noleggio auto a San Antonio\" tabindex=\"-1\">\n\t\t\t\t\t<\/a>\n\n\t\t\t\t<\/div>\n\t\t\t\t<\/article>\n\t\t\t\t<article class=\"elementor-post elementor-grid-item post-4662 page type-page status-publish has-post-thumbnail hentry\" role=\"listitem\">\n\t\t\t\t<div class=\"elementor-post__text\">\n\t\t\t\t<span class=\"elementor-post__title\">\n\t\t\t<a href=\"https:\/\/www.ibizagocar.com\/it\/punti-di-ritiro\/puerto-ibiza\/\">\n\t\t\t\tPuerto Ibiza\t\t\t<\/a>\n\t\t<\/span>\n\t\t\n\t\t<a class=\"elementor-post__read-more\" href=\"https:\/\/www.ibizagocar.com\/it\/punti-di-ritiro\/puerto-ibiza\/\" aria-label=\"Leggi tutto Puerto Ibiza\" tabindex=\"-1\">\n\t\t\t\t\t<\/a>\n\n\t\t\t\t<\/div>\n\t\t\t\t<\/article>\n\t\t\t\t<article class=\"elementor-post elementor-grid-item post-4660 page type-page status-publish has-post-thumbnail hentry\" role=\"listitem\">\n\t\t\t\t<div class=\"elementor-post__text\">\n\t\t\t\t<span class=\"elementor-post__title\">\n\t\t\t<a href=\"https:\/\/www.ibizagocar.com\/it\/punti-di-ritiro\/portinatx\/\">\n\t\t\t\tAllestimento di automobili a Portinatx\t\t\t<\/a>\n\t\t<\/span>\n\t\t\n\t\t<a class=\"elementor-post__read-more\" href=\"https:\/\/www.ibizagocar.com\/it\/punti-di-ritiro\/portinatx\/\" aria-label=\"Leggi tutto Allestimento di automobili a Portinatx\" tabindex=\"-1\">\n\t\t\t\t\t<\/a>\n\n\t\t\t\t<\/div>\n\t\t\t\t<\/article>\n\t\t\t\t<article class=\"elementor-post elementor-grid-item post-4658 page type-page status-publish has-post-thumbnail hentry\" role=\"listitem\">\n\t\t\t\t<div class=\"elementor-post__text\">\n\t\t\t\t<span class=\"elementor-post__title\">\n\t\t\t<a href=\"https:\/\/www.ibizagocar.com\/it\/punti-di-ritiro\/playa-den-bossa-ibiza\/\">\n\t\t\t\tNoleggio auto a Playa den Bossa (Ibiza)\t\t\t<\/a>\n\t\t<\/span>\n\t\t\n\t\t<a class=\"elementor-post__read-more\" href=\"https:\/\/www.ibizagocar.com\/it\/punti-di-ritiro\/playa-den-bossa-ibiza\/\" aria-label=\"Leggi tutto Noleggio auto a Playa den Bossa (Ibiza)\" tabindex=\"-1\">\n\t\t\t\t\t<\/a>\n\n\t\t\t\t<\/div>\n\t\t\t\t<\/article>\n\t\t\t\t<article class=\"elementor-post elementor-grid-item post-4656 page type-page status-publish has-post-thumbnail hentry\" role=\"listitem\">\n\t\t\t\t<div class=\"elementor-post__text\">\n\t\t\t\t<span class=\"elementor-post__title\">\n\t\t\t<a href=\"https:\/\/www.ibizagocar.com\/it\/punti-di-ritiro\/figueral\/\">\n\t\t\t\tFigueral\t\t\t<\/a>\n\t\t<\/span>\n\t\t\n\t\t<a class=\"elementor-post__read-more\" href=\"https:\/\/www.ibizagocar.com\/it\/punti-di-ritiro\/figueral\/\" aria-label=\"Leggi tutto Figueral\" tabindex=\"-1\">\n\t\t\t\t\t<\/a>\n\n\t\t\t\t<\/div>\n\t\t\t\t<\/article>\n\t\t\t\t<article class=\"elementor-post elementor-grid-item post-4654 page type-page status-publish has-post-thumbnail hentry\" role=\"listitem\">\n\t\t\t\t<div class=\"elementor-post__text\">\n\t\t\t\t<span class=\"elementor-post__title\">\n\t\t\t<a href=\"https:\/\/www.ibizagocar.com\/it\/punti-di-ritiro\/es-canar\/\">\n\t\t\t\tNoleggio auto Es Canar\t\t\t<\/a>\n\t\t<\/span>\n\t\t\n\t\t<a class=\"elementor-post__read-more\" href=\"https:\/\/www.ibizagocar.com\/it\/punti-di-ritiro\/es-canar\/\" aria-label=\"Leggi tutto Noleggio auto Es Canar\" tabindex=\"-1\">\n\t\t\t\t\t<\/a>\n\n\t\t\t\t<\/div>\n\t\t\t\t<\/article>\n\t\t\t\t<article class=\"elementor-post elementor-grid-item post-4652 page type-page status-publish has-post-thumbnail hentry\" role=\"listitem\">\n\t\t\t\t<div class=\"elementor-post__text\">\n\t\t\t\t<span class=\"elementor-post__title\">\n\t\t\t<a href=\"https:\/\/www.ibizagocar.com\/it\/punti-di-ritiro\/cala-tarida\/\">\n\t\t\t\tNoleggio auto a Cala Tarida\t\t\t<\/a>\n\t\t<\/span>\n\t\t\n\t\t<a class=\"elementor-post__read-more\" href=\"https:\/\/www.ibizagocar.com\/it\/punti-di-ritiro\/cala-tarida\/\" aria-label=\"Leggi tutto Noleggio auto a Cala Tarida\" tabindex=\"-1\">\n\t\t\t\t\t<\/a>\n\n\t\t\t\t<\/div>\n\t\t\t\t<\/article>\n\t\t\t\t<article class=\"elementor-post elementor-grid-item post-4650 page type-page status-publish has-post-thumbnail hentry\" role=\"listitem\">\n\t\t\t\t<div class=\"elementor-post__text\">\n\t\t\t\t<span class=\"elementor-post__title\">\n\t\t\t<a href=\"https:\/\/www.ibizagocar.com\/it\/punti-di-ritiro\/cala-san-vicente\/\">\n\t\t\t\tNoleggio auto Cala San Vicente\t\t\t<\/a>\n\t\t<\/span>\n\t\t\n\t\t<a class=\"elementor-post__read-more\" href=\"https:\/\/www.ibizagocar.com\/it\/punti-di-ritiro\/cala-san-vicente\/\" aria-label=\"Leggi tutto Noleggio auto Cala San Vicente\" tabindex=\"-1\">\n\t\t\t\t\t<\/a>\n\n\t\t\t\t<\/div>\n\t\t\t\t<\/article>\n\t\t\t\t<article class=\"elementor-post elementor-grid-item post-4648 page type-page status-publish has-post-thumbnail hentry\" role=\"listitem\">\n\t\t\t\t<div class=\"elementor-post__text\">\n\t\t\t\t<span class=\"elementor-post__title\">\n\t\t\t<a href=\"https:\/\/www.ibizagocar.com\/it\/punti-di-ritiro\/cala-llonga\/\">\n\t\t\t\tNoleggio auto a Cala Llonga\t\t\t<\/a>\n\t\t<\/span>\n\t\t\n\t\t<a class=\"elementor-post__read-more\" href=\"https:\/\/www.ibizagocar.com\/it\/punti-di-ritiro\/cala-llonga\/\" aria-label=\"Leggi tutto Noleggio auto a Cala Llonga\" tabindex=\"-1\">\n\t\t\t\t\t<\/a>\n\n\t\t\t\t<\/div>\n\t\t\t\t<\/article>\n\t\t\t\t<article class=\"elementor-post elementor-grid-item post-4668 page type-page status-publish has-post-thumbnail hentry\" role=\"listitem\">\n\t\t\t\t<div class=\"elementor-post__text\">\n\t\t\t\t<span class=\"elementor-post__title\">\n\t\t\t<a href=\"https:\/\/www.ibizagocar.com\/it\/punti-di-ritiro\/santa-eulalia\/\">\n\t\t\t\tNoleggio auto a Santa Eulalia\t\t\t<\/a>\n\t\t<\/span>\n\t\t\n\t\t<a class=\"elementor-post__read-more\" href=\"https:\/\/www.ibizagocar.com\/it\/punti-di-ritiro\/santa-eulalia\/\" aria-label=\"Leggi tutto Noleggio auto a Santa Eulalia\" tabindex=\"-1\">\n\t\t\t\t\t<\/a>\n\n\t\t\t\t<\/div>\n\t\t\t\t<\/article>\n\t\t\t\t<\/div>\n\t\t\n\t\t\t\t\t\t<\/div>\n\t\t\t\t<\/div>\n\t\t\t\t\t<\/div>\n\t\t<\/div>\n\t\t\t\t\t<\/div>\n\t\t<\/section>\n\t\t\t\t<section class=\"elementor-section elementor-top-section elementor-element elementor-element-7cec5c2 elementor-section-boxed elementor-section-height-default elementor-section-height-default\" data-id=\"7cec5c2\" data-element_type=\"section\" data-e-type=\"section\">\n\t\t\t\t\t\t<div class=\"elementor-container elementor-column-gap-default\">\n\t\t\t\t\t<div class=\"elementor-column elementor-col-100 elementor-top-column elementor-element elementor-element-7c867d1\" data-id=\"7c867d1\" data-element_type=\"column\" data-e-type=\"column\">\n\t\t\t<div class=\"elementor-widget-wrap elementor-element-populated\">\n\t\t\t\t\t\t<div class=\"elementor-element elementor-element-60f69ec elementor-widget elementor-widget-heading\" data-id=\"60f69ec\" data-element_type=\"widget\" data-e-type=\"widget\" data-widget_type=\"heading.default\">\n\t\t\t\t<div class=\"elementor-widget-container\">\n\t\t\t\t\t<h2 class=\"elementor-heading-title elementor-size-default\">Potrebbero interessarti anche...<\/h2>\t\t\t\t<\/div>\n\t\t\t\t<\/div>\n\t\t\t\t\t<\/div>\n\t\t<\/div>\n\t\t\t\t\t<\/div>\n\t\t<\/section>\n\t\t\t\t<\/div>\n\t\t","protected":false},"excerpt":{"rendered":"<p>Benvenuto a Ibiza Go Car a San Miguel (Porto)! A Ibiza Go Car siamo orgogliosi di offrirti un&#8217;esperienza di noleggio auto eccezionale dal nostro punto<\/p>\n","protected":false},"author":5,"featured_media":4455,"parent":4620,"menu_order":0,"comment_status":"closed","ping_status":"closed","template":"elementor_header_footer","meta":{"_acf_changed":false,"footnotes":""},"class_list":["post-4666","page","type-page","status-publish","has-post-thumbnail","hentry"],"acf":[],"_links":{"self":[{"href":"https:\/\/www.ibizagocar.com\/it\/wp-json\/wp\/v2\/pages\/4666","targetHints":{"allow":["GET"]}}],"collection":[{"href":"https:\/\/www.ibizagocar.com\/it\/wp-json\/wp\/v2\/pages"}],"about":[{"href":"https:\/\/www.ibizagocar.com\/it\/wp-json\/wp\/v2\/types\/page"}],"author":[{"embeddable":true,"href":"https:\/\/www.ibizagocar.com\/it\/wp-json\/wp\/v2\/users\/5"}],"replies":[{"embeddable":true,"href":"https:\/\/www.ibizagocar.com\/it\/wp-json\/wp\/v2\/comments?post=4666"}],"version-history":[{"count":0,"href":"https:\/\/www.ibizagocar.com\/it\/wp-json\/wp\/v2\/pages\/4666\/revisions"}],"up":[{"embeddable":true,"href":"https:\/\/www.ibizagocar.com\/it\/wp-json\/wp\/v2\/pages\/4620"}],"wp:featuredmedia":[{"embeddable":true,"href":"https:\/\/www.ibizagocar.com\/it\/wp-json\/wp\/v2\/media\/4455"}],"wp:attachment":[{"href":"https:\/\/www.ibizagocar.com\/it\/wp-json\/wp\/v2\/media?parent=4666"}],"curies":[{"name":"wp","href":"https:\/\/api.w.org\/{rel}","templated":true}]}}