{"id":5869,"date":"2024-03-18T10:24:00","date_gmt":"2024-03-18T10:24:00","guid":{"rendered":"https:\/\/ibizagocar.com\/alquiler-coches-ibiza-aeropuerto-sin-franquicia\/"},"modified":"2024-12-17T10:52:25","modified_gmt":"2024-12-17T09:52:25","slug":"alquiler-coches-ibiza-aeropuerto-sin-franquicia","status":"publish","type":"page","link":"https:\/\/www.ibizagocar.com\/it\/noleggio-auto-ibiza\/aeroporto\/senza-franchigia\/","title":{"rendered":"Noleggio auto Ibiza aeroporto senza franchigia"},"content":{"rendered":"\t\t<div data-elementor-type=\"wp-page\" data-elementor-id=\"5869\" class=\"elementor elementor-5869 elementor-4683\" data-elementor-post-type=\"page\">\n\t\t\t\t\t\t<section class=\"elementor-section elementor-top-section elementor-element elementor-element-627dcc3 elementor-section-boxed elementor-section-height-default elementor-section-height-default\" data-id=\"627dcc3\" data-element_type=\"section\" data-e-type=\"section\">\n\t\t\t\t\t\t<div class=\"elementor-container elementor-column-gap-default\">\n\t\t\t\t\t<div class=\"elementor-column elementor-col-100 elementor-top-column elementor-element elementor-element-bf57e9c\" data-id=\"bf57e9c\" data-element_type=\"column\" data-e-type=\"column\">\n\t\t\t<div class=\"elementor-widget-wrap elementor-element-populated\">\n\t\t\t\t\t\t<div class=\"elementor-element elementor-element-c2b0f22 elementor-widget elementor-widget-text-editor\" data-id=\"c2b0f22\" data-element_type=\"widget\" data-e-type=\"widget\" data-widget_type=\"text-editor.default\">\n\t\t\t\t<div class=\"elementor-widget-container\">\n\t\t\t\t\t\t\t\t\t<h2>Perch\u00e9 noleggiare un&#8217;auto all&#8217;aeroporto di Ibiza senza franchigia?<\/h2><p>Il noleggio di un&#8217;auto senza franchigia all&#8217;aeroporto di Ibiza \u00e8 l&#8217;opzione ideale per chi cerca tranquillit\u00e0 e totale libert\u00e0. Infatti, questa opzione vi permette di godervi l&#8217;isola senza preoccuparvi di costi aggiuntivi in caso di danni.<\/p><p>Con le nostre auto a noleggio presso questo punto di ritiro, potrete iniziare il vostro viaggio immediatamente e con il massimo comfort.<\/p><h2>I vantaggi del noleggio con Ibiza Go Cars<\/h2><p>Scegliendo il nostro servizio potrete godere dei seguenti vantaggi:<\/p><ul><li>Processo di ritiro e restituzione facile e senza problemi.<\/li><li>Ampia gamma di modelli adatti alle vostre esigenze, senza preoccupazioni per l&#8217;assicurazione.<\/li><li>Prezzi competitivi e trasparenza totale, senza sorprese in caso di incidenti.<\/li><\/ul><h2>Consigli per un noleggio di successo<\/h2><p>Per garantire un&#8217;esperienza di noleggio di successo, ecco alcuni consigli utili:<\/p><ul><li>Esaminate attentamente il contratto di noleggio per comprendere la copertura assicurativa senza franchigia.<\/li><li>Assicuratevi di conoscere le politiche relative al carburante e al chilometraggio per evitare costi aggiuntivi.<\/li><li>Se avete meno di 25 anni, informatevi sulle politiche specifiche e sui possibili costi aggiuntivi.<\/li><\/ul><h2>Domande frequenti<\/h2><p>Qui rispondiamo ad alcune domande frequenti che potreste avere durante il processo di noleggio.<\/p><h3>Di cosa ho bisogno per noleggiare un&#8217;auto all&#8217;aeroporto di Ibiza senza franchigia?<\/h3><p>\u00c8 necessaria una patente di guida valida e di solito una carta di credito per la pre-autorizzazione di sicurezza, anche se il deposito cauzionale \u00e8 ridotto al minimo con l&#8217;opzione senza franchigia.<\/p><h3>\u00c8 possibile noleggiare un&#8217;auto senza franchigia senza carta di credito?<\/h3><p>In genere, per il noleggio senza franchigia \u00e8 richiesta una carta di credito per la pre-autorizzazione, ma verificate con noi le opzioni specifiche.<\/p><h2>Prenotate la vostra auto all&#8217;aeroporto di Ibiza senza franchigia e godetevi l&#8217;isola senza limiti!<\/h2><p>Scegliete il comfort e la sicurezza del nostro noleggio auto senza franchigia, prenotate ora e preparatevi a vivere un&#8217;esperienza senza precedenti!<\/p>\t\t\t\t\t\t\t\t<\/div>\n\t\t\t\t<\/div>\n\t\t\t\t\t<\/div>\n\t\t<\/div>\n\t\t\t\t\t<\/div>\n\t\t<\/section>\n\t\t\t\t<section class=\"elementor-section elementor-top-section elementor-element elementor-element-389801e elementor-section-boxed elementor-section-height-default elementor-section-height-default\" data-id=\"389801e\" data-element_type=\"section\" data-e-type=\"section\">\n\t\t\t\t\t\t<div class=\"elementor-container elementor-column-gap-default\">\n\t\t\t\t\t<div class=\"elementor-column elementor-col-100 elementor-top-column elementor-element elementor-element-c660d1a\" data-id=\"c660d1a\" data-element_type=\"column\" data-e-type=\"column\">\n\t\t\t<div class=\"elementor-widget-wrap elementor-element-populated\">\n\t\t\t\t\t\t<div class=\"elementor-element elementor-element-319a7e0 elementor-widget elementor-widget-heading\" data-id=\"319a7e0\" data-element_type=\"widget\" data-e-type=\"widget\" data-widget_type=\"heading.default\">\n\t\t\t\t<div class=\"elementor-widget-container\">\n\t\t\t\t\t<h2 class=\"elementor-heading-title elementor-size-default\">Tambi\u00e9n te podr\u00eda interesar...<\/h2>\t\t\t\t<\/div>\n\t\t\t\t<\/div>\n\t\t\t\t\t<\/div>\n\t\t<\/div>\n\t\t\t\t\t<\/div>\n\t\t<\/section>\n\t\t\t\t<section class=\"elementor-section elementor-top-section elementor-element elementor-element-994729d elementor-section-boxed elementor-section-height-default elementor-section-height-default\" data-id=\"994729d\" data-element_type=\"section\" data-e-type=\"section\">\n\t\t\t\t\t\t<div class=\"elementor-container elementor-column-gap-default\">\n\t\t\t\t\t<div class=\"elementor-column elementor-col-100 elementor-top-column elementor-element elementor-element-b83ab22\" data-id=\"b83ab22\" data-element_type=\"column\" data-e-type=\"column\">\n\t\t\t<div class=\"elementor-widget-wrap elementor-element-populated\">\n\t\t\t\t\t\t\t<\/div>\n\t\t<\/div>\n\t\t\t\t\t<\/div>\n\t\t<\/section>\n\t\t\t\t<section class=\"elementor-section elementor-top-section elementor-element elementor-element-9714d72 elementor-section-boxed elementor-section-height-default elementor-section-height-default\" data-id=\"9714d72\" data-element_type=\"section\" data-e-type=\"section\">\n\t\t\t\t\t\t<div class=\"elementor-container elementor-column-gap-default\">\n\t\t\t\t\t<div class=\"elementor-column elementor-col-100 elementor-top-column elementor-element elementor-element-16a0341\" data-id=\"16a0341\" data-element_type=\"column\" data-e-type=\"column\">\n\t\t\t<div class=\"elementor-widget-wrap elementor-element-populated\">\n\t\t\t\t\t\t\t<\/div>\n\t\t<\/div>\n\t\t\t\t\t<\/div>\n\t\t<\/section>\n\t\t\t\t<\/div>\n\t\t","protected":false},"excerpt":{"rendered":"<p>Perch\u00e9 noleggiare un&#8217;auto all&#8217;aeroporto di Ibiza senza franchigia? Il noleggio di un&#8217;auto senza franchigia all&#8217;aeroporto di Ibiza \u00e8 l&#8217;opzione ideale per chi cerca tranquillit\u00e0 e totale libert\u00e0. Infatti, questa opzione vi permette di godervi l&#8217;isola senza preoccuparvi di costi aggiuntivi in caso di danni. Con le nostre auto a noleggio presso questo punto di ritiro, [&hellip;]<\/p>\n","protected":false},"author":5,"featured_media":5422,"parent":0,"menu_order":0,"comment_status":"closed","ping_status":"closed","template":"elementor_header_footer","meta":{"_acf_changed":false,"footnotes":""},"class_list":["post-5869","page","type-page","status-publish","has-post-thumbnail","hentry"],"acf":[],"_links":{"self":[{"href":"https:\/\/www.ibizagocar.com\/it\/wp-json\/wp\/v2\/pages\/5869","targetHints":{"allow":["GET"]}}],"collection":[{"href":"https:\/\/www.ibizagocar.com\/it\/wp-json\/wp\/v2\/pages"}],"about":[{"href":"https:\/\/www.ibizagocar.com\/it\/wp-json\/wp\/v2\/types\/page"}],"author":[{"embeddable":true,"href":"https:\/\/www.ibizagocar.com\/it\/wp-json\/wp\/v2\/users\/5"}],"replies":[{"embeddable":true,"href":"https:\/\/www.ibizagocar.com\/it\/wp-json\/wp\/v2\/comments?post=5869"}],"version-history":[{"count":0,"href":"https:\/\/www.ibizagocar.com\/it\/wp-json\/wp\/v2\/pages\/5869\/revisions"}],"wp:featuredmedia":[{"embeddable":true,"href":"https:\/\/www.ibizagocar.com\/it\/wp-json\/wp\/v2\/media\/5422"}],"wp:attachment":[{"href":"https:\/\/www.ibizagocar.com\/it\/wp-json\/wp\/v2\/media?parent=5869"}],"curies":[{"name":"wp","href":"https:\/\/api.w.org\/{rel}","templated":true}]}}