{"id":6030,"date":"2023-09-22T07:00:42","date_gmt":"2023-09-22T07:00:42","guid":{"rendered":"https:\/\/ibizagocar.com\/alquiler-coches-ibiza-fiat-500\/"},"modified":"2024-12-19T09:04:36","modified_gmt":"2024-12-19T08:04:36","slug":"alquiler-coches-ibiza-fiat-500","status":"publish","type":"page","link":"https:\/\/www.ibizagocar.com\/it\/noleggio-auto-ibiza\/fiat-500\/","title":{"rendered":"Noleggio auto Ibiza Fiat 500"},"content":{"rendered":"\t\t<div data-elementor-type=\"wp-page\" data-elementor-id=\"6030\" class=\"elementor elementor-6030 elementor-4693\" data-elementor-post-type=\"page\">\n\t\t\t\t\t\t<section class=\"elementor-section elementor-top-section elementor-element elementor-element-ea526d1 elementor-section-boxed elementor-section-height-default elementor-section-height-default\" data-id=\"ea526d1\" data-element_type=\"section\" data-e-type=\"section\">\n\t\t\t\t\t\t<div class=\"elementor-container elementor-column-gap-default\">\n\t\t\t\t\t<div class=\"elementor-column elementor-col-100 elementor-top-column elementor-element elementor-element-9681408\" data-id=\"9681408\" data-element_type=\"column\" data-e-type=\"column\">\n\t\t\t<div class=\"elementor-widget-wrap elementor-element-populated\">\n\t\t\t\t\t\t<div class=\"elementor-element elementor-element-7a0093f elementor-widget elementor-widget-text-editor\" data-id=\"7a0093f\" data-element_type=\"widget\" data-e-type=\"widget\" data-widget_type=\"text-editor.default\">\n\t\t\t\t<div class=\"elementor-widget-container\">\n\t\t\t\t\t\t\t\t\t<h2>La Fiat 500: un&#8217;icona italiana a Ibiza<\/h2><p>Cercate un&#8217;auto che combini stile, comfort e maneggevolezza? La Fiat 500 \u00e8 la scelta perfetta per esplorare Ibiza. Questa iconica auto italiana \u00e8 ideale per navigare sia nelle strette vie della citt\u00e0 che sulle strade costiere.<\/p><h2>Perch\u00e9 scegliere la Fiat 500 con Ibiza Go Cars<\/h2><p>Noleggiare una Fiat 500 a Ibiza con noi ha molteplici vantaggi:<\/p><ul><li>Facile da guidare e da parcheggiare<\/li><li>Stile e comfort in un pacchetto compatto<\/li><li>Eccellente efficienza dei consumi<\/li><\/ul><h2>Consigli per godersi la Fiat 500 a Ibiza<\/h2><p>Per rendere la vostra esperienza indimenticabile, ecco alcuni consigli:<\/p><ul><li>Pianificate il vostro itinerario per godervi i paesaggi pi\u00f9 iconici di Ibiza.<\/li><li>Controllate le politiche sul carburante e sui rimborsi<\/li><li>Se avete meno di 25 anni, controllate le politiche di et\u00e0 e gli eventuali costi aggiuntivi.<\/li><\/ul><h2>Domande frequenti<\/h2><h3>Cosa serve per noleggiare una Fiat 500 a Ibiza?<\/h3><p>Sono indispensabili una patente di guida valida e una carta di credito per il deposito cauzionale.<\/p><h3>Ci sono costi aggiuntivi per i giovani conducenti?<\/h3><p>I conducenti di et\u00e0 inferiore ai 25 anni possono essere soggetti a costi aggiuntivi.<\/p><h3>Posso noleggiare una Fiat 500 senza carta di credito?<\/h3><p>In genere \u00e8 richiesta una carta di credito per il deposito cauzionale.<\/p><h2>Prenotate la vostra Fiat 500 a Ibiza e provate l&#8217;esperienza di una guida iconica!<\/h2><p>Se siete alla ricerca di un modo elegante e confortevole per esplorare Ibiza, la nostra Fiat 500 a noleggio \u00e8 la scelta ideale &#8211; prenotate ora!<\/p>\t\t\t\t\t\t\t\t<\/div>\n\t\t\t\t<\/div>\n\t\t\t\t\t<\/div>\n\t\t<\/div>\n\t\t\t\t\t<\/div>\n\t\t<\/section>\n\t\t\t\t<section class=\"elementor-section elementor-top-section elementor-element elementor-element-ac71ee8 elementor-section-boxed elementor-section-height-default elementor-section-height-default\" data-id=\"ac71ee8\" data-element_type=\"section\" data-e-type=\"section\">\n\t\t\t\t\t\t<div class=\"elementor-container elementor-column-gap-default\">\n\t\t\t\t\t<div class=\"elementor-column elementor-col-100 elementor-top-column elementor-element elementor-element-d4c4eab\" data-id=\"d4c4eab\" data-element_type=\"column\" data-e-type=\"column\">\n\t\t\t<div class=\"elementor-widget-wrap elementor-element-populated\">\n\t\t\t\t\t\t<div class=\"elementor-element elementor-element-2b5c344 elementor-widget elementor-widget-heading\" data-id=\"2b5c344\" data-element_type=\"widget\" data-e-type=\"widget\" data-widget_type=\"heading.default\">\n\t\t\t\t<div class=\"elementor-widget-container\">\n\t\t\t\t\t<h2 class=\"elementor-heading-title elementor-size-default\">Potrebbero interessarti anche...<\/h2>\t\t\t\t<\/div>\n\t\t\t\t<\/div>\n\t\t\t\t\t<\/div>\n\t\t<\/div>\n\t\t\t\t\t<\/div>\n\t\t<\/section>\n\t\t\t\t<section class=\"elementor-section elementor-top-section elementor-element elementor-element-d304147 elementor-section-boxed elementor-section-height-default elementor-section-height-default\" data-id=\"d304147\" data-element_type=\"section\" data-e-type=\"section\">\n\t\t\t\t\t\t<div class=\"elementor-container elementor-column-gap-default\">\n\t\t\t\t\t<div class=\"elementor-column elementor-col-100 elementor-top-column elementor-element elementor-element-36da0f9\" data-id=\"36da0f9\" data-element_type=\"column\" data-e-type=\"column\">\n\t\t\t<div class=\"elementor-widget-wrap elementor-element-populated\">\n\t\t\t\t\t\t\t<\/div>\n\t\t<\/div>\n\t\t\t\t\t<\/div>\n\t\t<\/section>\n\t\t\t\t<section class=\"elementor-section elementor-top-section elementor-element elementor-element-f510445 elementor-section-boxed elementor-section-height-default elementor-section-height-default\" data-id=\"f510445\" data-element_type=\"section\" data-e-type=\"section\">\n\t\t\t\t\t\t<div class=\"elementor-container elementor-column-gap-default\">\n\t\t\t\t\t<div class=\"elementor-column elementor-col-100 elementor-top-column elementor-element elementor-element-8683ed3\" data-id=\"8683ed3\" data-element_type=\"column\" data-e-type=\"column\">\n\t\t\t<div class=\"elementor-widget-wrap elementor-element-populated\">\n\t\t\t\t\t\t\t<\/div>\n\t\t<\/div>\n\t\t\t\t\t<\/div>\n\t\t<\/section>\n\t\t\t\t<\/div>\n\t\t","protected":false},"excerpt":{"rendered":"<p>La Fiat 500: un&#8217;icona italiana a Ibiza Cercate un&#8217;auto che combini stile, comfort e maneggevolezza? La Fiat 500 \u00e8 la scelta perfetta per esplorare Ibiza. Questa iconica auto italiana \u00e8 ideale per navigare sia nelle strette vie della citt\u00e0 che sulle strade costiere. Perch\u00e9 scegliere la Fiat 500 con Ibiza Go Cars Noleggiare una Fiat [&hellip;]<\/p>\n","protected":false},"author":5,"featured_media":5466,"parent":0,"menu_order":0,"comment_status":"closed","ping_status":"closed","template":"elementor_header_footer","meta":{"_acf_changed":false,"footnotes":""},"class_list":["post-6030","page","type-page","status-publish","has-post-thumbnail","hentry"],"acf":[],"_links":{"self":[{"href":"https:\/\/www.ibizagocar.com\/it\/wp-json\/wp\/v2\/pages\/6030","targetHints":{"allow":["GET"]}}],"collection":[{"href":"https:\/\/www.ibizagocar.com\/it\/wp-json\/wp\/v2\/pages"}],"about":[{"href":"https:\/\/www.ibizagocar.com\/it\/wp-json\/wp\/v2\/types\/page"}],"author":[{"embeddable":true,"href":"https:\/\/www.ibizagocar.com\/it\/wp-json\/wp\/v2\/users\/5"}],"replies":[{"embeddable":true,"href":"https:\/\/www.ibizagocar.com\/it\/wp-json\/wp\/v2\/comments?post=6030"}],"version-history":[{"count":0,"href":"https:\/\/www.ibizagocar.com\/it\/wp-json\/wp\/v2\/pages\/6030\/revisions"}],"wp:featuredmedia":[{"embeddable":true,"href":"https:\/\/www.ibizagocar.com\/it\/wp-json\/wp\/v2\/media\/5466"}],"wp:attachment":[{"href":"https:\/\/www.ibizagocar.com\/it\/wp-json\/wp\/v2\/media?parent=6030"}],"curies":[{"name":"wp","href":"https:\/\/api.w.org\/{rel}","templated":true}]}}