{"id":6141,"date":"2023-09-22T12:17:58","date_gmt":"2023-09-22T12:17:58","guid":{"rendered":"https:\/\/ibizagocar.com\/alquiler-coches-ibiza-range-rover\/"},"modified":"2024-12-19T08:26:04","modified_gmt":"2024-12-19T07:26:04","slug":"alquiler-coches-ibiza-range-rover","status":"publish","type":"page","link":"https:\/\/www.ibizagocar.com\/it\/noleggio-auto-ibiza\/range-rover\/","title":{"rendered":"Noleggio auto Ibiza Range Rover"},"content":{"rendered":"\t\t<div data-elementor-type=\"wp-page\" data-elementor-id=\"6141\" class=\"elementor elementor-6141 elementor-4705\" data-elementor-post-type=\"page\">\n\t\t\t\t\t\t<section class=\"elementor-section elementor-top-section elementor-element elementor-element-a18a179 elementor-section-boxed elementor-section-height-default elementor-section-height-default\" data-id=\"a18a179\" data-element_type=\"section\" data-e-type=\"section\">\n\t\t\t\t\t\t<div class=\"elementor-container elementor-column-gap-default\">\n\t\t\t\t\t<div class=\"elementor-column elementor-col-100 elementor-top-column elementor-element elementor-element-25e9bf6\" data-id=\"25e9bf6\" data-element_type=\"column\" data-e-type=\"column\">\n\t\t\t<div class=\"elementor-widget-wrap elementor-element-populated\">\n\t\t\t\t\t\t<div class=\"elementor-element elementor-element-a5d7508 elementor-widget elementor-widget-text-editor\" data-id=\"a5d7508\" data-element_type=\"widget\" data-e-type=\"widget\" data-widget_type=\"text-editor.default\">\n\t\t\t\t<div class=\"elementor-widget-container\">\n\t\t\t\t\t\t\t\t\t<h2>Range Rover: il simbolo del lusso e della versatilit\u00e0<\/h2><p>Se state cercando un&#8217;esperienza di guida di lusso a Ibiza, non c&#8217;\u00e8 scelta migliore di una Range Rover. Con il suo design elegante e le sue capacit\u00e0 fuoristrada, questo veicolo \u00e8 perfetto per esplorare l&#8217;isola con stile.<\/p><h2>Perch\u00e9 scegliere una Range Rover con Ibiza Go Cars<\/h2><p>Noleggiare una Range Rover a Ibiza con noi offre molteplici vantaggi:<\/p><ul><li>Esperienza di guida e comfort di lusso<\/li><li>Spazi interni ampi e tecnologia all&#8217;avanguardia<\/li><li>Modelli di alta gamma disponibili<\/li><\/ul><h2>Consigli per ottenere il massimo dalla vostra Range Rover<\/h2><p>Per rendere la vostra esperienza indimenticabile, ecco alcuni consigli:<\/p><ul><li>Pianificate il vostro itinerario per godervi i paesaggi pi\u00f9 belli di Ibiza.<\/li><li>Controllate le politiche di rifornimento e di restituzione del carburante<\/li><li>Se avete meno di 25 anni, controllate le politiche di et\u00e0 e gli eventuali costi aggiuntivi.<\/li><\/ul><h2>Domande frequenti<\/h2><h3>Di cosa avete bisogno per noleggiare una Range Rover a Ibiza?<\/h3><p>Sono indispensabili una patente di guida valida e una carta di credito per il deposito cauzionale.<\/p><h3>Ci sono costi aggiuntivi per i giovani conducenti?<\/h3><p>I conducenti di et\u00e0 inferiore ai 25 anni possono essere soggetti a costi aggiuntivi.<\/p><h3>Posso noleggiare una Range Rover senza carta di credito?<\/h3><p>In genere \u00e8 richiesta una carta di credito per il deposito cauzionale.<\/p><h2>Prenotate la vostra Range Rover a Ibiza e vivete un&#8217;esperienza di lusso!<\/h2><p>Se state cercando un modo lussuoso e confortevole per esplorare Ibiza, la nostra Range Rover a noleggio \u00e8 la scelta ideale, prenotate ora!<\/p>\t\t\t\t\t\t\t\t<\/div>\n\t\t\t\t<\/div>\n\t\t\t\t\t<\/div>\n\t\t<\/div>\n\t\t\t\t\t<\/div>\n\t\t<\/section>\n\t\t\t\t<section class=\"elementor-section elementor-top-section elementor-element elementor-element-20bfeca elementor-section-boxed elementor-section-height-default elementor-section-height-default\" data-id=\"20bfeca\" data-element_type=\"section\" data-e-type=\"section\">\n\t\t\t\t\t\t<div class=\"elementor-container elementor-column-gap-default\">\n\t\t\t\t\t<div class=\"elementor-column elementor-col-100 elementor-top-column elementor-element elementor-element-8c65de5\" data-id=\"8c65de5\" data-element_type=\"column\" data-e-type=\"column\">\n\t\t\t<div class=\"elementor-widget-wrap elementor-element-populated\">\n\t\t\t\t\t\t<div class=\"elementor-element elementor-element-1034fe1 elementor-widget elementor-widget-heading\" data-id=\"1034fe1\" data-element_type=\"widget\" data-e-type=\"widget\" data-widget_type=\"heading.default\">\n\t\t\t\t<div class=\"elementor-widget-container\">\n\t\t\t\t\t<h2 class=\"elementor-heading-title elementor-size-default\">Potrebbero interessarti anche...<\/h2>\t\t\t\t<\/div>\n\t\t\t\t<\/div>\n\t\t\t\t\t<\/div>\n\t\t<\/div>\n\t\t\t\t\t<\/div>\n\t\t<\/section>\n\t\t\t\t<section class=\"elementor-section elementor-top-section elementor-element elementor-element-eb71872 elementor-section-boxed elementor-section-height-default elementor-section-height-default\" data-id=\"eb71872\" data-element_type=\"section\" data-e-type=\"section\">\n\t\t\t\t\t\t<div class=\"elementor-container elementor-column-gap-default\">\n\t\t\t\t\t<div class=\"elementor-column elementor-col-100 elementor-top-column elementor-element elementor-element-4022577\" data-id=\"4022577\" data-element_type=\"column\" data-e-type=\"column\">\n\t\t\t<div class=\"elementor-widget-wrap elementor-element-populated\">\n\t\t\t\t\t\t\t<\/div>\n\t\t<\/div>\n\t\t\t\t\t<\/div>\n\t\t<\/section>\n\t\t\t\t<section class=\"elementor-section elementor-top-section elementor-element elementor-element-a25d359 elementor-section-boxed elementor-section-height-default elementor-section-height-default\" data-id=\"a25d359\" data-element_type=\"section\" data-e-type=\"section\">\n\t\t\t\t\t\t<div class=\"elementor-container elementor-column-gap-default\">\n\t\t\t\t\t<div class=\"elementor-column elementor-col-100 elementor-top-column elementor-element elementor-element-8231e65\" data-id=\"8231e65\" data-element_type=\"column\" data-e-type=\"column\">\n\t\t\t<div class=\"elementor-widget-wrap elementor-element-populated\">\n\t\t\t\t\t\t\t<\/div>\n\t\t<\/div>\n\t\t\t\t\t<\/div>\n\t\t<\/section>\n\t\t\t\t<\/div>\n\t\t","protected":false},"excerpt":{"rendered":"<p>Range Rover: il simbolo del lusso e della versatilit\u00e0 Se state cercando un&#8217;esperienza di guida di lusso a Ibiza, non c&#8217;\u00e8 scelta migliore di una Range Rover. Con il suo design elegante e le sue capacit\u00e0 fuoristrada, questo veicolo \u00e8 perfetto per esplorare l&#8217;isola con stile. Perch\u00e9 scegliere una Range Rover con Ibiza Go Cars [&hellip;]<\/p>\n","protected":false},"author":5,"featured_media":5520,"parent":0,"menu_order":0,"comment_status":"closed","ping_status":"closed","template":"elementor_header_footer","meta":{"_acf_changed":false,"footnotes":""},"class_list":["post-6141","page","type-page","status-publish","has-post-thumbnail","hentry"],"acf":[],"_links":{"self":[{"href":"https:\/\/www.ibizagocar.com\/it\/wp-json\/wp\/v2\/pages\/6141","targetHints":{"allow":["GET"]}}],"collection":[{"href":"https:\/\/www.ibizagocar.com\/it\/wp-json\/wp\/v2\/pages"}],"about":[{"href":"https:\/\/www.ibizagocar.com\/it\/wp-json\/wp\/v2\/types\/page"}],"author":[{"embeddable":true,"href":"https:\/\/www.ibizagocar.com\/it\/wp-json\/wp\/v2\/users\/5"}],"replies":[{"embeddable":true,"href":"https:\/\/www.ibizagocar.com\/it\/wp-json\/wp\/v2\/comments?post=6141"}],"version-history":[{"count":0,"href":"https:\/\/www.ibizagocar.com\/it\/wp-json\/wp\/v2\/pages\/6141\/revisions"}],"wp:featuredmedia":[{"embeddable":true,"href":"https:\/\/www.ibizagocar.com\/it\/wp-json\/wp\/v2\/media\/5520"}],"wp:attachment":[{"href":"https:\/\/www.ibizagocar.com\/it\/wp-json\/wp\/v2\/media?parent=6141"}],"curies":[{"name":"wp","href":"https:\/\/api.w.org\/{rel}","templated":true}]}}