{"id":6154,"date":"2023-09-22T12:24:10","date_gmt":"2023-09-22T12:24:10","guid":{"rendered":"https:\/\/ibizagocar.com\/alquiler-coches-ibiza-sa-caleta\/"},"modified":"2024-12-18T14:22:19","modified_gmt":"2024-12-18T13:22:19","slug":"alquiler-coches-ibiza-sa-caleta","status":"publish","type":"page","link":"https:\/\/www.ibizagocar.com\/it\/noleggio-auto-ibiza\/sa-caleta\/","title":{"rendered":"Noleggio auto Ibiza Sa Caleta"},"content":{"rendered":"\t\t<div data-elementor-type=\"wp-page\" data-elementor-id=\"6154\" class=\"elementor elementor-6154 elementor-4706\" data-elementor-post-type=\"page\">\n\t\t\t\t\t\t<section class=\"elementor-section elementor-top-section elementor-element elementor-element-bce3824 elementor-section-boxed elementor-section-height-default elementor-section-height-default\" data-id=\"bce3824\" data-element_type=\"section\" data-e-type=\"section\">\n\t\t\t\t\t\t<div class=\"elementor-container elementor-column-gap-default\">\n\t\t\t\t\t<div class=\"elementor-column elementor-col-100 elementor-top-column elementor-element elementor-element-12ef60f\" data-id=\"12ef60f\" data-element_type=\"column\" data-e-type=\"column\">\n\t\t\t<div class=\"elementor-widget-wrap elementor-element-populated\">\n\t\t\t\t\t\t<div class=\"elementor-element elementor-element-d78c9b6 elementor-widget elementor-widget-text-editor\" data-id=\"d78c9b6\" data-element_type=\"widget\" data-e-type=\"widget\" data-widget_type=\"text-editor.default\">\n\t\t\t\t<div class=\"elementor-widget-container\">\n\t\t\t\t\t\t\t\t\t<h2>Le bellezze naturali di Sa Caleta<\/h2><p>Sa Caleta \u00e8 una delle zone pi\u00f9 pittoresche di Ibiza, nota per la sua bellezza naturale e la sua tranquillit\u00e0. Noleggiare un&#8217;auto in questa zona vi permetter\u00e0 di esplorare tutto ci\u00f2 che ha da offrire.<\/p><h2>Perch\u00e9 scegliere Ibiza Go Cars a Sa Caleta<\/h2><p>Noleggiare un&#8217;auto a Sa Caleta con noi ha molteplici vantaggi:<\/p><ul><li>Variet\u00e0 di modelli per soddisfare le vostre esigenze<\/li><li>Processo di prenotazione facile e veloce<\/li><li>Eccellente servizio clienti<\/li><\/ul><h2>Consigli per ottenere il massimo dal vostro noleggio auto a Sa Caleta<\/h2><p>Per rendere la vostra esperienza indimenticabile, ecco alcuni consigli:<\/p><ul><li>Prenotate in anticipo per assicurarvi i prezzi migliori.<\/li><li>Controllate le politiche sul carburante e sulla restituzione<\/li><li>Se avete meno di 25 anni, controllate le politiche di et\u00e0 e gli eventuali costi aggiuntivi.<\/li><\/ul><h2>Domande frequenti<\/h2><h3>Di cosa ho bisogno per noleggiare un&#8217;auto a Sa Caleta?<\/h3><p>Sono indispensabili una patente di guida valida e una carta di credito per il deposito cauzionale.<\/p><h3>Ci sono costi aggiuntivi per i giovani conducenti?<\/h3><p>I conducenti di et\u00e0 inferiore ai 25 anni possono essere soggetti a costi aggiuntivi.<\/p><h3>Posso noleggiare un&#8217;auto a Sa Caleta senza carta di credito?<\/h3><p>La carta di credito \u00e8 generalmente richiesta per il deposito cauzionale.<\/p><h2>Prenotate il vostro noleggio auto a Sa Caleta ed esplorate la bellezza di Ibiza!<\/h2><p>Se state cercando un modo comodo e conveniente per scoprire Sa Caleta e l&#8217;area circostante, le nostre auto a noleggio sono la scelta ideale. Prenotate subito!<\/p>\t\t\t\t\t\t\t\t<\/div>\n\t\t\t\t<\/div>\n\t\t\t\t\t<\/div>\n\t\t<\/div>\n\t\t\t\t\t<\/div>\n\t\t<\/section>\n\t\t\t\t<section class=\"elementor-section elementor-top-section elementor-element elementor-element-339bf41 elementor-section-boxed elementor-section-height-default elementor-section-height-default\" data-id=\"339bf41\" data-element_type=\"section\" data-e-type=\"section\">\n\t\t\t\t\t\t<div class=\"elementor-container elementor-column-gap-default\">\n\t\t\t\t\t<div class=\"elementor-column elementor-col-100 elementor-top-column elementor-element elementor-element-f0d5da0\" data-id=\"f0d5da0\" data-element_type=\"column\" data-e-type=\"column\">\n\t\t\t<div class=\"elementor-widget-wrap elementor-element-populated\">\n\t\t\t\t\t\t<div class=\"elementor-element elementor-element-e26aef0 elementor-widget elementor-widget-heading\" data-id=\"e26aef0\" data-element_type=\"widget\" data-e-type=\"widget\" data-widget_type=\"heading.default\">\n\t\t\t\t<div class=\"elementor-widget-container\">\n\t\t\t\t\t<h2 class=\"elementor-heading-title elementor-size-default\">Potrebbero interessarti anche...<\/h2>\t\t\t\t<\/div>\n\t\t\t\t<\/div>\n\t\t\t\t\t<\/div>\n\t\t<\/div>\n\t\t\t\t\t<\/div>\n\t\t<\/section>\n\t\t\t\t<section class=\"elementor-section elementor-top-section elementor-element elementor-element-6d5d42d elementor-section-boxed elementor-section-height-default elementor-section-height-default\" data-id=\"6d5d42d\" data-element_type=\"section\" data-e-type=\"section\">\n\t\t\t\t\t\t<div class=\"elementor-container elementor-column-gap-default\">\n\t\t\t\t\t<div class=\"elementor-column elementor-col-100 elementor-top-column elementor-element elementor-element-7fe7c1e\" data-id=\"7fe7c1e\" data-element_type=\"column\" data-e-type=\"column\">\n\t\t\t<div class=\"elementor-widget-wrap elementor-element-populated\">\n\t\t\t\t\t\t\t<\/div>\n\t\t<\/div>\n\t\t\t\t\t<\/div>\n\t\t<\/section>\n\t\t\t\t<section class=\"elementor-section elementor-top-section elementor-element elementor-element-69ba024 elementor-section-boxed elementor-section-height-default elementor-section-height-default\" data-id=\"69ba024\" data-element_type=\"section\" data-e-type=\"section\">\n\t\t\t\t\t\t<div class=\"elementor-container elementor-column-gap-default\">\n\t\t\t\t\t<div class=\"elementor-column elementor-col-100 elementor-top-column elementor-element elementor-element-0dfc580\" data-id=\"0dfc580\" data-element_type=\"column\" data-e-type=\"column\">\n\t\t\t<div class=\"elementor-widget-wrap elementor-element-populated\">\n\t\t\t\t\t\t\t<\/div>\n\t\t<\/div>\n\t\t\t\t\t<\/div>\n\t\t<\/section>\n\t\t\t\t<\/div>\n\t\t","protected":false},"excerpt":{"rendered":"<p>Le bellezze naturali di Sa Caleta Sa Caleta \u00e8 una delle zone pi\u00f9 pittoresche di Ibiza, nota per la sua bellezza naturale e la sua tranquillit\u00e0. Noleggiare un&#8217;auto in questa zona vi permetter\u00e0 di esplorare tutto ci\u00f2 che ha da offrire. Perch\u00e9 scegliere Ibiza Go Cars a Sa Caleta Noleggiare un&#8217;auto a Sa Caleta con [&hellip;]<\/p>\n","protected":false},"author":5,"featured_media":5523,"parent":0,"menu_order":0,"comment_status":"closed","ping_status":"closed","template":"elementor_header_footer","meta":{"_acf_changed":false,"footnotes":""},"class_list":["post-6154","page","type-page","status-publish","has-post-thumbnail","hentry"],"acf":[],"_links":{"self":[{"href":"https:\/\/www.ibizagocar.com\/it\/wp-json\/wp\/v2\/pages\/6154","targetHints":{"allow":["GET"]}}],"collection":[{"href":"https:\/\/www.ibizagocar.com\/it\/wp-json\/wp\/v2\/pages"}],"about":[{"href":"https:\/\/www.ibizagocar.com\/it\/wp-json\/wp\/v2\/types\/page"}],"author":[{"embeddable":true,"href":"https:\/\/www.ibizagocar.com\/it\/wp-json\/wp\/v2\/users\/5"}],"replies":[{"embeddable":true,"href":"https:\/\/www.ibizagocar.com\/it\/wp-json\/wp\/v2\/comments?post=6154"}],"version-history":[{"count":0,"href":"https:\/\/www.ibizagocar.com\/it\/wp-json\/wp\/v2\/pages\/6154\/revisions"}],"wp:featuredmedia":[{"embeddable":true,"href":"https:\/\/www.ibizagocar.com\/it\/wp-json\/wp\/v2\/media\/5523"}],"wp:attachment":[{"href":"https:\/\/www.ibizagocar.com\/it\/wp-json\/wp\/v2\/media?parent=6154"}],"curies":[{"name":"wp","href":"https:\/\/api.w.org\/{rel}","templated":true}]}}