{"id":6168,"date":"2025-03-30T12:31:00","date_gmt":"2025-03-30T10:31:00","guid":{"rendered":"https:\/\/ibizagocar.com\/alquiler-coches-ibiza-san-antonio-bahia\/"},"modified":"2025-03-31T08:41:43","modified_gmt":"2025-03-31T06:41:43","slug":"alquiler-coches-ibiza-san-antonio-bahia","status":"publish","type":"page","link":"https:\/\/www.ibizagocar.com\/it\/noleggio-auto-ibiza\/san-antonio\/baia\/","title":{"rendered":"Noleggio auto Ibiza San Antonio bay"},"content":{"rendered":"\t\t<div data-elementor-type=\"wp-page\" data-elementor-id=\"6168\" class=\"elementor elementor-6168 elementor-4707\" data-elementor-post-type=\"page\">\n\t\t\t\t\t\t<section class=\"elementor-section elementor-top-section elementor-element elementor-element-2f20f7d elementor-section-boxed elementor-section-height-default elementor-section-height-default\" data-id=\"2f20f7d\" data-element_type=\"section\" data-e-type=\"section\">\n\t\t\t\t\t\t<div class=\"elementor-container elementor-column-gap-default\">\n\t\t\t\t\t<div class=\"elementor-column elementor-col-100 elementor-top-column elementor-element elementor-element-290598a\" data-id=\"290598a\" data-element_type=\"column\" data-e-type=\"column\">\n\t\t\t<div class=\"elementor-widget-wrap elementor-element-populated\">\n\t\t\t\t\t\t<div class=\"elementor-element elementor-element-520d14b elementor-widget elementor-widget-text-editor\" data-id=\"520d14b\" data-element_type=\"widget\" data-e-type=\"widget\" data-widget_type=\"text-editor.default\">\n\t\t\t\t<div class=\"elementor-widget-container\">\n\t\t\t\t\t\t\t\t\t<h2>Scopri la Baia di San Antonio con il massimo comfort e libert\u00e0<\/h2><p>La <strong data-start=\"564\" data-end=\"587\">Baia di San Antonio<\/strong> \u00e8 una delle zone pi\u00f9 amate di Ibiza, celebre per le sue spiagge spettacolari, i tramonti indimenticabili e la sua atmosfera vivace. Con il nostro <strong data-start=\"734\" data-end=\"791\">servizio di noleggio auto a Ibiza Baia di San Antonio<\/strong>, potrai vivere ogni angolo dell\u2019isola con totale autonomia, evitando costi elevati per taxi o gli orari limitati dei mezzi pubblici.<\/p><h2>Perch\u00e9 scegliere Ibiza Go Cars per il tuo autonoleggio a San Antonio Bay<\/h2><p class=\"\" data-start=\"1004\" data-end=\"1123\">Affidarsi a <strong data-start=\"1016\" data-end=\"1033\">Ibiza Go Cars<\/strong> significa scegliere un servizio pratico, trasparente e adatto a ogni tipo di viaggiatore:<\/p><ul data-start=\"1125\" data-end=\"1584\"><li class=\"\" data-start=\"1125\" data-end=\"1248\"><p class=\"\" data-start=\"1127\" data-end=\"1248\"><strong data-start=\"1127\" data-end=\"1153\">Ampia gamma di veicoli<\/strong>: Dalle city car compatte perfette per la citt\u00e0 ai SUV spaziosi ideali per gruppi o famiglie.<\/p><\/li><li class=\"\" data-start=\"1249\" data-end=\"1352\"><p class=\"\" data-start=\"1251\" data-end=\"1352\"><strong data-start=\"1251\" data-end=\"1283\">Prenotazione facile e rapida<\/strong>: In pochi clic puoi assicurarti l\u2019auto giusta per le tue esigenze.<\/p><\/li><li class=\"\" data-start=\"1353\" data-end=\"1469\"><p class=\"\" data-start=\"1355\" data-end=\"1469\"><strong data-start=\"1355\" data-end=\"1389\">Servizio clienti professionale<\/strong>: Il nostro team ti accompagna in ogni fase, per un\u2019esperienza senza pensieri.<\/p><\/li><li class=\"\" data-start=\"1470\" data-end=\"1584\"><p class=\"\" data-start=\"1472\" data-end=\"1584\"><strong data-start=\"1472\" data-end=\"1506\">Prezzi chiari e senza sorprese<\/strong>: Nessun costo nascosto \u2014 solo tariffe convenienti per un servizio affidabile.<\/p><\/li><\/ul><h2>Consigli per sfruttare al meglio il tuo noleggio auto alla Baia di San Antonio<\/h2><p class=\"\" data-start=\"1670\" data-end=\"1742\">Ecco alcuni suggerimenti utili per ottenere il massimo dal tuo noleggio:<\/p><ul data-start=\"1744\" data-end=\"2104\"><li class=\"\" data-start=\"1744\" data-end=\"1846\"><p class=\"\" data-start=\"1746\" data-end=\"1846\"><strong data-start=\"1746\" data-end=\"1770\">Prenota con anticipo<\/strong>: Ti garantir\u00e0 accesso ai migliori modelli e alle tariffe pi\u00f9 convenienti.<\/p><\/li><li class=\"\" data-start=\"1847\" data-end=\"1981\"><p class=\"\" data-start=\"1849\" data-end=\"1981\"><strong data-start=\"1849\" data-end=\"1888\">Controlla le condizioni di noleggio<\/strong>: Verifica le politiche sul carburante, i chilometri inclusi e la restituzione del veicolo.<\/p><\/li><li class=\"\" data-start=\"1982\" data-end=\"2104\"><p class=\"\" data-start=\"1984\" data-end=\"2104\"><strong data-start=\"1984\" data-end=\"2021\">Attenzione all\u2019et\u00e0 del conducente<\/strong>: Se hai meno di 25 anni, informati su eventuali supplementi per giovani guidatori.<\/p><\/li><\/ul><h2 data-start=\"1023\" data-end=\"1115\">Domande frequenti<\/h2><h3>Cosa serve per noleggiare un\u2019auto alla Baia di San Antonio?<\/h3><p>\u00c8 necessaria una patente di guida valida e una carta di credito per il deposito cauzionale.<\/p><h3>Ci sono costi aggiuntivi per i guidatori sotto i 25 anni?<\/h3><p>S\u00ec, potrebbero essere applicati supplementi ai conducenti pi\u00f9 giovani.<\/p><h3>Posso noleggiare un\u2019auto senza carta di credito?<\/h3><p>In genere, \u00e8 richiesta una carta di credito per effettuare il deposito di garanzia.<\/p><h2>Prenota Ora il Tuo Noleggio Auto alla Baia di San Antonio<\/h2><p class=\"\" data-start=\"2663\" data-end=\"2861\">uoi esplorare Ibiza in piena libert\u00e0 e risparmiando? Con <strong data-start=\"2721\" data-end=\"2738\">Ibiza Go Cars<\/strong>, il tuo noleggio auto sar\u00e0 semplice, veloce e senza stress. Scopri ogni angolo dell\u2019isola al tuo ritmo, senza compromessi.<\/p><p class=\"\" data-start=\"2863\" data-end=\"2968\"><strong data-start=\"2863\" data-end=\"2968\">Prenota oggi il tuo noleggio auto a Ibiza Baia di San Antonio <\/strong>e inizia la tua avventura senza limiti!<\/p>\t\t\t\t\t\t\t\t<\/div>\n\t\t\t\t<\/div>\n\t\t\t\t\t<\/div>\n\t\t<\/div>\n\t\t\t\t\t<\/div>\n\t\t<\/section>\n\t\t\t\t<section class=\"elementor-section elementor-top-section elementor-element elementor-element-27aa9c0 elementor-section-boxed elementor-section-height-default elementor-section-height-default\" data-id=\"27aa9c0\" data-element_type=\"section\" data-e-type=\"section\">\n\t\t\t\t\t\t<div class=\"elementor-container elementor-column-gap-default\">\n\t\t\t\t\t<div class=\"elementor-column elementor-col-100 elementor-top-column elementor-element elementor-element-38280c4\" data-id=\"38280c4\" data-element_type=\"column\" data-e-type=\"column\">\n\t\t\t<div class=\"elementor-widget-wrap elementor-element-populated\">\n\t\t\t\t\t\t<div class=\"elementor-element elementor-element-e32cbdb elementor-widget elementor-widget-heading\" data-id=\"e32cbdb\" data-element_type=\"widget\" data-e-type=\"widget\" data-widget_type=\"heading.default\">\n\t\t\t\t<div class=\"elementor-widget-container\">\n\t\t\t\t\t<h2 class=\"elementor-heading-title elementor-size-default\">Potrebbero interessarti anche...<\/h2>\t\t\t\t<\/div>\n\t\t\t\t<\/div>\n\t\t\t\t\t<\/div>\n\t\t<\/div>\n\t\t\t\t\t<\/div>\n\t\t<\/section>\n\t\t\t\t<section class=\"elementor-section elementor-top-section elementor-element elementor-element-e985121 elementor-section-boxed elementor-section-height-default elementor-section-height-default\" data-id=\"e985121\" data-element_type=\"section\" data-e-type=\"section\">\n\t\t\t\t\t\t<div class=\"elementor-container elementor-column-gap-default\">\n\t\t\t\t\t<div class=\"elementor-column elementor-col-100 elementor-top-column elementor-element elementor-element-00719e1\" data-id=\"00719e1\" data-element_type=\"column\" data-e-type=\"column\">\n\t\t\t<div class=\"elementor-widget-wrap elementor-element-populated\">\n\t\t\t\t\t\t\t<\/div>\n\t\t<\/div>\n\t\t\t\t\t<\/div>\n\t\t<\/section>\n\t\t\t\t<section class=\"elementor-section elementor-top-section elementor-element elementor-element-5b1ef98 elementor-section-boxed elementor-section-height-default elementor-section-height-default\" data-id=\"5b1ef98\" data-element_type=\"section\" data-e-type=\"section\">\n\t\t\t\t\t\t<div class=\"elementor-container elementor-column-gap-default\">\n\t\t\t\t\t<div class=\"elementor-column elementor-col-100 elementor-top-column elementor-element elementor-element-3160146\" data-id=\"3160146\" data-element_type=\"column\" data-e-type=\"column\">\n\t\t\t<div class=\"elementor-widget-wrap elementor-element-populated\">\n\t\t\t\t\t\t\t<\/div>\n\t\t<\/div>\n\t\t\t\t\t<\/div>\n\t\t<\/section>\n\t\t\t\t<\/div>\n\t\t","protected":false},"excerpt":{"rendered":"<p>Scopri la Baia di San Antonio con il massimo comfort e libert\u00e0 La Baia di San Antonio \u00e8 una delle zone pi\u00f9 amate di Ibiza, celebre per le sue spiagge spettacolari, i tramonti indimenticabili e la sua atmosfera vivace. Con il nostro servizio di noleggio auto a Ibiza Baia di San Antonio, potrai vivere ogni [&hellip;]<\/p>\n","protected":false},"author":5,"featured_media":5534,"parent":0,"menu_order":0,"comment_status":"closed","ping_status":"closed","template":"elementor_header_footer","meta":{"_acf_changed":false,"footnotes":""},"class_list":["post-6168","page","type-page","status-publish","has-post-thumbnail","hentry"],"acf":[],"_links":{"self":[{"href":"https:\/\/www.ibizagocar.com\/it\/wp-json\/wp\/v2\/pages\/6168","targetHints":{"allow":["GET"]}}],"collection":[{"href":"https:\/\/www.ibizagocar.com\/it\/wp-json\/wp\/v2\/pages"}],"about":[{"href":"https:\/\/www.ibizagocar.com\/it\/wp-json\/wp\/v2\/types\/page"}],"author":[{"embeddable":true,"href":"https:\/\/www.ibizagocar.com\/it\/wp-json\/wp\/v2\/users\/5"}],"replies":[{"embeddable":true,"href":"https:\/\/www.ibizagocar.com\/it\/wp-json\/wp\/v2\/comments?post=6168"}],"version-history":[{"count":0,"href":"https:\/\/www.ibizagocar.com\/it\/wp-json\/wp\/v2\/pages\/6168\/revisions"}],"wp:featuredmedia":[{"embeddable":true,"href":"https:\/\/www.ibizagocar.com\/it\/wp-json\/wp\/v2\/media\/5534"}],"wp:attachment":[{"href":"https:\/\/www.ibizagocar.com\/it\/wp-json\/wp\/v2\/media?parent=6168"}],"curies":[{"name":"wp","href":"https:\/\/api.w.org\/{rel}","templated":true}]}}