{"id":6210,"date":"2023-09-22T07:00:41","date_gmt":"2023-09-22T07:00:41","guid":{"rendered":"https:\/\/ibizagocar.com\/alquiler-coches-ibiza-san-jordi\/"},"modified":"2024-12-19T09:33:34","modified_gmt":"2024-12-19T08:33:34","slug":"alquiler-coches-ibiza-san-jordi","status":"publish","type":"page","link":"https:\/\/www.ibizagocar.com\/it\/noleggio-auto-ibiza\/san-jordi\/","title":{"rendered":"Noleggio auto Ibiza San Jordi"},"content":{"rendered":"\t\t<div data-elementor-type=\"wp-page\" data-elementor-id=\"6210\" class=\"elementor elementor-6210 elementor-4713\" data-elementor-post-type=\"page\">\n\t\t\t\t\t\t<section class=\"elementor-section elementor-top-section elementor-element elementor-element-da8ca9e elementor-section-boxed elementor-section-height-default elementor-section-height-default\" data-id=\"da8ca9e\" data-element_type=\"section\" data-e-type=\"section\">\n\t\t\t\t\t\t<div class=\"elementor-container elementor-column-gap-default\">\n\t\t\t\t\t<div class=\"elementor-column elementor-col-100 elementor-top-column elementor-element elementor-element-00d6e0e\" data-id=\"00d6e0e\" data-element_type=\"column\" data-e-type=\"column\">\n\t\t\t<div class=\"elementor-widget-wrap elementor-element-populated\">\n\t\t\t\t\t\t<div class=\"elementor-element elementor-element-a4904be elementor-widget elementor-widget-text-editor\" data-id=\"a4904be\" data-element_type=\"widget\" data-e-type=\"widget\" data-widget_type=\"text-editor.default\">\n\t\t\t\t<div class=\"elementor-widget-container\">\n\t\t\t\t\t\t\t\t\t<h2>San Jordi: un&#8217;oasi di tranquillit\u00e0<\/h2><p>San Jordi \u00e8 una delle zone pi\u00f9 belle e tranquille di Ibiza, ideale per chi vuole sfuggire alla confusione. Noleggiare un&#8217;auto qui vi permetter\u00e0 di esplorare questa zona affascinante al vostro ritmo.<\/p><h2>Perch\u00e9 scegliere Ibiza Go Cars a San Jordi<\/h2><p>Noleggiare un&#8217;auto a San Jordi con noi ha molteplici vantaggi:<\/p><ul><li>Variet\u00e0 di modelli per soddisfare le vostre esigenze<\/li><li>Processo di prenotazione facile e veloce<\/li><li>Eccellente servizio clienti<\/li><\/ul><h2>Consigli per ottenere il massimo dal vostro noleggio auto a San Jordi<\/h2><p>Per rendere la vostra esperienza indimenticabile, ecco alcuni consigli:<\/p><ul><li>Prenotate in anticipo per assicurarvi i prezzi migliori.<\/li><li>Verificate le politiche sul carburante e sulla restituzione<\/li><li>Se avete meno di 25 anni, controllate le politiche di et\u00e0 e gli eventuali costi aggiuntivi.<\/li><\/ul><h2>Domande frequenti<\/h2><h3>Di cosa ho bisogno per noleggiare un&#8217;auto a San Jordi?<\/h3><p>Sono indispensabili una patente di guida valida e una carta di credito per il deposito cauzionale.<\/p><h3>Ci sono costi aggiuntivi per i giovani conducenti?<\/h3><p>I conducenti di et\u00e0 inferiore ai 25 anni possono essere soggetti a costi aggiuntivi.<\/p><h3>Posso noleggiare un&#8217;auto a San Jordi senza carta di credito?<\/h3><p>Una carta di credito \u00e8 generalmente richiesta per il deposito cauzionale.<\/p><h3>Prenotate il vostro autonoleggio a San Jordi e scoprite la tranquillit\u00e0 di Ibiza!<\/h3><p>Se cercate un modo comodo e conveniente per scoprire San Jordi e i suoi dintorni, le nostre auto a noleggio sono la scelta ideale. Prenotate subito!<\/p>\t\t\t\t\t\t\t\t<\/div>\n\t\t\t\t<\/div>\n\t\t\t\t\t<\/div>\n\t\t<\/div>\n\t\t\t\t\t<\/div>\n\t\t<\/section>\n\t\t\t\t<section class=\"elementor-section elementor-top-section elementor-element elementor-element-2592a9a elementor-section-boxed elementor-section-height-default elementor-section-height-default\" data-id=\"2592a9a\" data-element_type=\"section\" data-e-type=\"section\">\n\t\t\t\t\t\t<div class=\"elementor-container elementor-column-gap-default\">\n\t\t\t\t\t<div class=\"elementor-column elementor-col-100 elementor-top-column elementor-element elementor-element-94f7b16\" data-id=\"94f7b16\" data-element_type=\"column\" data-e-type=\"column\">\n\t\t\t<div class=\"elementor-widget-wrap elementor-element-populated\">\n\t\t\t\t\t\t<div class=\"elementor-element elementor-element-f0c7823 elementor-widget elementor-widget-heading\" data-id=\"f0c7823\" data-element_type=\"widget\" data-e-type=\"widget\" data-widget_type=\"heading.default\">\n\t\t\t\t<div class=\"elementor-widget-container\">\n\t\t\t\t\t<h2 class=\"elementor-heading-title elementor-size-default\">Potrebbero interessarti anche...<\/h2>\t\t\t\t<\/div>\n\t\t\t\t<\/div>\n\t\t\t\t\t<\/div>\n\t\t<\/div>\n\t\t\t\t\t<\/div>\n\t\t<\/section>\n\t\t\t\t<section class=\"elementor-section elementor-top-section elementor-element elementor-element-5e4057e elementor-section-boxed elementor-section-height-default elementor-section-height-default\" data-id=\"5e4057e\" data-element_type=\"section\" data-e-type=\"section\">\n\t\t\t\t\t\t<div class=\"elementor-container elementor-column-gap-default\">\n\t\t\t\t\t<div class=\"elementor-column elementor-col-100 elementor-top-column elementor-element elementor-element-5af471e\" data-id=\"5af471e\" data-element_type=\"column\" data-e-type=\"column\">\n\t\t\t<div class=\"elementor-widget-wrap elementor-element-populated\">\n\t\t\t\t\t\t\t<\/div>\n\t\t<\/div>\n\t\t\t\t\t<\/div>\n\t\t<\/section>\n\t\t\t\t<section class=\"elementor-section elementor-top-section elementor-element elementor-element-2309d02 elementor-section-boxed elementor-section-height-default elementor-section-height-default\" data-id=\"2309d02\" data-element_type=\"section\" data-e-type=\"section\">\n\t\t\t\t\t\t<div class=\"elementor-container elementor-column-gap-default\">\n\t\t\t\t\t<div class=\"elementor-column elementor-col-100 elementor-top-column elementor-element elementor-element-548dc63\" data-id=\"548dc63\" data-element_type=\"column\" data-e-type=\"column\">\n\t\t\t<div class=\"elementor-widget-wrap elementor-element-populated\">\n\t\t\t\t\t\t\t<\/div>\n\t\t<\/div>\n\t\t\t\t\t<\/div>\n\t\t<\/section>\n\t\t\t\t<\/div>\n\t\t","protected":false},"excerpt":{"rendered":"<p>San Jordi: un&#8217;oasi di tranquillit\u00e0 San Jordi \u00e8 una delle zone pi\u00f9 belle e tranquille di Ibiza, ideale per chi vuole sfuggire alla confusione. Noleggiare un&#8217;auto qui vi permetter\u00e0 di esplorare questa zona affascinante al vostro ritmo. Perch\u00e9 scegliere Ibiza Go Cars a San Jordi Noleggiare un&#8217;auto a San Jordi con noi ha molteplici vantaggi: [&hellip;]<\/p>\n","protected":false},"author":5,"featured_media":6920,"parent":0,"menu_order":0,"comment_status":"closed","ping_status":"closed","template":"elementor_header_footer","meta":{"_acf_changed":false,"footnotes":""},"class_list":["post-6210","page","type-page","status-publish","has-post-thumbnail","hentry"],"acf":[],"_links":{"self":[{"href":"https:\/\/www.ibizagocar.com\/it\/wp-json\/wp\/v2\/pages\/6210","targetHints":{"allow":["GET"]}}],"collection":[{"href":"https:\/\/www.ibizagocar.com\/it\/wp-json\/wp\/v2\/pages"}],"about":[{"href":"https:\/\/www.ibizagocar.com\/it\/wp-json\/wp\/v2\/types\/page"}],"author":[{"embeddable":true,"href":"https:\/\/www.ibizagocar.com\/it\/wp-json\/wp\/v2\/users\/5"}],"replies":[{"embeddable":true,"href":"https:\/\/www.ibizagocar.com\/it\/wp-json\/wp\/v2\/comments?post=6210"}],"version-history":[{"count":0,"href":"https:\/\/www.ibizagocar.com\/it\/wp-json\/wp\/v2\/pages\/6210\/revisions"}],"wp:featuredmedia":[{"embeddable":true,"href":"https:\/\/www.ibizagocar.com\/it\/wp-json\/wp\/v2\/media\/6920"}],"wp:attachment":[{"href":"https:\/\/www.ibizagocar.com\/it\/wp-json\/wp\/v2\/media?parent=6210"}],"curies":[{"name":"wp","href":"https:\/\/api.w.org\/{rel}","templated":true}]}}