{"id":6223,"date":"2023-09-22T12:53:25","date_gmt":"2023-09-22T12:53:25","guid":{"rendered":"https:\/\/ibizagocar.com\/alquiler-coches-ibiza-san-jose\/"},"modified":"2024-12-19T08:46:27","modified_gmt":"2024-12-19T07:46:27","slug":"alquiler-coches-ibiza-san-jose","status":"publish","type":"page","link":"https:\/\/www.ibizagocar.com\/it\/noleggio-auto-ibiza\/san-jose\/","title":{"rendered":"Noleggio auto Ibiza San Jose"},"content":{"rendered":"\t\t<div data-elementor-type=\"wp-page\" data-elementor-id=\"6223\" class=\"elementor elementor-6223 elementor-4711\" data-elementor-post-type=\"page\">\n\t\t\t\t\t\t<section class=\"elementor-section elementor-top-section elementor-element elementor-element-7b78dea elementor-section-boxed elementor-section-height-default elementor-section-height-default\" data-id=\"7b78dea\" data-element_type=\"section\" data-e-type=\"section\">\n\t\t\t\t\t\t<div class=\"elementor-container elementor-column-gap-default\">\n\t\t\t\t\t<div class=\"elementor-column elementor-col-100 elementor-top-column elementor-element elementor-element-0ffea0f\" data-id=\"0ffea0f\" data-element_type=\"column\" data-e-type=\"column\">\n\t\t\t<div class=\"elementor-widget-wrap elementor-element-populated\">\n\t\t\t\t\t\t<div class=\"elementor-element elementor-element-9fd16a7 elementor-widget elementor-widget-text-editor\" data-id=\"9fd16a7\" data-element_type=\"widget\" data-e-type=\"widget\" data-widget_type=\"text-editor.default\">\n\t\t\t\t<div class=\"elementor-widget-container\">\n\t\t\t\t\t\t\t\t\t<h2>San Jos\u00e9: il cuore culturale di Ibiza<\/h2><p>San Jos\u00e9 \u00e8 nota per la sua ricca cultura e i suoi splendidi paesaggi. Noleggiare un&#8217;auto qui vi permetter\u00e0 di esplorare questa affascinante citt\u00e0 e i suoi dintorni in piena libert\u00e0.<\/p><h2>Perch\u00e9 scegliere Ibiza Go Cars a San Jos\u00e9<\/h2><p>Noleggiare un&#8217;auto a San Jos\u00e9 con noi ha molteplici vantaggi:<\/p><ul><li>Variet\u00e0 di modelli per soddisfare le vostre esigenze<\/li><li>Processo di prenotazione facile e veloce<\/li><li>Eccellente servizio clienti<\/li><\/ul><h2><br \/>Consigli per ottenere il massimo dal vostro noleggio auto a San Jos\u00e9<\/h2><p>Per rendere la vostra esperienza indimenticabile, ecco alcuni consigli:<\/p><ul><li>Prenotate in anticipo per assicurarvi le tariffe migliori.<\/li><li>Controllate le politiche sul carburante e sulla restituzione<\/li><li>Se avete meno di 25 anni, controllate le politiche di et\u00e0 e gli eventuali costi aggiuntivi.<\/li><\/ul><h2>Domande frequenti<\/h2><h3>Di cosa ho bisogno per noleggiare un&#8217;auto a San Jose?<\/h3><p>Sono indispensabili una patente di guida valida e una carta di credito per il deposito cauzionale.<\/p><h3>Ci sono costi aggiuntivi per i giovani conducenti?<\/h3><p>I conducenti di et\u00e0 inferiore ai 25 anni possono essere soggetti a costi aggiuntivi.<\/p><h3>Posso noleggiare un&#8217;auto a San Jose senza carta di credito?<\/h3><p>Una carta di credito \u00e8 generalmente richiesta per il deposito cauzionale.<\/p><h2>Prenotate il vostro autonoleggio a San Jose e scoprite la cultura e la bellezza di Ibiza!<\/h2><p>Se state cercando un modo comodo e conveniente per scoprire San Jose e i suoi dintorni, le nostre auto a noleggio sono la scelta ideale. Prenotate subito!<\/p>\t\t\t\t\t\t\t\t<\/div>\n\t\t\t\t<\/div>\n\t\t\t\t\t<\/div>\n\t\t<\/div>\n\t\t\t\t\t<\/div>\n\t\t<\/section>\n\t\t\t\t<section class=\"elementor-section elementor-top-section elementor-element elementor-element-0f416be elementor-section-boxed elementor-section-height-default elementor-section-height-default\" data-id=\"0f416be\" data-element_type=\"section\" data-e-type=\"section\">\n\t\t\t\t\t\t<div class=\"elementor-container elementor-column-gap-default\">\n\t\t\t\t\t<div class=\"elementor-column elementor-col-100 elementor-top-column elementor-element elementor-element-2c43ec4\" data-id=\"2c43ec4\" data-element_type=\"column\" data-e-type=\"column\">\n\t\t\t<div class=\"elementor-widget-wrap elementor-element-populated\">\n\t\t\t\t\t\t<div class=\"elementor-element elementor-element-93f6a18 elementor-widget elementor-widget-heading\" data-id=\"93f6a18\" data-element_type=\"widget\" data-e-type=\"widget\" data-widget_type=\"heading.default\">\n\t\t\t\t<div class=\"elementor-widget-container\">\n\t\t\t\t\t<h2 class=\"elementor-heading-title elementor-size-default\">Potrebbero interessarti anche...<\/h2>\t\t\t\t<\/div>\n\t\t\t\t<\/div>\n\t\t\t\t\t<\/div>\n\t\t<\/div>\n\t\t\t\t\t<\/div>\n\t\t<\/section>\n\t\t\t\t<section class=\"elementor-section elementor-top-section elementor-element elementor-element-777b0a9 elementor-section-boxed elementor-section-height-default elementor-section-height-default\" data-id=\"777b0a9\" data-element_type=\"section\" data-e-type=\"section\">\n\t\t\t\t\t\t<div class=\"elementor-container elementor-column-gap-default\">\n\t\t\t\t\t<div class=\"elementor-column elementor-col-100 elementor-top-column elementor-element elementor-element-3c47fdb\" data-id=\"3c47fdb\" data-element_type=\"column\" data-e-type=\"column\">\n\t\t\t<div class=\"elementor-widget-wrap elementor-element-populated\">\n\t\t\t\t\t\t\t<\/div>\n\t\t<\/div>\n\t\t\t\t\t<\/div>\n\t\t<\/section>\n\t\t\t\t<section class=\"elementor-section elementor-top-section elementor-element elementor-element-7e5aefc elementor-section-boxed elementor-section-height-default elementor-section-height-default\" data-id=\"7e5aefc\" data-element_type=\"section\" data-e-type=\"section\">\n\t\t\t\t\t\t<div class=\"elementor-container elementor-column-gap-default\">\n\t\t\t\t\t<div class=\"elementor-column elementor-col-100 elementor-top-column elementor-element elementor-element-7f78940\" data-id=\"7f78940\" data-element_type=\"column\" data-e-type=\"column\">\n\t\t\t<div class=\"elementor-widget-wrap elementor-element-populated\">\n\t\t\t\t\t\t\t<\/div>\n\t\t<\/div>\n\t\t\t\t\t<\/div>\n\t\t<\/section>\n\t\t\t\t<\/div>\n\t\t","protected":false},"excerpt":{"rendered":"<p>San Jos\u00e9: il cuore culturale di Ibiza San Jos\u00e9 \u00e8 nota per la sua ricca cultura e i suoi splendidi paesaggi. Noleggiare un&#8217;auto qui vi permetter\u00e0 di esplorare questa affascinante citt\u00e0 e i suoi dintorni in piena libert\u00e0. Perch\u00e9 scegliere Ibiza Go Cars a San Jos\u00e9 Noleggiare un&#8217;auto a San Jos\u00e9 con noi ha molteplici [&hellip;]<\/p>\n","protected":false},"author":5,"featured_media":6917,"parent":0,"menu_order":0,"comment_status":"closed","ping_status":"closed","template":"elementor_header_footer","meta":{"_acf_changed":false,"footnotes":""},"class_list":["post-6223","page","type-page","status-publish","has-post-thumbnail","hentry"],"acf":[],"_links":{"self":[{"href":"https:\/\/www.ibizagocar.com\/it\/wp-json\/wp\/v2\/pages\/6223","targetHints":{"allow":["GET"]}}],"collection":[{"href":"https:\/\/www.ibizagocar.com\/it\/wp-json\/wp\/v2\/pages"}],"about":[{"href":"https:\/\/www.ibizagocar.com\/it\/wp-json\/wp\/v2\/types\/page"}],"author":[{"embeddable":true,"href":"https:\/\/www.ibizagocar.com\/it\/wp-json\/wp\/v2\/users\/5"}],"replies":[{"embeddable":true,"href":"https:\/\/www.ibizagocar.com\/it\/wp-json\/wp\/v2\/comments?post=6223"}],"version-history":[{"count":0,"href":"https:\/\/www.ibizagocar.com\/it\/wp-json\/wp\/v2\/pages\/6223\/revisions"}],"wp:featuredmedia":[{"embeddable":true,"href":"https:\/\/www.ibizagocar.com\/it\/wp-json\/wp\/v2\/media\/6917"}],"wp:attachment":[{"href":"https:\/\/www.ibizagocar.com\/it\/wp-json\/wp\/v2\/media?parent=6223"}],"curies":[{"name":"wp","href":"https:\/\/api.w.org\/{rel}","templated":true}]}}