{"id":6249,"date":"2023-09-22T07:00:41","date_gmt":"2023-09-22T07:00:41","guid":{"rendered":"https:\/\/ibizagocar.com\/alquiler-coches-ibiza-santa-eulalia-baratos\/"},"modified":"2025-01-22T08:08:02","modified_gmt":"2025-01-22T07:08:02","slug":"alquiler-coches-ibiza-santa-eulalia-baratos","status":"publish","type":"page","link":"https:\/\/www.ibizagocar.com\/it\/noleggio-auto-ibiza\/santa-eulalia\/economiche\/","title":{"rendered":"Noleggio auto economico Ibiza Santa Eulalia"},"content":{"rendered":"\t\t<div data-elementor-type=\"wp-page\" data-elementor-id=\"6249\" class=\"elementor elementor-6249 elementor-4728\" data-elementor-post-type=\"page\">\n\t\t\t\t\t\t<section class=\"elementor-section elementor-top-section elementor-element elementor-element-a375b99 elementor-section-boxed elementor-section-height-default elementor-section-height-default\" data-id=\"a375b99\" data-element_type=\"section\" data-e-type=\"section\">\n\t\t\t\t\t\t<div class=\"elementor-container elementor-column-gap-default\">\n\t\t\t\t\t<div class=\"elementor-column elementor-col-100 elementor-top-column elementor-element elementor-element-301d346\" data-id=\"301d346\" data-element_type=\"column\" data-e-type=\"column\">\n\t\t\t<div class=\"elementor-widget-wrap elementor-element-populated\">\n\t\t\t\t\t\t<div class=\"elementor-element elementor-element-413fdcf elementor-widget elementor-widget-text-editor\" data-id=\"413fdcf\" data-element_type=\"widget\" data-e-type=\"widget\" data-widget_type=\"text-editor.default\">\n\t\t\t\t<div class=\"elementor-widget-container\">\n\t\t\t\t\t\t\t\t\t<h2>Santa Eulalia: una destinazione da sogno a Ibiza<\/h2><p>Santa Eulalia \u00e8 una destinazione popolare di Ibiza, nota per la sua atmosfera rilassata e le sue bellissime spiagge. Il noleggio di un&#8217;auto economica qui vi permetter\u00e0 di godere di tutto ci\u00f2 che questa zona ha da offrire senza spendere troppo.<\/p><h2>Perch\u00e9 scegliere Ibiza Go Cars per il noleggio di un&#8217;auto economica a Santa Eulalia<\/h2><p>Noleggiare un&#8217;auto economica a Santa Eulalia con noi ha molteplici vantaggi:<\/p><ul><li>Migliori prezzi garantiti<\/li><li>Processo di prenotazione facile e veloce<\/li><li>Eccellente servizio clienti<\/li><\/ul><h2>Consigli per ottenere il massimo dal vostro noleggio auto economiche a Santa Eulalia<\/h2><p>Per rendere la vostra esperienza indimenticabile e conveniente, ecco alcuni consigli:<\/p><ul><li>Prenotate in anticipo per assicurarvi i prezzi migliori.<\/li><li>Controllate le politiche sul carburante e sulla restituzione<\/li><li>Se avete meno di 25 anni, controllate le politiche di et\u00e0 e gli eventuali costi aggiuntivi.<\/li><\/ul><h2>Domande frequenti<\/h2><h3>Di cosa ho bisogno per noleggiare un&#8217;auto economica a Santa Eulalia?<\/h3><p>Sono indispensabili una patente di guida valida e una carta di credito per il deposito cauzionale.<\/p><h3>Ci sono costi aggiuntivi per i giovani conducenti?<\/h3><p>I conducenti di et\u00e0 inferiore ai 25 anni possono essere soggetti a costi aggiuntivi.<\/p><h3>Posso noleggiare un&#8217;auto economica a Santa Eulalia senza carta di credito?<\/h3><p>In genere \u00e8 richiesta una carta di credito per il deposito cauzionale.<\/p><h2>Prenotate il vostro autonoleggio economico a Santa Eulalia e godetevi Ibiza al massimo!<\/h2><p>Se state cercando un modo comodo ed economico per esplorare Santa Eulalia e dintorni, il nostro noleggio auto economico \u00e8 l&#8217;opzione ideale. Prenotate subito!<\/p>\t\t\t\t\t\t\t\t<\/div>\n\t\t\t\t<\/div>\n\t\t\t\t\t<\/div>\n\t\t<\/div>\n\t\t\t\t\t<\/div>\n\t\t<\/section>\n\t\t\t\t<section class=\"elementor-section elementor-top-section elementor-element elementor-element-715fb5c elementor-section-boxed elementor-section-height-default elementor-section-height-default\" data-id=\"715fb5c\" data-element_type=\"section\" data-e-type=\"section\">\n\t\t\t\t\t\t<div class=\"elementor-container elementor-column-gap-default\">\n\t\t\t\t\t<div class=\"elementor-column elementor-col-100 elementor-top-column elementor-element elementor-element-e5280ee\" data-id=\"e5280ee\" data-element_type=\"column\" data-e-type=\"column\">\n\t\t\t<div class=\"elementor-widget-wrap elementor-element-populated\">\n\t\t\t\t\t\t<div class=\"elementor-element elementor-element-2ebe68c elementor-widget elementor-widget-heading\" data-id=\"2ebe68c\" data-element_type=\"widget\" data-e-type=\"widget\" data-widget_type=\"heading.default\">\n\t\t\t\t<div class=\"elementor-widget-container\">\n\t\t\t\t\t<h2 class=\"elementor-heading-title elementor-size-default\">Potrebbero interessarti anche...<\/h2>\t\t\t\t<\/div>\n\t\t\t\t<\/div>\n\t\t\t\t\t<\/div>\n\t\t<\/div>\n\t\t\t\t\t<\/div>\n\t\t<\/section>\n\t\t\t\t<section class=\"elementor-section elementor-top-section elementor-element elementor-element-3477ce2 elementor-section-boxed elementor-section-height-default elementor-section-height-default\" data-id=\"3477ce2\" data-element_type=\"section\" data-e-type=\"section\">\n\t\t\t\t\t\t<div class=\"elementor-container elementor-column-gap-default\">\n\t\t\t\t\t<div class=\"elementor-column elementor-col-100 elementor-top-column elementor-element elementor-element-77c828d\" data-id=\"77c828d\" data-element_type=\"column\" data-e-type=\"column\">\n\t\t\t<div class=\"elementor-widget-wrap elementor-element-populated\">\n\t\t\t\t\t\t\t<\/div>\n\t\t<\/div>\n\t\t\t\t\t<\/div>\n\t\t<\/section>\n\t\t\t\t<section class=\"elementor-section elementor-top-section elementor-element elementor-element-e86266a elementor-section-boxed elementor-section-height-default elementor-section-height-default\" data-id=\"e86266a\" data-element_type=\"section\" data-e-type=\"section\">\n\t\t\t\t\t\t<div class=\"elementor-container elementor-column-gap-default\">\n\t\t\t\t\t<div class=\"elementor-column elementor-col-100 elementor-top-column elementor-element elementor-element-7647e3b\" data-id=\"7647e3b\" data-element_type=\"column\" data-e-type=\"column\">\n\t\t\t<div class=\"elementor-widget-wrap elementor-element-populated\">\n\t\t\t\t\t\t\t<\/div>\n\t\t<\/div>\n\t\t\t\t\t<\/div>\n\t\t<\/section>\n\t\t\t\t<\/div>\n\t\t","protected":false},"excerpt":{"rendered":"<p>Santa Eulalia: una destinazione da sogno a Ibiza Santa Eulalia \u00e8 una destinazione popolare di Ibiza, nota per la sua atmosfera rilassata e le sue bellissime spiagge. Il noleggio di un&#8217;auto economica qui vi permetter\u00e0 di godere di tutto ci\u00f2 che questa zona ha da offrire senza spendere troppo. Perch\u00e9 scegliere Ibiza Go Cars per [&hellip;]<\/p>\n","protected":false},"author":5,"featured_media":0,"parent":0,"menu_order":0,"comment_status":"closed","ping_status":"closed","template":"","meta":{"_acf_changed":false,"footnotes":""},"class_list":["post-6249","page","type-page","status-publish","hentry"],"acf":[],"_links":{"self":[{"href":"https:\/\/www.ibizagocar.com\/it\/wp-json\/wp\/v2\/pages\/6249","targetHints":{"allow":["GET"]}}],"collection":[{"href":"https:\/\/www.ibizagocar.com\/it\/wp-json\/wp\/v2\/pages"}],"about":[{"href":"https:\/\/www.ibizagocar.com\/it\/wp-json\/wp\/v2\/types\/page"}],"author":[{"embeddable":true,"href":"https:\/\/www.ibizagocar.com\/it\/wp-json\/wp\/v2\/users\/5"}],"replies":[{"embeddable":true,"href":"https:\/\/www.ibizagocar.com\/it\/wp-json\/wp\/v2\/comments?post=6249"}],"version-history":[{"count":0,"href":"https:\/\/www.ibizagocar.com\/it\/wp-json\/wp\/v2\/pages\/6249\/revisions"}],"wp:attachment":[{"href":"https:\/\/www.ibizagocar.com\/it\/wp-json\/wp\/v2\/media?parent=6249"}],"curies":[{"name":"wp","href":"https:\/\/api.w.org\/{rel}","templated":true}]}}