{"id":6288,"date":"2023-09-22T07:00:41","date_gmt":"2023-09-22T07:00:41","guid":{"rendered":"https:\/\/ibizagocar.com\/alquiler-coches-ibiza-sin-franquicia\/"},"modified":"2024-09-26T14:04:30","modified_gmt":"2024-09-26T12:04:30","slug":"alquiler-coches-ibiza-sin-franquicia","status":"publish","type":"page","link":"https:\/\/www.ibizagocar.com\/it\/noleggio-auto-ibiza\/no-franchise\/","title":{"rendered":"Noleggio auto a Ibiza senza franchigia"},"content":{"rendered":"\t\t<div data-elementor-type=\"wp-page\" data-elementor-id=\"6288\" class=\"elementor elementor-6288 elementor-4731\" data-elementor-post-type=\"page\">\n\t\t\t\t\t\t<section class=\"elementor-section elementor-top-section elementor-element elementor-element-e9f5eab elementor-section-boxed elementor-section-height-default elementor-section-height-default\" data-id=\"e9f5eab\" data-element_type=\"section\" data-e-type=\"section\">\n\t\t\t\t\t\t<div class=\"elementor-container elementor-column-gap-default\">\n\t\t\t\t\t<div class=\"elementor-column elementor-col-100 elementor-top-column elementor-element elementor-element-3b11be9\" data-id=\"3b11be9\" data-element_type=\"column\" data-e-type=\"column\">\n\t\t\t<div class=\"elementor-widget-wrap elementor-element-populated\">\n\t\t\t\t\t\t<div class=\"elementor-element elementor-element-323681c elementor-widget elementor-widget-text-editor\" data-id=\"323681c\" data-element_type=\"widget\" data-e-type=\"widget\" data-widget_type=\"text-editor.default\">\n\t\t\t\t<div class=\"elementor-widget-container\">\n\t\t\t\t\t\t\t\t\t<h2>Godetevi Ibiza senza preoccupazioni<\/h2><p>Sappiamo che una delle preoccupazioni principali quando si noleggia un&#8217;auto \u00e8 la franchigia in caso di danni. Ecco perch\u00e9 offriamo opzioni di noleggio senza franchigia, in modo che possiate godervi il vostro viaggio in tutta tranquillit\u00e0.<\/p><h2>Perch\u00e9 scegliere Ibiza Go Cars per un noleggio auto senza franchigia<\/h2><p>Noleggiare un&#8217;auto senza franchigia a Ibiza con noi ha molteplici vantaggi:<\/p><ul><li>Nessuna franchigia richiesta in caso di danni<\/li><li>Processo di prenotazione facile e veloce<\/li><li>Eccellente servizio clienti<\/li><\/ul><h2>Consigli per ottenere il massimo dal vostro noleggio auto senza franchigia<\/h2><p>Per rendere la vostra esperienza indimenticabile e priva di preoccupazioni, ecco alcuni consigli:<\/p><ul><li>Prenotate in anticipo per assicurarvi la disponibilit\u00e0 di auto senza franchigia.<\/li><li>Controllare le politiche di carburante e di restituzione<\/li><li>Verificare le condizioni di assicurazione incluse<\/li><\/ul><h2>Domande frequenti<\/h2><h3>Di cosa ho bisogno per noleggiare un&#8217;auto senza franchigia a Ibiza?<\/h3><p>Sono indispensabili una patente di guida valida e una carta di credito o di debito per il pagamento del noleggio.<\/p><h3>Ci sono costi aggiuntivi per il noleggio senza franchigia?<\/h3><p>Il noleggio senza franchigia pu\u00f2 avere un costo aggiuntivo, controllate le nostre tariffe.<\/p><h3>Posso noleggiare un&#8217;auto senza franchigia con una carta di debito?<\/h3><p>In molti casi, accettiamo carte di debito per il pagamento del noleggio.<\/p><h2>Prenotate la vostra auto senza franchigia a Ibiza e viaggiate in totale tranquillit\u00e0!<\/h2><p>Se state cercando un modo comodo e spensierato per esplorare Ibiza, il nostro noleggio auto senza franchigia \u00e8 l&#8217;opzione ideale. Prenotate subito!<\/p>\t\t\t\t\t\t\t\t<\/div>\n\t\t\t\t<\/div>\n\t\t\t\t\t<\/div>\n\t\t<\/div>\n\t\t\t\t\t<\/div>\n\t\t<\/section>\n\t\t\t\t<section class=\"elementor-section elementor-top-section elementor-element elementor-element-95f8996 elementor-section-boxed elementor-section-height-default elementor-section-height-default\" data-id=\"95f8996\" data-element_type=\"section\" data-e-type=\"section\">\n\t\t\t\t\t\t<div class=\"elementor-container elementor-column-gap-default\">\n\t\t\t\t\t<div class=\"elementor-column elementor-col-100 elementor-top-column elementor-element elementor-element-fc1f529\" data-id=\"fc1f529\" data-element_type=\"column\" data-e-type=\"column\">\n\t\t\t<div class=\"elementor-widget-wrap elementor-element-populated\">\n\t\t\t\t\t\t<div class=\"elementor-element elementor-element-8f88d31 elementor-widget elementor-widget-heading\" data-id=\"8f88d31\" data-element_type=\"widget\" data-e-type=\"widget\" data-widget_type=\"heading.default\">\n\t\t\t\t<div class=\"elementor-widget-container\">\n\t\t\t\t\t<h2 class=\"elementor-heading-title elementor-size-default\">Potrebbero interessarti anche...<\/h2>\t\t\t\t<\/div>\n\t\t\t\t<\/div>\n\t\t\t\t\t<\/div>\n\t\t<\/div>\n\t\t\t\t\t<\/div>\n\t\t<\/section>\n\t\t\t\t<section class=\"elementor-section elementor-top-section elementor-element elementor-element-1893772 elementor-section-boxed elementor-section-height-default elementor-section-height-default\" data-id=\"1893772\" data-element_type=\"section\" data-e-type=\"section\">\n\t\t\t\t\t\t<div class=\"elementor-container elementor-column-gap-default\">\n\t\t\t\t\t<div class=\"elementor-column elementor-col-100 elementor-top-column elementor-element elementor-element-6ab9bff\" data-id=\"6ab9bff\" data-element_type=\"column\" data-e-type=\"column\">\n\t\t\t<div class=\"elementor-widget-wrap elementor-element-populated\">\n\t\t\t\t\t\t\t<\/div>\n\t\t<\/div>\n\t\t\t\t\t<\/div>\n\t\t<\/section>\n\t\t\t\t<section class=\"elementor-section elementor-top-section elementor-element elementor-element-6c5b470 elementor-section-boxed elementor-section-height-default elementor-section-height-default\" data-id=\"6c5b470\" data-element_type=\"section\" data-e-type=\"section\">\n\t\t\t\t\t\t<div class=\"elementor-container elementor-column-gap-default\">\n\t\t\t\t\t<div class=\"elementor-column elementor-col-100 elementor-top-column elementor-element elementor-element-03fa60e\" data-id=\"03fa60e\" data-element_type=\"column\" data-e-type=\"column\">\n\t\t\t<div class=\"elementor-widget-wrap elementor-element-populated\">\n\t\t\t\t\t\t\t<\/div>\n\t\t<\/div>\n\t\t\t\t\t<\/div>\n\t\t<\/section>\n\t\t\t\t<\/div>\n\t\t","protected":false},"excerpt":{"rendered":"<p>Godetevi Ibiza senza preoccupazioni Sappiamo che una delle preoccupazioni principali quando si noleggia un&#8217;auto \u00e8 la franchigia in caso di danni. Ecco perch\u00e9 offriamo opzioni di noleggio senza franchigia, in modo che possiate godervi il vostro viaggio in tutta tranquillit\u00e0. Perch\u00e9 scegliere Ibiza Go Cars per un noleggio auto senza franchigia Noleggiare un&#8217;auto senza franchigia [&hellip;]<\/p>\n","protected":false},"author":5,"featured_media":5583,"parent":0,"menu_order":0,"comment_status":"closed","ping_status":"closed","template":"elementor_header_footer","meta":{"_acf_changed":false,"footnotes":""},"class_list":["post-6288","page","type-page","status-publish","has-post-thumbnail","hentry"],"acf":[],"_links":{"self":[{"href":"https:\/\/www.ibizagocar.com\/it\/wp-json\/wp\/v2\/pages\/6288","targetHints":{"allow":["GET"]}}],"collection":[{"href":"https:\/\/www.ibizagocar.com\/it\/wp-json\/wp\/v2\/pages"}],"about":[{"href":"https:\/\/www.ibizagocar.com\/it\/wp-json\/wp\/v2\/types\/page"}],"author":[{"embeddable":true,"href":"https:\/\/www.ibizagocar.com\/it\/wp-json\/wp\/v2\/users\/5"}],"replies":[{"embeddable":true,"href":"https:\/\/www.ibizagocar.com\/it\/wp-json\/wp\/v2\/comments?post=6288"}],"version-history":[{"count":0,"href":"https:\/\/www.ibizagocar.com\/it\/wp-json\/wp\/v2\/pages\/6288\/revisions"}],"wp:featuredmedia":[{"embeddable":true,"href":"https:\/\/www.ibizagocar.com\/it\/wp-json\/wp\/v2\/media\/5583"}],"wp:attachment":[{"href":"https:\/\/www.ibizagocar.com\/it\/wp-json\/wp\/v2\/media?parent=6288"}],"curies":[{"name":"wp","href":"https:\/\/api.w.org\/{rel}","templated":true}]}}