{"id":6366,"date":"2023-09-22T10:18:12","date_gmt":"2023-09-22T10:18:12","guid":{"rendered":"https:\/\/ibizagocar.com\/alquiler-de-coches-en-ibiza-aeropuerto-furgonetas\/"},"modified":"2024-10-03T09:43:30","modified_gmt":"2024-10-03T07:43:30","slug":"alquiler-de-coches-en-ibiza-aeropuerto-furgonetas","status":"publish","type":"page","link":"https:\/\/www.ibizagocar.com\/it\/noleggio-auto-ibiza\/aeroporto\/furgoni\/","title":{"rendered":"Noleggio auto all&#8217;aeroporto di Ibiza: furgoni"},"content":{"rendered":"\t\t<div data-elementor-type=\"wp-page\" data-elementor-id=\"6366\" class=\"elementor elementor-6366 elementor-4681\" data-elementor-post-type=\"page\">\n\t\t\t\t\t\t<section class=\"elementor-section elementor-top-section elementor-element elementor-element-f36895e elementor-section-boxed elementor-section-height-default elementor-section-height-default\" data-id=\"f36895e\" data-element_type=\"section\" data-e-type=\"section\">\n\t\t\t\t\t\t<div class=\"elementor-container elementor-column-gap-default\">\n\t\t\t\t\t<div class=\"elementor-column elementor-col-100 elementor-top-column elementor-element elementor-element-5b19794\" data-id=\"5b19794\" data-element_type=\"column\" data-e-type=\"column\">\n\t\t\t<div class=\"elementor-widget-wrap elementor-element-populated\">\n\t\t\t\t\t\t<div class=\"elementor-element elementor-element-7dfffd2 elementor-widget elementor-widget-text-editor\" data-id=\"7dfffd2\" data-element_type=\"widget\" data-e-type=\"widget\" data-widget_type=\"text-editor.default\">\n\t\t\t\t<div class=\"elementor-widget-container\">\n\t\t\t\t\t\t\t\t\t<h2>Perch\u00e9 noleggiare un furgone all&#8217;aeroporto di Ibiza?<\/h2><p>Se il vostro gruppo \u00e8 numeroso o avete molti bagagli, un furgone \u00e8 la soluzione perfetta per muoversi a Ibiza in totale comodit\u00e0.<\/p><p>Con i nostri furgoni a noleggio disponibili all&#8217;aeroporto, potrete iniziare la vostra avventura a Ibiza senza ritardi.<\/p><h2>I vantaggi del noleggio con Ibiza Go Cars<\/h2><p>Il noleggio di un furgone all&#8217;aeroporto di Ibiza con Ibiza Go Cars offre molteplici vantaggi:<\/p><ul><li>Processo di ritiro e consegna rapido ed efficiente<\/li><li>Variet\u00e0 di modelli di furgoni per soddisfare le vostre esigenze<\/li><li>Prezzi competitivi e trasparenza totale<\/li><\/ul><h2>Consigli per un noleggio di successo<\/h2><p>Per garantire un&#8217;esperienza di noleggio di successo, ecco alcuni consigli utili:<\/p><ul><li>Verificare le dimensioni del furgone per assicurarsi che sia adatto alle proprie esigenze.<\/li><li>Controllare le politiche sul carburante e sul chilometraggio<\/li><li>Se avete meno di 25 anni, controllate le politiche sull&#8217;et\u00e0 e gli eventuali costi aggiuntivi.<\/li><\/ul><h2>Domande frequenti<\/h2><h3>Di cosa avete bisogno per noleggiare un furgone all&#8217;aeroporto di Ibiza?<\/h3><p>Sono indispensabili una patente di guida valida e una carta di credito per il deposito cauzionale.<\/p><h3>Ci sono costi aggiuntivi per i giovani conducenti?<\/h3><p>I conducenti di et\u00e0 inferiore ai 25 anni possono essere soggetti a costi aggiuntivi.<\/p><h3>Posso noleggiare un furgone senza carta di credito?<\/h3><p>In genere \u00e8 richiesta una carta di credito per il deposito cauzionale.<\/p><h2>Prenotate il vostro furgone a noleggio per l&#8217;aeroporto di Ibiza e vivete l&#8217;avventura al massimo!<\/h2><p>Se cercate spazio, comfort ed efficienza, i nostri furgoni a noleggio per l&#8217;aeroporto di Ibiza sono la scelta perfetta, prenotate subito!<\/p>\t\t\t\t\t\t\t\t<\/div>\n\t\t\t\t<\/div>\n\t\t\t\t\t<\/div>\n\t\t<\/div>\n\t\t\t\t\t<\/div>\n\t\t<\/section>\n\t\t\t\t<section class=\"elementor-section elementor-top-section elementor-element elementor-element-5787866 elementor-section-boxed elementor-section-height-default elementor-section-height-default\" data-id=\"5787866\" data-element_type=\"section\" data-e-type=\"section\">\n\t\t\t\t\t\t<div class=\"elementor-container elementor-column-gap-default\">\n\t\t\t\t\t<div class=\"elementor-column elementor-col-100 elementor-top-column elementor-element elementor-element-da708f6\" data-id=\"da708f6\" data-element_type=\"column\" data-e-type=\"column\">\n\t\t\t<div class=\"elementor-widget-wrap elementor-element-populated\">\n\t\t\t\t\t\t<div class=\"elementor-element elementor-element-5607bee elementor-widget elementor-widget-heading\" data-id=\"5607bee\" data-element_type=\"widget\" data-e-type=\"widget\" data-widget_type=\"heading.default\">\n\t\t\t\t<div class=\"elementor-widget-container\">\n\t\t\t\t\t<h2 class=\"elementor-heading-title elementor-size-default\">Potrebbero interessarti anche...<\/h2>\t\t\t\t<\/div>\n\t\t\t\t<\/div>\n\t\t\t\t\t<\/div>\n\t\t<\/div>\n\t\t\t\t\t<\/div>\n\t\t<\/section>\n\t\t\t\t<section class=\"elementor-section elementor-top-section elementor-element elementor-element-34eb46d elementor-section-boxed elementor-section-height-default elementor-section-height-default\" data-id=\"34eb46d\" data-element_type=\"section\" data-e-type=\"section\">\n\t\t\t\t\t\t<div class=\"elementor-container elementor-column-gap-default\">\n\t\t\t\t\t<div class=\"elementor-column elementor-col-100 elementor-top-column elementor-element elementor-element-baae9db\" data-id=\"baae9db\" data-element_type=\"column\" data-e-type=\"column\">\n\t\t\t<div class=\"elementor-widget-wrap elementor-element-populated\">\n\t\t\t\t\t\t\t<\/div>\n\t\t<\/div>\n\t\t\t\t\t<\/div>\n\t\t<\/section>\n\t\t\t\t<section class=\"elementor-section elementor-top-section elementor-element elementor-element-aa9a14c elementor-section-boxed elementor-section-height-default elementor-section-height-default\" data-id=\"aa9a14c\" data-element_type=\"section\" data-e-type=\"section\">\n\t\t\t\t\t\t<div class=\"elementor-container elementor-column-gap-default\">\n\t\t\t\t\t<div class=\"elementor-column elementor-col-100 elementor-top-column elementor-element elementor-element-68f5bbe\" data-id=\"68f5bbe\" data-element_type=\"column\" data-e-type=\"column\">\n\t\t\t<div class=\"elementor-widget-wrap elementor-element-populated\">\n\t\t\t\t\t\t\t<\/div>\n\t\t<\/div>\n\t\t\t\t\t<\/div>\n\t\t<\/section>\n\t\t\t\t<\/div>\n\t\t","protected":false},"excerpt":{"rendered":"<p>Perch\u00e9 noleggiare un furgone all&#8217;aeroporto di Ibiza? Se il vostro gruppo \u00e8 numeroso o avete molti bagagli, un furgone \u00e8 la soluzione perfetta per muoversi a Ibiza in totale comodit\u00e0. Con i nostri furgoni a noleggio disponibili all&#8217;aeroporto, potrete iniziare la vostra avventura a Ibiza senza ritardi. I vantaggi del noleggio con Ibiza Go Cars [&hellip;]<\/p>\n","protected":false},"author":5,"featured_media":5415,"parent":0,"menu_order":0,"comment_status":"closed","ping_status":"closed","template":"elementor_header_footer","meta":{"_acf_changed":false,"footnotes":""},"class_list":["post-6366","page","type-page","status-publish","has-post-thumbnail","hentry"],"acf":[],"_links":{"self":[{"href":"https:\/\/www.ibizagocar.com\/it\/wp-json\/wp\/v2\/pages\/6366","targetHints":{"allow":["GET"]}}],"collection":[{"href":"https:\/\/www.ibizagocar.com\/it\/wp-json\/wp\/v2\/pages"}],"about":[{"href":"https:\/\/www.ibizagocar.com\/it\/wp-json\/wp\/v2\/types\/page"}],"author":[{"embeddable":true,"href":"https:\/\/www.ibizagocar.com\/it\/wp-json\/wp\/v2\/users\/5"}],"replies":[{"embeddable":true,"href":"https:\/\/www.ibizagocar.com\/it\/wp-json\/wp\/v2\/comments?post=6366"}],"version-history":[{"count":0,"href":"https:\/\/www.ibizagocar.com\/it\/wp-json\/wp\/v2\/pages\/6366\/revisions"}],"wp:featuredmedia":[{"embeddable":true,"href":"https:\/\/www.ibizagocar.com\/it\/wp-json\/wp\/v2\/media\/5415"}],"wp:attachment":[{"href":"https:\/\/www.ibizagocar.com\/it\/wp-json\/wp\/v2\/media?parent=6366"}],"curies":[{"name":"wp","href":"https:\/\/api.w.org\/{rel}","templated":true}]}}