{"id":6672,"date":"2024-03-15T08:59:17","date_gmt":"2024-03-15T08:59:17","guid":{"rendered":"https:\/\/ibizagocar.com\/?page_id=6672"},"modified":"2024-03-15T09:09:18","modified_gmt":"2024-03-15T09:09:18","slug":"informativa-sulla-privacy","status":"publish","type":"page","link":"https:\/\/www.ibizagocar.com\/it\/informativa-sulla-privacy\/","title":{"rendered":"Informativa sulla privacy"},"content":{"rendered":"\t\t<div data-elementor-type=\"wp-page\" data-elementor-id=\"6672\" class=\"elementor elementor-6672 elementor-6659\" data-elementor-post-type=\"page\">\n\t\t\t\t\t\t<section class=\"elementor-section elementor-top-section elementor-element elementor-element-9b72ef3 elementor-section-boxed elementor-section-height-default elementor-section-height-default\" data-id=\"9b72ef3\" data-element_type=\"section\" data-e-type=\"section\">\n\t\t\t\t\t\t<div class=\"elementor-container elementor-column-gap-default\">\n\t\t\t\t\t<div class=\"elementor-column elementor-col-100 elementor-top-column elementor-element elementor-element-a50d1a5\" data-id=\"a50d1a5\" data-element_type=\"column\" data-e-type=\"column\">\n\t\t\t<div class=\"elementor-widget-wrap elementor-element-populated\">\n\t\t\t\t\t\t<div class=\"elementor-element elementor-element-1358b6d elementor-widget elementor-widget-text-editor\" data-id=\"1358b6d\" data-element_type=\"widget\" data-e-type=\"widget\" data-widget_type=\"text-editor.default\">\n\t\t\t\t<div class=\"elementor-widget-container\">\n\t\t\t\t\t\t\t\t\t<h4>1. INFORMAZIONI ALL&#8217;UTENTE<\/h4><p><strong>Chi \u00e8 responsabile del trattamento dei tuoi dati personali?<\/strong><\/p><p>Le aziende di CLASS BUSINESS GROUP sono CORESPONSABILI del trattamento dei dati personali dell&#8217;UTENTE e lo informano che tali dati saranno trattati conformemente a quanto previsto dal Regolamento (UE) 2016\/679, del 27 aprile (GDPR), e dalla Legge Organica 3\/2018, del 5 dicembre (LOPDGDD).<\/p><p>Fanno parte di CLASS BUSINESS GROUP le seguenti aziende: CLASS RENT A CAR SL, NIF: B16588261; CLASS CAR SERVICES IBIZA SL, NIF: B09912635; IBIZA COUNTRY VILLAS SLU, NIF: B57182412; ENIBIZA INVIERTOO HOLDING GROUP SL, NIF: B16584229; AVANTCAR IBIZA SL, NIF: B57444432; CR NUEVA IBIZA PROPERTIES SL, NIF: B16532178. Tutte con sede legale: Avenida Cala Llonga, s\/n, Edif. Ibiza, Local 1, &#8211; 07849 Cala Llonga, Santa Eulalia del R\u00edo (Illes Balears). E-mail: <a href=\"mailto:lopd@classbusinessgroup.com\">lopd@classbusinessgroup.com<\/a><\/p><p><strong>Per quali finalit\u00e0 trattiamo i tuoi dati personali e perch\u00e9 lo facciamo?<\/strong><\/p><p>Secondo il modulo in cui abbiamo ottenuto i tuoi dati personali, li tratteremo in modo confidenziale per raggiungere le seguenti finalit\u00e0:<\/p><p>Nel modulo <strong>Contatto<\/strong><\/p><ul><li>Rispondere alle domande o a qualsiasi tipo di richiesta effettuata dall&#8217;utente tramite qualsiasi dei mezzi di contatto messi a disposizione sul sito web del coresponsabile. (<em>per legittimo interesse del coresponsabile, art. 6.1.f GDPR<\/em>)<\/li><li>Condurre analisi statistiche e studi di mercato. (<em>per legittimo interesse del coresponsabile, art. 6.1.f GDPR<\/em>)<\/li><\/ul><p>Nel modulo <strong>Prenotazioni<\/strong><\/p><ul><li>Formalizzare prenotazioni presso la struttura del coresponsabile. (<em>per l&#8217;esecuzione di un contratto o precontratto, 6.1.b GDPR<\/em>)<\/li><li>Inviare comunicazioni commerciali pubblicitarie via e-mail, fax, SMS, MMS, social media o qualsiasi altro mezzo elettronico o fisico, presente o futuro, a clienti, che consentano di effettuare comunicazioni commerciali relative a prodotti o servizi simili a quelli inizialmente oggetto di contrattazione con il cliente (art. 21.2 LSSI). (<em>per legittimo interesse del coresponsabile, art. 6.1.f GDPR<\/em>)<\/li><\/ul><p>Nel modulo <strong>E-commerce<\/strong><\/p><ul><li>Gestire il tuo acquisto o ordine online, elaborare il pagamento e procedere alla spedizione o attivazione dello stesso, in base alle condizioni generali di contratto. (<em>per l&#8217;esecuzione di un contratto o precontratto, 6.1.b GDPR<\/em>)<\/li><li>Gestire, mantenere, migliorare o sviluppare i servizi forniti. (<em>per l&#8217;esecuzione di un contratto o precontratto, 6.1.b GDPR<\/em>)<\/li><li>Condurre sondaggi di soddisfazione e qualit\u00e0. (<em>per legittimo interesse del coresponsabile, art. 6.1.f GDPR<\/em>)<\/li><\/ul><p><strong>Per quanto tempo conserveremo i tuoi dati personali?<\/strong><\/p><p>Verranno conservati per non pi\u00f9 tempo del necessario per mantenere la finalit\u00e0 del trattamento o se ci sono disposizioni di legge che ne impongano la custodia e, una volta che non sar\u00e0 pi\u00f9 necessario, saranno eliminati con adeguate misure di sicurezza per garantire l&#8217;anonimizzazione dei dati o la loro distruzione totale.<\/p><p><strong>A chi forniamo i tuoi dati personali?<\/strong><\/p><p>Non \u00e8 prevista alcuna comunicazione di dati personali a terzi, salvo nel caso in cui sia necessario per lo sviluppo e l&#8217;esecuzione delle finalit\u00e0 del trattamento, ai nostri fornitori di servizi relativi alle comunicazioni, con i quali il CORESPONSABILE ha stipulato i contratti di riservatezza e responsabile del trattamento richiesti dalla normativa sulla privacy vigente.<\/p><p><strong>Quali sono i tuoi diritti?<\/strong><\/p><ul><li>Diritto di revocare il consenso in qualsiasi momento.<\/li><li>Diritto di accesso, rettifica, portabilit\u00e0 e cancellazione dei propri dati, nonch\u00e9 di limitazione o opposizione al loro trattamento.<\/li><li>Diritto di presentare reclamo all&#8217;autorit\u00e0 di controllo (<a href=\"https:\/\/www.aepd.es\" target=\"_blank\" rel=\"noopener\">www.aepd.es<\/a>) qualora si ritenga che il trattamento non sia conforme alla normativa vigente.<\/li><\/ul><p><strong>Dati di contatto per esercitare i propri diritti<\/strong>:<\/p><p>CLASS BUSINESS GROUP, con sede legale: Avenida Cala Llonga, 131. Edificio Ibiza, Local 1, &#8211; 07849 Cala Llonga, Santa Eulalia del R\u00edo (Illes Balears). E-mail: <a href=\"mailto:lopd@classbusinessgroup.com\">lopd@classbusinessgroup.com<\/a>.<\/p><h4>2. CARATTERE OBBLIGATORIO O FACOLTATIVO DELLE INFORMAZIONI FORNITE DALL&#8217;UTENTE<\/h4><p>Gli UTENTI, mediante il check delle caselle corrispondenti e l&#8217;inserimento dei dati nei campi contrassegnati da un asterisco (*) nel modulo di contatto o presentati nei moduli di download, accettano espressamente e liberamente che i loro dati siano necessari per rispondere alla loro richiesta da parte del fornitore, mentre l&#8217;inserimento dei dati nei campi rimanenti \u00e8 facoltativo. L&#8217;UTENTE garantisce che i dati personali forniti al CORESPONSABILE siano veritieri e si impegna a comunicare qualsiasi modifica degli stessi.<\/p><p>Il CORESPONSABILE informa che tutti i dati richiesti tramite il sito web sono obbligatori, in quanto necessari per fornire un servizio ottimale all&#8217;UTENTE. Qualora non vengano forniti tutti i dati, non si garantisce che le informazioni e i servizi forniti siano completamente adattati alle loro esigenze.<\/p><h4>3. MISURE DI SICUREZZA<\/h4><p>In conformit\u00e0 alle disposizioni delle normative vigenti in materia di protezione dei dati personali, il CORESPONSABILE sta adempiendo a tutte le disposizioni delle normative GDPR e LOPDGDD per il trattamento dei dati personali di sua competenza, e manifestamente ai principi descritti nell&#8217;articolo 5 del GDPR, secondo i quali sono trattati in modo lecito, corretto e trasparente rispetto all&#8217;interessato e adeguati, pertinenti e limitati a quanto necessario rispetto alle finalit\u00e0 per cui sono trattati.<\/p><p>Il CORESPONSABILE garantisce di aver implementato politiche tecniche e organizzative adeguate per applicare le misure di sicurezza stabilite dal GDPR e dalla LOPDGDD al fine di proteggere i diritti e le libert\u00e0 degli UTENTI e ha fornito loro le informazioni appropriate per poterli esercitare.<\/p><p>Per ulteriori informazioni sulle garanzie sulla privacy, \u00e8 possibile contattare CLASS BUSINESS GROUP, con sede legale: Avenida Cala Llonga, 131. Edificio Ibiza, Local 1, &#8211; 07849 Cala Llonga, Santa Eulalia del R\u00edo (Illes Balears). E-mail: <a href=\"mailto:lopd@classbusinessgroup.com\">lopd@classbusinessgroup.com<\/a><\/p>\t\t\t\t\t\t\t\t<\/div>\n\t\t\t\t<\/div>\n\t\t\t\t<div class=\"elementor-element elementor-element-db004e9 elementor-widget elementor-widget-heading\" data-id=\"db004e9\" data-element_type=\"widget\" data-e-type=\"widget\" data-widget_type=\"heading.default\">\n\t\t\t\t<div class=\"elementor-widget-container\">\n\t\t\t\t\t<h2 class=\"elementor-heading-title elementor-size-default\">RRSS: Politica sulla privacy<\/h2>\t\t\t\t<\/div>\n\t\t\t\t<\/div>\n\t\t\t\t<div class=\"elementor-element elementor-element-c9f3eaf elementor-widget elementor-widget-text-editor\" data-id=\"c9f3eaf\" data-element_type=\"widget\" data-e-type=\"widget\" data-widget_type=\"text-editor.default\">\n\t\t\t\t<div class=\"elementor-widget-container\">\n\t\t\t\t\t\t\t\t\t<h4>INFORMATIVA SULLA PRIVACY DEI SOCIAL MEDIA<\/h4><p><strong>1. INFORMAZIONI PER L&#8217;UTENTE<\/strong><\/p><p><strong>Chi \u00e8 il responsabile del trattamento dei tuoi dati personali?<\/strong><\/p><p>AVANTCAR IBIZA, SL, di seguito denominato <strong>RESPONSABILE<\/strong>, informa l&#8217;<strong>UTENTE<\/strong> che ha creato un profilo sui Social Media Facebook, Instagram, Twitter, LinkedIn, Youtube, Vimeo e Google+, ed \u00e8 responsabile del trattamento dei dati personali dell&#8217;utente effettuato su tali social network, garantendo il trattamento dei dati conformemente a quanto previsto dal Regolamento (UE) 2016\/679, del 27 aprile (GDPR), e dalla Legge Organica 3\/2018, del 5 dicembre (LOPDGDD). Di seguito vengono fornite informazioni dettagliate sul trattamento:<\/p><p><strong>Per quali scopi trattiamo i tuoi dati personali?<\/strong><\/p><p><strong>Finalit\u00e0 del trattamento<\/strong>: mantenere una relazione tra l&#8217;UTENTE e il RESPONSABILE, che pu\u00f2 includere le seguenti operazioni:<\/p><ul><li>Gestire le richieste e le domande rivolte al responsabile<\/li><li>Informare sulle attivit\u00e0 ed eventi organizzati dal responsabile<\/li><li>Informare sui prodotti o servizi offerti dal responsabile<\/li><li>Interagire attraverso i profili ufficiali<\/li><\/ul><p><strong>Per quale motivo possiamo trattare i tuoi dati personali?<\/strong><\/p><p><strong>Base giuridica del trattamento<\/strong>: articolo 6.1.a GDPR, l&#8217;interessato ha prestato il proprio consenso al trattamento dei propri dati personali per una o pi\u00f9 finalit\u00e0 specifiche. L&#8217;UTENTE ha un profilo sullo stesso social network e ha deciso di unirsi alla rete sociale del RESPONSABILE, mostrando cos\u00ec interesse nelle informazioni pubblicate su di essa. Pertanto, al momento di richiedere di seguire i nostri profili ufficiali, fornisce il proprio consenso al trattamento dei dati personali pubblicati sul proprio profilo.<\/p><p>L&#8217;UTENTE pu\u00f2 accedere in qualsiasi momento alle politiche sulla privacy del social network stesso e configurare il proprio profilo per garantire la propria privacy.<\/p><p>Il RESPONSABILE ha accesso e tratta le informazioni pubbliche dell&#8217;UTENTE, in particolare il suo nome di contatto. Questi dati vengono utilizzati esclusivamente all&#8217;interno del social network e saranno incorporati in un file del RESPONSABILE solo quando necessario per gestire la richiesta dell&#8217;UTENTE.<\/p><p><strong>Per quanto tempo conserviamo i tuoi dati personali?<\/strong><\/p><p><strong>Criteri di conservazione dei dati<\/strong>: saranno conservati fino a quando l&#8217;UTENTE non revoca il consenso prestato come indicato in questa informativa sulla privacy.<\/p><p><strong>A chi forniamo i tuoi dati personali?<\/strong><\/p><p><strong>Comunicazione dei dati<\/strong>: le informazioni fornite dall&#8217;UTENTE attraverso i social media del RESPONSABILE, compresi i suoi dati personali, possono essere pubblicate, sempre in base ai servizi utilizzati dall&#8217;UTENTE, e potrebbero quindi essere rese disponibili al pubblico di altri utenti dei social media. Dall&#8217;interno del profilo di ciascun social network, l&#8217;UTENTE pu\u00f2 configurare quali informazioni desidera rendere pubbliche in ciascun caso, vedere i permessi concessi, eliminarli o disattivarli, cos\u00ec come qualsiasi applicazione di terze parti che non desidera pi\u00f9 utilizzare.<\/p><p>Non \u00e8 prevista alcuna comunicazione di dati personali a terzi al di fuori del social network, tranne nel caso in cui sia indispensabile per lo sviluppo e l&#8217;esecuzione delle finalit\u00e0 del trattamento, ai nostri fornitori di servizi relativi alle comunicazioni, con i quali il RESPONSABILE ha sottoscritto contratti di riservatezza e di responsabile del trattamento richiesti dalla normativa sulla privacy vigente.<\/p><p><strong>Quali sono i tuoi diritti?<\/strong><br \/><strong>Diritti dell&#8217;UTENTE<\/strong>: possono essere esercitati solo per le informazioni sotto il controllo del TITOLARE.<\/p><ul><li>Diritto di revocare il consenso in qualsiasi momento<\/li><li>Diritto di accesso, rettifica, portabilit\u00e0 e cancellazione dei propri dati, nonch\u00e9 di limitazione o opposizione al loro trattamento<\/li><li>Diritto di presentare reclamo all&#8217;autorit\u00e0 di controllo (www.aepd.es) se ritiene che il trattamento non sia conforme alla normativa vigente<\/li><\/ul><p><strong>Dati di contatto per esercitare i propri diritti<\/strong>:<\/p><p>AVANTCAR IBIZA, SL. Avenida Cala Llonga, 131. Edificio Ibiza, Local 1, &#8211; 07849 Cala Llonga, Santa Eulalia del R\u00edo (Illes Balears). E-mail: <a href=\"mailto:lopd@classbusinessgroup.com\">lopd@classbusinessgroup.com.<\/a><\/p><h4>2. UTILIZZO DEL PROFILO<\/h4><p>Il TITOLARE svolger\u00e0 le seguenti azioni: Accesso alle informazioni pubbliche del profilo<\/p><p>Pubblicazione sul profilo dell&#8217;UTENTE di tutte le informazioni gi\u00e0 pubblicate sul social network del TITOLARE<\/p><p>Invio di messaggi personali e individuali tramite i canali del social network Aggiornamenti dello stato della pagina che verranno pubblicati sul profilo dell&#8217;UTENTE<\/p><p>L&#8217;UTENTE pu\u00f2 sempre controllare le sue connessioni, eliminare i contenuti che non gli interessano pi\u00f9 e limitare con chi condivide le sue connessioni; per farlo deve accedere alle sue impostazioni sulla privacy.<\/p><h4>3. PUBBLICAZIONI<\/h4><p>Una volta che l&#8217;UTENTE diventa follower o si unisce al social network del TITOLARE, pu\u00f2 pubblicare commenti, link, immagini, fotografie o qualsiasi altro tipo di contenuto multimediale supportato dallo stesso. L&#8217;UTENTE, in tutti i casi, deve essere il titolare del contenuto pubblicato, godere dei diritti d&#8217;autore e di propriet\u00e0 intellettuale o avere il consenso delle terze parti interessate.<\/p><p>\u00c8 espressamente vietata qualsiasi pubblicazione sul social network, che siano testi, grafici, fotografie, video, ecc., che minaccino o siano suscettibili di minacciare la moralit\u00e0, l&#8217;etica, il buon gusto o la decorrenza, e\/o che violino o infrangano i diritti di propriet\u00e0 intellettuale o industriale, il diritto d&#8217;immagine o la legge.<\/p><p>In questi casi, il TITOLARE si riserva il diritto di rimuovere immediatamente il contenuto, senza preavviso, e pu\u00f2 richiedere il blocco permanente dell&#8217;UTENTE.<\/p><p>Il TITOLARE non sar\u00e0 responsabile dei contenuti liberamente pubblicati da un UTENTE.<\/p><p>L&#8217;UTENTE deve essere consapevole che le sue pubblicazioni saranno conosciute da altri utenti, ed \u00e8 quindi il principale responsabile della propria privacy.<\/p><p>Le immagini che possono essere pubblicate sul social network non saranno memorizzate in alcun file da parte del TITOLARE, ma rimarranno comunque sul social network.<\/p><h4>4. DATI DEI MINORI O PERSONE CON CAPACIT\u00c0 SPECIALI<\/h4><p>L&#8217;accesso e la registrazione tramite i social network del TITOLARE sono vietati ai minori di 14 anni. Se l&#8217;UTENTE ha capacit\u00e0 speciali, sar\u00e0 necessario l&#8217;intervento del titolare della sua patria potest\u00e0 o tutela, o del suo rappresentante legale tramite documento valido che attesti la rappresentanza.<\/p><p>Il TITOLARE sar\u00e0 espressamente esonerato da qualsiasi responsabilit\u00e0 derivante dall&#8217;uso dei social network da parte di minori o persone con capacit\u00e0 speciali. I social network del TITOLARE non raccolgono consapevolmente alcuna informazione personale sui minori di et\u00e0, pertanto se l&#8217;UTENTE \u00e8 minorenne, non deve registrarsi n\u00e9 utilizzare i social network del TITOLARE, n\u00e9 fornire alcuna informazione personale.<\/p>\t\t\t\t\t\t\t\t<\/div>\n\t\t\t\t<\/div>\n\t\t\t\t\t<\/div>\n\t\t<\/div>\n\t\t\t\t\t<\/div>\n\t\t<\/section>\n\t\t\t\t<\/div>\n\t\t","protected":false},"excerpt":{"rendered":"<p>1. INFORMAZIONI ALL&#8217;UTENTE Chi \u00e8 responsabile del trattamento dei tuoi dati personali? Le aziende di CLASS BUSINESS GROUP sono CORESPONSABILI del trattamento dei dati personali dell&#8217;UTENTE e lo informano che tali dati saranno trattati conformemente a quanto previsto dal Regolamento (UE) 2016\/679, del 27 aprile (GDPR), e dalla Legge Organica 3\/2018, del 5 dicembre (LOPDGDD). [&hellip;]<\/p>\n","protected":false},"author":5,"featured_media":0,"parent":0,"menu_order":0,"comment_status":"closed","ping_status":"closed","template":"elementor_header_footer","meta":{"_acf_changed":false,"footnotes":""},"class_list":["post-6672","page","type-page","status-publish","hentry"],"acf":[],"_links":{"self":[{"href":"https:\/\/www.ibizagocar.com\/it\/wp-json\/wp\/v2\/pages\/6672","targetHints":{"allow":["GET"]}}],"collection":[{"href":"https:\/\/www.ibizagocar.com\/it\/wp-json\/wp\/v2\/pages"}],"about":[{"href":"https:\/\/www.ibizagocar.com\/it\/wp-json\/wp\/v2\/types\/page"}],"author":[{"embeddable":true,"href":"https:\/\/www.ibizagocar.com\/it\/wp-json\/wp\/v2\/users\/5"}],"replies":[{"embeddable":true,"href":"https:\/\/www.ibizagocar.com\/it\/wp-json\/wp\/v2\/comments?post=6672"}],"version-history":[{"count":0,"href":"https:\/\/www.ibizagocar.com\/it\/wp-json\/wp\/v2\/pages\/6672\/revisions"}],"wp:attachment":[{"href":"https:\/\/www.ibizagocar.com\/it\/wp-json\/wp\/v2\/media?parent=6672"}],"curies":[{"name":"wp","href":"https:\/\/api.w.org\/{rel}","templated":true}]}}