{"id":6719,"date":"2024-03-19T08:02:52","date_gmt":"2024-03-19T08:02:52","guid":{"rendered":"https:\/\/ibizagocar.com\/?page_id=6719"},"modified":"2024-03-19T08:07:03","modified_gmt":"2024-03-19T08:07:03","slug":"informativa-sui-cookie","status":"publish","type":"page","link":"https:\/\/www.ibizagocar.com\/it\/informativa-sui-cookie\/","title":{"rendered":"Informativa sui cookie"},"content":{"rendered":"\t\t<div data-elementor-type=\"wp-page\" data-elementor-id=\"6719\" class=\"elementor elementor-6719 elementor-6708\" data-elementor-post-type=\"page\">\n\t\t\t\t\t\t<section class=\"elementor-section elementor-top-section elementor-element elementor-element-782d329 elementor-section-boxed elementor-section-height-default elementor-section-height-default\" data-id=\"782d329\" data-element_type=\"section\" data-e-type=\"section\">\n\t\t\t\t\t\t<div class=\"elementor-container elementor-column-gap-default\">\n\t\t\t\t\t<div class=\"elementor-column elementor-col-100 elementor-top-column elementor-element elementor-element-63990f4\" data-id=\"63990f4\" data-element_type=\"column\" data-e-type=\"column\">\n\t\t\t<div class=\"elementor-widget-wrap elementor-element-populated\">\n\t\t\t\t\t\t<div class=\"elementor-element elementor-element-fe3995a elementor-widget elementor-widget-text-editor\" data-id=\"fe3995a\" data-element_type=\"widget\" data-e-type=\"widget\" data-widget_type=\"text-editor.default\">\n\t\t\t\t<div class=\"elementor-widget-container\">\n\t\t\t\t\t\t\t\t\t<h5>INFORMAZIONI SULL&#8217;UTILIZZO DEI COOKIE<\/h5><p>Conformemente alla Legge 34\/2002, dell&#8217;11 luglio, sui servizi della societ\u00e0 dell&#8217;informazione e del commercio elettronico (LSSI), in relazione al Regolamento (UE) 2016\/679 del Parlamento europeo e del Consiglio, del 27 aprile 2016, relativo alla protezione delle persone fisiche con riguardo al trattamento dei dati personali (GDPR) e alla Legge organica 3\/2018, del 5 dicembre, sulla protezione dei dati personali e delle garanzie dei diritti digitali (LOPDGDD), \u00e8 necessario ottenere il consenso esplicito dell&#8217;utente di tutte le pagine web che utilizzano cookie non essenziali prima che questi vi navighino.<\/p><h5>CHE COSA SONO I COOKIE?<\/h5><p>I <em>cookie<\/em> e altre tecnologie simili come oggetti locali condivisi, <em>cookie<\/em> flash o pixel, sono strumenti utilizzati dai server Web per memorizzare e recuperare informazioni sui propri visitatori, nonch\u00e9 per garantire il corretto funzionamento del sito.<\/p><p>L&#8217;uso di questi dispositivi consente al server Web di memorizzare alcuni dati relativi all&#8217;utente, come le sue preferenze per la visualizzazione delle pagine di quel server, nome e password, prodotti di maggiore interesse, eccetera.<\/p><h5><em>COOKIE<\/em> INTERESSATI DALLA NORMATIVA E COOKIE ESCLUSE<\/h5><p>Secondo la direttiva dell&#8217;UE, i <em>cookie<\/em> che richiedono il consenso informato dell&#8217;utente sono i <em>cookie<\/em> analitici e quelli pubblicitari e di affiliazione, mentre sono escluse quelle di carattere tecnico e necessarie per il funzionamento del sito web o la fornitura di servizi espressamente richiesti dall&#8217;utente.<\/p><h5>TIPI DI COOKIE<\/h5><p><strong>IN BASE ALLA FINALIT\u00c0<\/strong><\/p><ul><li><strong><em>Cookie<\/em> tecnici e funzionali<\/strong>: consentono all&#8217;utente la navigazione attraverso un sito web, piattaforma o applicazione e l&#8217;utilizzo delle diverse opzioni o servizi presenti al suo interno.<\/li><li><strong><em>Cookie<\/em> analitici<\/strong>: consentono al responsabile di tracciare e analizzare il comportamento degli utenti dei siti web a cui sono collegati. Le informazioni raccolte tramite questo tipo di <em>cookie<\/em> vengono utilizzate per misurare l&#8217;attivit\u00e0 dei siti web, delle applicazioni o delle piattaforme e per elaborare profili di navigazione degli utenti di tali siti, applicazioni e piattaforme, al fine di apportare miglioramenti in base all&#8217;analisi dei dati di utilizzo effettuata dagli utenti del servizio.<\/li><li><strong><em>Cookie<\/em> pubblicitari<\/strong>: consentono la gestione, nel modo pi\u00f9 efficace possibile, degli spazi pubblicitari che l&#8217;editore ha incluso, se del caso, in un sito web, un&#8217;applicazione o una piattaforma da cui offre il servizio richiesto, in base a criteri come il contenuto modificato o la frequenza con cui vengono visualizzati gli annunci.<\/li><li><strong><em>Cookie<\/em> pubblicitari comportamentali<\/strong>: raccolgono informazioni sulle preferenze e sulle scelte personali dell&#8217;utente (retargeting) per consentire la gestione, nel modo pi\u00f9 efficace possibile, degli spazi pubblicitari che l&#8217;editore ha incluso, se del caso, in un sito web, un&#8217;applicazione o una piattaforma da cui offre il servizio richiesto.<\/li><li><strong><em>Cookie<\/em> sociali<\/strong>: vengono impostati dalle piattaforme dei social media nei servizi per consentire di condividere contenuti con amici e reti. Le piattaforme dei social media hanno la capacit\u00e0 di tracciare la tua attivit\u00e0 online al di fuori dei Servizi. Ci\u00f2 pu\u00f2 influenzare i contenuti e i messaggi che visualizzi su altri servizi che visiti.<\/li><li><strong><em>Cookie<\/em> di affiliazione<\/strong>: consentono di tracciare le visite provenienti da altri siti web, con i quali il sito web stabilisce un contratto di affiliazione (societ\u00e0 di affiliazione).<\/li><li><strong><em>Cookie<\/em> di sicurezza<\/strong>: memorizzano informazioni crittografate per evitare che i dati in esse contenuti siano vulnerabili a attacchi malevoli da parte di terzi.<\/li><\/ul><h6>IN BASE ALLA PROPRIET\u00c0<\/h6><ul><li><strong><em>Cookie<\/em> propri<\/strong>: sono quelli inviati al terminale dell&#8217;utente da un dispositivo o dominio gestito direttamente dall&#8217;editore e da cui viene fornito il servizio richiesto dall&#8217;utente.<\/li><li><strong><em>Cookie<\/em> di terze parti<\/strong>: sono quelli inviati al terminale dell&#8217;utente da un dispositivo o dominio che non \u00e8 gestito dall&#8217;editore, ma da un&#8217;altra entit\u00e0 che tratta i dati ottenuti tramite i cookie.<\/li><\/ul><h6>IN BASE AL TEMPO DI CONSERVAZIONE<\/h6><ul><li><strong><em>Cookie<\/em> di sessione<\/strong>: sono un tipo di <em>cookie<\/em> progettato per raccogliere e memorizzare dati mentre l&#8217;utente accede a un sito web.<\/li><li><strong><em>Cookie<\/em> persistenti<\/strong>: sono un tipo di cookie in cui i dati rimangono memorizzati nel terminale e possono essere accessibili e trattati per un periodo definito dal responsabile del <em>cookie<\/em>, che pu\u00f2 variare da alcuni minuti a diversi anni.<\/li><\/ul><h5>TRATTAMENTO DEI DATI PERSONALI<\/h5><p>AVANTCAR IBIZA, SL \u00e8 il <strong>Responsabile del trattamento<\/strong> dei dati personali dell&#8217;<strong>Interessato<\/strong> e lo informa che tali dati saranno trattati in conformit\u00e0 a quanto previsto dal Regolamento (UE) 2016\/679, del 27 aprile 2016 (GDPR), pertanto viene fornita informazioni di seguito sul trattamento:<\/p><p><strong>Finalit\u00e0 del trattamento:<\/strong> come specificato nella sezione dei <em>cookie<\/em> utilizzati su questo sito web.<\/p><p><strong>Legittimit\u00e0 del trattamento<\/strong>: tranne nei casi in cui sia necessario per la navigazione sul sito web, per consenso dell&#8217;interessato (art. 6.1.a GDPR).<\/p><p><strong>Criteri di conservazione dei dati<\/strong>: come specificato nella sezione dei <em>cookie<\/em> utilizzati sul sito web.<\/p><p><strong>Comunicazione dei dati<\/strong>: i dati non verranno comunicati a terzi, tranne che per i <em>cookie<\/em> di terze parti o per obblighi di legge.<\/p><h5>Diritti dell&#8217;Interessato:<\/h5><ul><li>Diritto di revocare il consenso in qualsiasi momento.<\/li><li>Diritto di accesso, rettifica, portabilit\u00e0 e cancellazione dei propri dati, e di limitazione o opposizione al loro trattamento.<\/li><li>Diritto di presentare reclamo all&#8217;Autorit\u00e0 di controllo (www.aepd.es) se si ritiene che il trattamento non sia conforme alla normativa.<\/li><\/ul><h5>Dati di contatto per esercitare i propri diritti:<\/h5><p>AVANTCAR IBIZA, SL. Avenida Cala Llonga, 131. Edificio Ibiza, Local 1, &#8211; 07849 Cala Llonga, Santa Eulalia del R\u00edo (Illes Balears). E-mail: <a href=\"mailto:lopd@classbusinessgroup.com\">lopd@classbusinessgroup.com<\/a><\/p><h5>COOKIE UTILIZZATI IN QUESTO SITO WEB<\/h5><p><strong>COOKIE CONTROLLATI DALL&#8217;EDITORE<\/strong><\/p><p><strong>Tecnici e funzionali<\/strong><\/p><table><tbody><tr><td><strong>Propriet\u00e0<\/strong><\/td><td><strong>Cookie<\/strong><\/td><td><strong>Scopo<\/strong><\/td><td><strong>Scadenza<\/strong><\/td><\/tr><tr><td><p><strong>\u00a0<\/strong><\/p><p>classrentacar.es<\/p><\/td><td><p><strong>\u00a0<\/strong><\/p><p><strong>_ga_0VMN8J7SGC<\/strong><\/p><\/td><td>Cookie necessario per l&#8217;utilizzo delle opzioni e dei servizi del sito web<\/td><td><p><strong>\u00a0<\/strong><\/p><p>tra un anno<\/p><\/td><\/tr><tr><td><p><strong>\u00a0<\/strong><\/p><p>google.com<\/p><\/td><td><p><strong>\u00a0<\/strong><\/p><p><strong><u>\u00a0<\/u><\/strong><strong><u>\u00a0\u00a0\u00a0 <\/u><\/strong><strong>Secure-ENID<\/strong><\/p><\/td><td>Cookie necessario per l&#8217;utilizzo delle opzioni e dei servizi del sito web<\/td><td><p><strong>\u00a0<\/strong><\/p><p>tra un anno<\/p><\/td><\/tr><tr><td><p><strong>\u00a0<\/strong><\/p><p>google.com<\/p><\/td><td><p><strong>\u00a0<\/strong><\/p><p><strong>_GRECAPTCHA<\/strong><\/p><\/td><td>Cookie necessario per l&#8217;utilizzo delle opzioni e dei servizi del sito web<\/td><td><p><strong>\u00a0<\/strong><\/p><p>tra 6 mesi<\/p><\/td><\/tr><tr><td><p><strong>\u00a0<\/strong><\/p><p>google.com<\/p><\/td><td><p><strong>\u00a0<\/strong><\/p><p><strong>AEC<\/strong><\/p><\/td><td>Cookie necessario per l&#8217;utilizzo delle opzioni e dei servizi del sito web<\/td><td><p><strong>\u00a0<\/strong><\/p><p>tra 6 mesi<\/p><\/td><\/tr><tr><td>Google<\/td><td><strong>CONSENT<\/strong><\/td><td>Tracker del consenso ai cookie di Google<\/td><td>tra un anno<\/td><\/tr><tr><td><p><strong>\u00a0<\/strong><\/p><p>google.com<\/p><\/td><td><p><strong>\u00a0<\/strong><\/p><p><strong>SOCS<\/strong><\/p><\/td><td>Cookie necessario per l&#8217;utilizzo delle opzioni e dei servizi del sito web<\/td><td><p><strong>\u00a0<\/strong><\/p><p>tra un anno<\/p><\/td><\/tr><tr><td><p><strong>\u00a0<\/strong><\/p><p>ibizagocar.com<\/p><\/td><td><strong>_ga_V0C7ZLREW S<\/strong><\/td><td>Cookie necessario per l&#8217;utilizzo delle opzioni e dei servizi del sito web<\/td><td><p><strong>\u00a0<\/strong><\/p><p>tra un anno<\/p><\/td><\/tr><tr><td><p><strong>\u00a0<\/strong><\/p><p>ibizagocar.com<\/p><\/td><td><p><strong>\u00a0<\/strong><\/p><p><strong>hidecta<\/strong><\/p><\/td><td>Cookie necessario per l&#8217;utilizzo delle opzioni e dei servizi del sito web<\/td><td><p><strong>\u00a0<\/strong><\/p><p>tra 22 giorni<\/p><\/td><\/tr><tr><td><p><strong>\u00a0<\/strong><\/p><p>ibizagocar.com<\/p><\/td><td><strong>moove_gdpr_pop up<\/strong><\/td><td>Cookie necessario per l&#8217;utilizzo delle opzioni e dei servizi del sito web<\/td><td><p><strong>\u00a0<\/strong><\/p><p>tra un anno<\/p><\/td><\/tr><tr><td><p><strong>\u00a0<\/strong><\/p><p><strong>\u00a0<\/strong><\/p><p><strong>\u00a0<\/strong><\/p><p>PHP.net<\/p><\/td><td><p><strong>\u00a0<\/strong><\/p><p><strong>\u00a0<\/strong><\/p><p><strong>\u00a0<\/strong><\/p><p><strong>PHPSESSID<\/strong><\/p><\/td><td>Cookies generate dalle applicazioni basate sul linguaggio PHP. Si tratta di un identificatore generale utilizzato per mantenere le variabili di sessione dell&#8217;utente. Di solito \u00e8 un numero generato casualmente, come viene utilizzato pu\u00f2 essere specifico per il sito, ma un buon esempio \u00e8 il mantenimento di una sessione utente attiva tra le pagine.<\/td><td><p><strong>\u00a0<\/strong><\/p><p><strong>\u00a0<\/strong><\/p><p><strong>\u00a0<\/strong><\/p><p>Sessione<\/p><\/td><\/tr><tr><td>region1.google-analytics.com<\/td><td><p><strong>\u00a0<\/strong><\/p><p><strong>ar_debug<\/strong><\/p><\/td><td>Cookie necessario per l&#8217;utilizzo delle opzioni e dei servizi del sito web<\/td><td><p><strong>\u00a0<\/strong><\/p><p>tra 3 mesi<\/p><\/td><\/tr><\/tbody><\/table><p><strong>Analitiche<\/strong><\/p><table><tbody><tr><td><strong>Propriet\u00e0<\/strong><\/td><td><strong>Cookie<\/strong><\/td><td><strong>Scopo<\/strong><\/td><td><strong>Scadenza<\/strong><\/td><\/tr><tr><td>Google Analytics<\/td><td><strong>_ga<\/strong><\/td><td>ID utilizzato per identificare gli utenti<\/td><td>tra un anno<\/td><\/tr><tr><td><p><strong>\u00a0<\/strong><\/p><p>Google Analytics<\/p><\/td><td><p><strong>\u00a0<\/strong><\/p><p><strong>_gid<\/strong><\/p><\/td><td>ID utilizzato per identificare gli utenti per 24 ore dopo l&#8217;ultima attivit\u00e0<\/td><td><p><strong>\u00a0<\/strong><\/p><p>per un giorno<\/p><\/td><\/tr><tr><td>Google Analytics<\/td><td><strong>_ga<\/strong><\/td><td>ID utilizzato per identificare gli utenti<\/td><td>tra un anno<\/td><\/tr><\/tbody><\/table><p><strong>Pubblicit\u00e0<\/strong><\/p><table><tbody><tr><td><strong>Propriet\u00e0<\/strong><\/td><td><strong>Cookie<\/strong><\/td><td><strong>Scopo<\/strong><\/td><td><strong>Scadenza<\/strong><\/td><\/tr><tr><td><p><strong>\u00a0<\/strong><\/p><p>Google<\/p><\/td><td><p><strong>\u00a0<\/strong><\/p><p><strong>_gcl_au<\/strong><\/p><\/td><td>Utilizzato da Google AdSense per sperimentare con la pubblicit\u00e0 attraverso l&#8217;efficienza dei siti web che utilizzano i suoi servizi.<\/td><td><p><strong>\u00a0<\/strong><\/p><p>entro 3 mesi<\/p><\/td><\/tr><tr><td><p><strong>\u00a0<\/strong><\/p><p>DoubleClick\/Google Marketing<\/p><\/td><td><p><strong>\u00a0<\/strong><\/p><p><strong>IDE<\/strong><\/p><\/td><td>Questo cookie viene utilizzato per il targeting, l&#8217;analisi e l&#8217;ottimizzazione delle campagne pubblicitarie in DoubleClick\/Google Marketing Suite.<\/td><td><p><strong>\u00a0<\/strong><\/p><p>entro un anno<\/p><\/td><\/tr><tr><td><p><strong>\u00a0<\/strong><\/p><p>Google<\/p><\/td><td><p><strong>\u00a0<\/strong><\/p><p><strong>_gcl_au<\/strong><\/p><\/td><td>Utilizzato da Google AdSense per sperimentare con la pubblicit\u00e0 attraverso l&#8217;efficienza dei siti web che utilizzano i suoi servizi.<\/td><td><p><strong>\u00a0<\/strong><\/p><p>entro 3 mesi<\/p><\/td><\/tr><\/tbody><\/table><p><strong>COOKIE DI TERZE PARTI<\/strong><\/p><p>I servizi di terze parti sono al di fuori del controllo dell&#8217;editore. I fornitori possono modificare in qualsiasi momento le loro condizioni di servizio, scopo e utilizzo dei cookie, ecc.<\/p><h5>Fornitori esterni di questo sito web:<\/h5><table><tbody><tr><td><strong>Editore<\/strong><\/td><td><strong>Informativa sulla privacy<\/strong><\/td><\/tr><tr><td>DoubleClick\/Google Marketing<\/td><td><a href=\"https:\/\/privacy.google.com\/take-control.html\" target=\"_blank\" rel=\"noopener\">https:\/\/privacy.google.com\/take-control.html<\/a><\/td><\/tr><tr><td>Google Analytics<\/td><td><a href=\"https:\/\/privacy.google.com\/take-control.html\" target=\"_blank\" rel=\"noopener\">https:\/\/privacy.google.com\/take-control.html<\/a><\/td><\/tr><tr><td>Google<\/td><td><a href=\"https:\/\/privacy.google.com\/take-control.html\" target=\"_blank\" rel=\"noopener\">https:\/\/privacy.google.com\/take-control.html<\/a><\/td><\/tr><tr><td>PHP.net<\/td><td><a href=\"https:\/\/www.php.net\/privacy.php\" target=\"_blank\" rel=\"noopener\">https:\/\/www.php.net\/privacy.php<\/a><\/td><\/tr><tr><td colspan=\"2\"><strong>PANNELLO DI CONFIGURAZIONE DEI COOKIE<\/strong><\/td><\/tr><\/tbody><\/table><p><strong>\u00a0<\/strong>Da questo pannello \u00e8 possibile configurare i cookie che il sito web pu\u00f2 installare sul tuo browser, ad eccezione dei cookie tecnici o funzionali necessari per la navigazione e l&#8217;utilizzo delle diverse opzioni o servizi offerti.<\/p><p><a href=\"#_bookmark0\">Pannello dei cookie<\/a><\/p><table><tbody><tr><td colspan=\"3\"><strong>COME GESTIRE I COOKIE DAL BROWSER<\/strong><\/td><\/tr><tr><td colspan=\"2\"><p>\u00a0<\/p><p><strong>Eliminare i cookie dal dispositivo<\/strong><\/p><\/td><td><p>I cookie gi\u00e0 presenti su un dispositivo possono essere eliminati cancellando la cronologia del browser, eliminando cos\u00ec i cookie di tutti i siti web visitati.<\/p><p>Tuttavia, potresti anche perdere parte delle informazioni memorizzate (ad esempio, i dati di accesso o le preferenze del sito web).<\/p><\/td><\/tr><tr><td colspan=\"2\"><strong>Gestire i cookie specifici del sito<\/strong><\/td><td>Per un controllo pi\u00f9 preciso dei cookie specifici di ciascun sito, gli utenti possono regolare le impostazioni sulla privacy e sui cookie nel browser.<\/td><\/tr><tr><td colspan=\"2\"><p>\u00a0<\/p><p>\u00a0<\/p><p><strong>Bloccare<\/strong> <strong>i<\/strong> <strong>cookie<\/strong><\/p><\/td><td>Anche se la maggior parte dei browser moderni pu\u00f2 essere configurata per impedire l&#8217;installazione di cookie sui dispositivi, ci\u00f2 potrebbe richiedere l&#8217;impostazione manuale di determinate preferenze ogni volta che si visita un sito o una pagina. Inoltre, alcuni servizi e funzionalit\u00e0 potrebbero non funzionare correttamente (ad esempio, l&#8217;accesso con il profilo).<\/td><\/tr><tr><td colspan=\"3\"><strong>COME ELIMINARE I COOKIE DEI BROWSER PI\u00d9 COMUNI<\/strong><\/td><\/tr><tr><td><strong>Chrome<\/strong><\/td><td colspan=\"2\"><a href=\"http:\/\/support.google.com\/chrome\/answer\/95647?hl=it\" target=\"_blank\" rel=\"noopener\">http:\/\/support.google.com\/chrome\/answer\/95647?hl=it<\/a><\/td><\/tr><tr><td><strong>Edge<\/strong><\/td><td colspan=\"2\"><a href=\"https:\/\/support.microsoft.com\/it-it\/microsoft-edge\/eliminar-las-cookies-en-microsoft-edge-63947406-40ac-c3b8-57b9-2a946a29ae09\" target=\"_blank\" rel=\"noopener\">https:\/\/support.microsoft.com\/it-it\/microsoft-edge\/eliminar-las-cookies-en-microsoft-edge-63947406-40ac-c3b8-57b9-2a946a29ae09<\/a><\/td><\/tr><tr><td><strong>Explorer<\/strong><\/td><td colspan=\"2\"><a href=\"https:\/\/support.microsoft.com\/it-it\/help\/278835\/how-to-delete-cookie-files-in-internet-explorer\" target=\"_blank\" rel=\"noopener\">https:\/\/support.microsoft.com\/it-it\/help\/278835\/how-to-delete-cookie-files-in-internet-explorer<\/a><\/td><\/tr><tr><td><strong>Firefox<\/strong><\/td><td colspan=\"2\"><a href=\"https:\/\/www.mozilla.org\/it-IT\/privacy\/websites\/#cookies\" target=\"_blank\" rel=\"noopener\">https:\/\/www.mozilla.org\/it-IT\/privacy\/websites\/#cookies<\/a><\/td><\/tr><tr><td><strong>Safari<\/strong><\/td><td colspan=\"2\"><a href=\"https:\/\/support.apple.com\/it-it\/guide\/safari\/sfri11471\/mac\" target=\"_blank\" rel=\"noopener\">https:\/\/support.apple.com\/it-it\/guide\/safari\/sfri11471\/mac<\/a><\/td><\/tr><tr><td><strong>Opera<\/strong><\/td><td colspan=\"2\"><a href=\"https:\/\/help.opera.com\/en\/latest\/security-and-privacy\/#clearBrowsingData\" target=\"_blank\" rel=\"noopener\">https:\/\/help.opera.com\/en\/latest\/security-and-privacy\/#clearBrowsingData<\/a><\/td><\/tr><\/tbody><\/table>\t\t\t\t\t\t\t\t<\/div>\n\t\t\t\t<\/div>\n\t\t\t\t\t<\/div>\n\t\t<\/div>\n\t\t\t\t\t<\/div>\n\t\t<\/section>\n\t\t\t\t<\/div>\n\t\t","protected":false},"excerpt":{"rendered":"<p>INFORMAZIONI SULL&#8217;UTILIZZO DEI COOKIE Conformemente alla Legge 34\/2002, dell&#8217;11 luglio, sui servizi della societ\u00e0 dell&#8217;informazione e del commercio elettronico (LSSI), in relazione al Regolamento (UE) 2016\/679 del Parlamento europeo e del Consiglio, del 27 aprile 2016, relativo alla protezione delle persone fisiche con riguardo al trattamento dei dati personali (GDPR) e alla Legge organica 3\/2018, [&hellip;]<\/p>\n","protected":false},"author":5,"featured_media":0,"parent":0,"menu_order":0,"comment_status":"closed","ping_status":"closed","template":"elementor_header_footer","meta":{"_acf_changed":false,"footnotes":""},"class_list":["post-6719","page","type-page","status-publish","hentry"],"acf":[],"_links":{"self":[{"href":"https:\/\/www.ibizagocar.com\/it\/wp-json\/wp\/v2\/pages\/6719","targetHints":{"allow":["GET"]}}],"collection":[{"href":"https:\/\/www.ibizagocar.com\/it\/wp-json\/wp\/v2\/pages"}],"about":[{"href":"https:\/\/www.ibizagocar.com\/it\/wp-json\/wp\/v2\/types\/page"}],"author":[{"embeddable":true,"href":"https:\/\/www.ibizagocar.com\/it\/wp-json\/wp\/v2\/users\/5"}],"replies":[{"embeddable":true,"href":"https:\/\/www.ibizagocar.com\/it\/wp-json\/wp\/v2\/comments?post=6719"}],"version-history":[{"count":0,"href":"https:\/\/www.ibizagocar.com\/it\/wp-json\/wp\/v2\/pages\/6719\/revisions"}],"wp:attachment":[{"href":"https:\/\/www.ibizagocar.com\/it\/wp-json\/wp\/v2\/media?parent=6719"}],"curies":[{"name":"wp","href":"https:\/\/api.w.org\/{rel}","templated":true}]}}